{"id":1068,"date":"2025-01-15T17:11:20","date_gmt":"2025-01-15T16:11:20","guid":{"rendered":"http:\/\/breizhtorm.lndo.site\/?page_id=1068"},"modified":"2025-02-06T15:50:51","modified_gmt":"2025-02-06T14:50:51","slug":"services","status":"publish","type":"page","link":"https:\/\/demo.breizhtorm.fr\/glenn\/services\/","title":{"rendered":"Services"},"content":{"rendered":"\n<section class=\"wp-block-bzh-section section pd-t-20 pd-b-40 pd-t-sm-40 pd-b-sm-80 pd-t-md-60 pd-b-md-100\">\n<div class=\"wrapper wrapper-xl wrapper-center\"><div class=\"wp-block-bzh-columns row are-vertically-aligned-top flex-column-mobile\">\n<div class=\"wp-block-bzh-column col col-sm-6\">\n        <h1 class=\"title                 title--underline-green        \">\n        <span style=\"color: #0000ff;\">Branding<\/span> <br \/>et <span style=\"color: #0000ff;\">Neuromarketing<\/span> :<br \/>les piliers d\u2019une <br \/>communication <br \/><span class=\"underline\">durable.<\/span>        <\/h1>\n        \n\n\n<div class=\"wp-block-bzh-brick brick pd-t-20 pd-t-sm-40 pd-t-md-60\"><div class=\"brick__content\">\n<p>Avoir un discours solide, ancr\u00e9 dans de r\u00e9elles valeurs, et savoir comment fonctionne le cerveau humain (en partie du moins) me semble aujourd\u2019hui \u00eatre les piliers essentiels de toute strat\u00e9gie de communication.<br>Convaincu, comme Spinoza, que les \u00e9motions pr\u00e9valent sur la raison, <br><strong>je d\u00e9fends une communication authentique, construite pour faire vibrer une audience et actionner des d\u00e9clencheurs.<\/strong><\/p>\n<\/div><\/div>\n<\/div>\n\n\n\n<div class=\"wp-block-bzh-column col col-sm-6\">\n        <div class=\"head-img head-img--up\">\n            <figure class=\"head-img__figure\">\n                <img decoding=\"async\" src=\"https:\/\/demo.breizhtorm.fr\/glenn\/wp-content\/uploads\/2025\/01\/branding-neuromarketing.jpg\">\n            <\/figure>\n        <\/div>\n\n        <\/div>\n<\/div><\/div>\n<\/section>\n\n\n\n<section class=\"wp-block-bzh-section section pd-t-40 pd-b-40 pd-t-sm-80 pd-b-sm-80 pd-t-md-100 pd-b-md-100 has-gradient-1\">\n<div class=\"wrapper wrapper-xl wrapper-center\"><div class=\"wp-block-bzh-columns row are-vertically-aligned-center flex-column-mobile gap-sm-50 gap-md-100\">\n<div class=\"wp-block-bzh-column col col-sm-6\">\n<div class=\"wp-block-bzh-animate animate aos-init\" data-aos=\"fade-right\" data-aos-offset=\"120\" data-aos-delay=\"100\" data-aos-duration=\"600\" data-aos-easing=\"ease\" data-aos-once=\"true\" data-aos-anchor-placement=\"center-bottom\">\n<figure class=\"wp-block-image size-full\"><img loading=\"lazy\" decoding=\"async\" width=\"1184\" height=\"822\" src=\"http:\/\/breizhtorm.lndo.site\/wp-content\/uploads\/2025\/01\/glenn-branding.png\" alt=\"\" class=\"wp-image-1184\" srcset=\"https:\/\/demo.breizhtorm.fr\/glenn\/wp-content\/uploads\/2025\/01\/glenn-branding.png 1184w, https:\/\/demo.breizhtorm.fr\/glenn\/wp-content\/uploads\/2025\/01\/glenn-branding-250x174.png 250w, https:\/\/demo.breizhtorm.fr\/glenn\/wp-content\/uploads\/2025\/01\/glenn-branding-700x486.png 700w, https:\/\/demo.breizhtorm.fr\/glenn\/wp-content\/uploads\/2025\/01\/glenn-branding-768x533.png 768w, https:\/\/demo.breizhtorm.fr\/glenn\/wp-content\/uploads\/2025\/01\/glenn-branding-120x83.png 120w\" sizes=\"auto, (max-width: 1184px) 100vw, 1184px\" \/><\/figure>\n<\/div>\n<\/div>\n\n\n\n<div class=\"wp-block-bzh-column col col-sm-6\">\n<div class=\"wp-block-bzh-brick brick pd-t-40 pd-b-20\"><div class=\"brick__content\">\n<h2 class=\"wp-block-heading\">Branding<\/h2>\n\n\n\n<p>Amenez votre marque ou votre entreprise \u00e0 un niveau de communication sup\u00e9rieur avec le Branding. L\u2019art d\u2019aligner votre image et votre public pour faciliter une croissance organique.<\/p>\n\n\n\n<ul class=\"wp-block-list\">\n<li><strong>Comment \u00eatre unique<\/strong><\/li>\n\n\n\n<li><strong>Comment attirer des clients<\/strong><\/li>\n\n\n\n<li><strong>Comment fid\u00e9liser ses talents<\/strong><\/li>\n\n\n\n<li><strong>Comment effacer la concurrence<\/strong><\/li>\n<\/ul>\n<\/div><\/div>\n\n\n\n<div class=\"wp-block-bzh-button btn btn--left\"><a class=\"btn__link  has-color-2-background-color  has-white-hover-background-color  has-color-1-color  has-color-1-hover-color  has-color-2-border-color  has-color-2-hover-border-color\" href=\"http:\/\/demo.breizhtorm.fr\/glenn\/services\/revelez-votre-adn-de-marque\/\">D\u00e9couvrez le concept align\u00e9<\/a><\/div>\n<\/div>\n<\/div><\/div>\n<\/section>\n\n\n\n<section class=\"wp-block-bzh-section section pd-t-40 pd-b-40 pd-t-sm-80 pd-b-sm-80 pd-t-md-100 pd-b-md-100\">\n<div class=\"wrapper wrapper-xl wrapper-center\"><div class=\"wp-block-bzh-columns row are-vertically-aligned-center flex-column-mobile gap-sm-50 gap-md-100\">\n<div class=\"wp-block-bzh-column col col-sm-6\">\n<div class=\"wp-block-bzh-brick brick pd-t-40 pd-b-20\"><div class=\"brick__content\">\n<h2 class=\"wp-block-heading\">Neuromarketing<\/h2>\n\n\n\n<p>Les r\u00e9centes avanc\u00e9es en mati\u00e8re de science cognitives nous donnent certaines clefs pour comprendre les comportements des consommateurs. Apprenez \u00e0 les utiliser pour booster vos offres.<\/p>\n\n\n\n<ul class=\"wp-block-list\">\n<li><strong>Comment f\u00e9d\u00e9rer avec un discours<\/strong><\/li>\n\n\n\n<li><strong>Comment vendre mieux<\/strong><\/li>\n\n\n\n<li><strong>Comment orienter un choix<\/strong><\/li>\n\n\n\n<li><strong>Comment augmenter son CA<\/strong><\/li>\n<\/ul>\n<\/div><\/div>\n\n\n\n<div class=\"wp-block-bzh-button btn btn--left\"><a class=\"btn__link  has-color-2-background-color  has-white-hover-background-color  has-color-1-color  has-color-1-hover-color  has-color-2-border-color  has-color-2-hover-border-color\" href=\"http:\/\/demo.breizhtorm.fr\/glenn\/services\/ameliorez-vos-supports\/\">Voir les services de NeuroMarketing<\/a><\/div>\n<\/div>\n\n\n\n<div class=\"wp-block-bzh-column col col-sm-6\">\n<div class=\"wp-block-bzh-animate animate aos-init\" data-aos=\"fade-left\" data-aos-offset=\"120\" data-aos-delay=\"100\" data-aos-duration=\"600\" data-aos-easing=\"ease\" data-aos-once=\"true\" data-aos-anchor-placement=\"center-bottom\">\n<figure class=\"wp-block-image size-full\"><img loading=\"lazy\" decoding=\"async\" width=\"1160\" height=\"815\" src=\"http:\/\/breizhtorm.lndo.site\/wp-content\/uploads\/2025\/01\/glenn-neuromarketing.png\" alt=\"\" class=\"wp-image-1192\" srcset=\"https:\/\/demo.breizhtorm.fr\/glenn\/wp-content\/uploads\/2025\/01\/glenn-neuromarketing.png 1160w, https:\/\/demo.breizhtorm.fr\/glenn\/wp-content\/uploads\/2025\/01\/glenn-neuromarketing-250x176.png 250w, https:\/\/demo.breizhtorm.fr\/glenn\/wp-content\/uploads\/2025\/01\/glenn-neuromarketing-700x492.png 700w, https:\/\/demo.breizhtorm.fr\/glenn\/wp-content\/uploads\/2025\/01\/glenn-neuromarketing-768x540.png 768w, https:\/\/demo.breizhtorm.fr\/glenn\/wp-content\/uploads\/2025\/01\/glenn-neuromarketing-120x84.png 120w\" sizes=\"auto, (max-width: 1160px) 100vw, 1160px\" \/><\/figure>\n<\/div>\n<\/div>\n<\/div><\/div>\n<\/section>\n\n\n\n<section class=\"wp-block-bzh-section section pd-t-40 pd-b-40 pd-t-sm-80 pd-b-sm-80 pd-t-md-100 pd-b-md-100 has-gradient-1\">\n<div class=\"wrapper wrapper-xl wrapper-center\"><div class=\"wp-block-bzh-columns row are-vertically-aligned-center flex-column-mobile gap-sm-50 gap-md-100\">\n<div class=\"wp-block-bzh-column col col-sm-6\">\n<div class=\"wp-block-bzh-animate animate aos-init\" data-aos=\"fade-right\" data-aos-offset=\"120\" data-aos-delay=\"100\" data-aos-duration=\"600\" data-aos-easing=\"ease\" data-aos-once=\"true\" data-aos-anchor-placement=\"center-bottom\">\n<figure class=\"wp-block-image size-full\"><img loading=\"lazy\" decoding=\"async\" width=\"992\" height=\"541\" src=\"http:\/\/breizhtorm.lndo.site\/wp-content\/uploads\/2025\/01\/glenn-innovation.png\" alt=\"\" class=\"wp-image-1203\" srcset=\"https:\/\/demo.breizhtorm.fr\/glenn\/wp-content\/uploads\/2025\/01\/glenn-innovation.png 992w, https:\/\/demo.breizhtorm.fr\/glenn\/wp-content\/uploads\/2025\/01\/glenn-innovation-250x136.png 250w, https:\/\/demo.breizhtorm.fr\/glenn\/wp-content\/uploads\/2025\/01\/glenn-innovation-700x382.png 700w, https:\/\/demo.breizhtorm.fr\/glenn\/wp-content\/uploads\/2025\/01\/glenn-innovation-768x419.png 768w, https:\/\/demo.breizhtorm.fr\/glenn\/wp-content\/uploads\/2025\/01\/glenn-innovation-120x65.png 120w\" sizes=\"auto, (max-width: 992px) 100vw, 992px\" \/><\/figure>\n<\/div>\n<\/div>\n\n\n\n<div class=\"wp-block-bzh-column col col-sm-6\">\n<div class=\"wp-block-bzh-brick brick pd-t-40 pd-b-20\"><div class=\"brick__content\">\n<h2 class=\"wp-block-heading\">Innovation<\/h2>\n\n\n\n<p>Gestion de projet, hackathon ou Start Up Week End, en solo ou en \u00e9quipe, le pilotage de l\u2019innovation vous permet de relever des d\u00e9fis et d\u2019anticiper les changements.<\/p>\n\n\n\n<ul class=\"wp-block-list\">\n<li><strong>Pr\u00e9parer des situations de crise<\/strong><\/li>\n\n\n\n<li><strong>D\u00e9passer ses limites<\/strong><\/li>\n\n\n\n<li><strong>Trouver des solutions originales<\/strong><\/li>\n\n\n\n<li><strong>R\u00e9pondre aux attentes du march\u00e9<\/strong><\/li>\n<\/ul>\n<\/div><\/div>\n\n\n\n<div class=\"wp-block-bzh-button btn btn--left\"><a class=\"btn__link  has-color-2-background-color  has-white-hover-background-color  has-color-1-color  has-color-1-hover-color  has-color-2-border-color  has-color-2-hover-border-color\" href=\"http:\/\/demo.breizhtorm.fr\/glenn\/services\/vivez-votre-hackathon\/\">Vivez votre hackathon<\/a><\/div>\n<\/div>\n<\/div><\/div>\n<\/section>\n\n\n\n<section class=\"wp-block-bzh-section section pd-t-40 pd-b-40 pd-t-sm-60 pd-b-sm-80 pd-t-md-80 pd-b-md-100 has-color-4-background-color has-background\">\n<div class=\"wrapper wrapper-xl wrapper-center\"><div class=\"wp-block-bzh-columns row are-vertically-aligned-top flex-column-mobile\">\n<div class=\"wp-block-bzh-column col\">\n        <h2 class=\"title                 title--underline-blue         has-text-align-center\">\n        Ils me font <span class=\"circle\">confiance<\/span>        <\/h2>\n        <\/div>\n<\/div><\/div>\n\n\n\n<div class=\"wp-block-bzh-brick brick pd-t-40 pd-t-sm-60 pd-t-md-80\"><div class=\"brick__content\">\n<div class=\"wrapper wrapper-xl wrapper-center\"><div class=\"wp-block-bzh-columns row are-vertically-aligned-full flex-column-mobile gap-sm-40 gap-md-80\">\n<div class=\"wp-block-bzh-column col col-sm-4\">\n        <div class=\"thought\">\n            <figure class=\"thought__figure\">\n                <img decoding=\"async\" class=\"thought__stars\" src=\"https:\/\/demo.breizhtorm.fr\/glenn\/wp-content\/themes\/glenn\/assets\/images\/5stars.png\" >\n            <\/figure>\n            <div class=\"thought__text\">\n                <p>\u201cAccueil tr\u00e8s sympathique ,Glenn est \u00e0 l&rsquo;\u00e9coute du projet et j&rsquo;ai toute confiance en sa cr\u00e9ativit\u00e9.<br \/>Il connait parfaitement les tendances actuelles de communication et sait me conseiller en terme de strat\u00e9gie.\u201d<\/p>\n            <\/div>\n            <div class=\"thought__signature\">\n                <p class=\"thought__name\">C\u00e9line Verger<\/p>\n                <p class=\"thought__company\"><strong><\/strong><\/p>\n            <\/div>\n        <\/div>\n\n        \n\n\n<div class=\"wp-block-bzh-animate animate aos-init\" data-aos=\"fade-right\" data-aos-offset=\"120\" data-aos-delay=\"100\" data-aos-duration=\"600\" data-aos-easing=\"ease\" data-aos-once=\"true\" data-aos-anchor-placement=\"center-bottom\"><\/div>\n<\/div>\n\n\n\n<div class=\"wp-block-bzh-column col col-sm-4\">\n        <div class=\"thought\">\n            <figure class=\"thought__figure\">\n                <img decoding=\"async\" class=\"thought__stars\" src=\"https:\/\/demo.breizhtorm.fr\/glenn\/wp-content\/themes\/glenn\/assets\/images\/5stars.png\" >\n            <\/figure>\n            <div class=\"thought__text\">\n                <p>\u201cUn grand merci \u00e0 Glenn pour son accompagnement dans la formalisation de ma communication. En plus de son \u00e9coute et de ses conseils, avec lui, vous n&rsquo;avez pas le temps de vous endormir. Un vrai coach !\u201d<\/p>\n            <\/div>\n            <div class=\"thought__signature\">\n                <p class=\"thought__name\">Adeline Collay<\/p>\n                <p class=\"thought__company\"><strong><\/strong><\/p>\n            <\/div>\n        <\/div>\n\n        \n\n\n<div class=\"wp-block-bzh-animate animate aos-init\" data-aos=\"fade-up\" data-aos-offset=\"120\" data-aos-delay=\"100\" data-aos-duration=\"600\" data-aos-easing=\"ease\" data-aos-once=\"true\" data-aos-anchor-placement=\"center-bottom\"><\/div>\n<\/div>\n\n\n\n<div class=\"wp-block-bzh-column col col-sm-4\">\n        <div class=\"thought\">\n            <figure class=\"thought__figure\">\n                <img decoding=\"async\" class=\"thought__stars\" src=\"https:\/\/demo.breizhtorm.fr\/glenn\/wp-content\/themes\/glenn\/assets\/images\/5stars.png\" >\n            <\/figure>\n            <div class=\"thought__text\">\n                <p>\u201cJuste g\u00e9nial<br \/>Vraiment heureux du rendu \ud83d\ude42<br \/>Glenn \u00e0 la capacit\u00e9 de capter les informations et de les concr\u00e9tiser c&rsquo;est presque de la magie.\u201d<\/p>\n            <\/div>\n            <div class=\"thought__signature\">\n                <p class=\"thought__name\">Andreas<\/p>\n                <p class=\"thought__company\"><strong><\/strong><\/p>\n            <\/div>\n        <\/div>\n\n        \n\n\n<div class=\"wp-block-bzh-animate animate aos-init\" data-aos=\"fade-left\" data-aos-offset=\"120\" data-aos-delay=\"100\" data-aos-duration=\"600\" data-aos-easing=\"ease\" data-aos-once=\"true\" data-aos-anchor-placement=\"center-bottom\"><\/div>\n<\/div>\n<\/div><\/div>\n<\/div><\/div>\n<\/section>\n","protected":false},"excerpt":{"rendered":"","protected":false},"author":1,"featured_media":0,"parent":0,"menu_order":0,"comment_status":"closed","ping_status":"closed","template":"","meta":{"footnotes":""},"class_list":["post-1068","page","type-page","status-publish","hentry"],"yoast_head":"<!-- This site is optimized with the Yoast SEO plugin v24.4 - https:\/\/yoast.com\/wordpress\/plugins\/seo\/ -->\n<title>Services - Glenn.bzh<\/title>\n<meta name=\"robots\" content=\"noindex, follow, max-snippet:-1, max-image-preview:large, max-video-preview:-1\" \/>\n<meta property=\"og:locale\" content=\"fr_FR\" \/>\n<meta property=\"og:type\" content=\"article\" \/>\n<meta property=\"og:title\" content=\"Services - Glenn.bzh\" \/>\n<meta property=\"og:url\" content=\"https:\/\/demo.breizhtorm.fr\/glenn\/services\/\" \/>\n<meta property=\"og:site_name\" content=\"Glenn.bzh\" \/>\n<meta property=\"article:modified_time\" content=\"2025-02-06T14:50:51+00:00\" \/>\n<meta property=\"og:image\" content=\"http:\/\/breizhtorm.lndo.site\/wp-content\/uploads\/2025\/01\/glenn-branding.png\" \/>\n<meta name=\"twitter:card\" content=\"summary_large_image\" \/>\n<meta name=\"twitter:label1\" content=\"Dur\u00e9e de lecture estim\u00e9e\" \/>\n\t<meta name=\"twitter:data1\" content=\"2 minutes\" \/>\n<script type=\"application\/ld+json\" class=\"yoast-schema-graph\">{\"@context\":\"https:\/\/schema.org\",\"@graph\":[{\"@type\":\"WebPage\",\"@id\":\"https:\/\/demo.breizhtorm.fr\/glenn\/services\/\",\"url\":\"https:\/\/demo.breizhtorm.fr\/glenn\/services\/\",\"name\":\"Services - Glenn.bzh\",\"isPartOf\":{\"@id\":\"https:\/\/demo.breizhtorm.fr\/glenn\/#website\"},\"primaryImageOfPage\":{\"@id\":\"https:\/\/demo.breizhtorm.fr\/glenn\/services\/#primaryimage\"},\"image\":{\"@id\":\"https:\/\/demo.breizhtorm.fr\/glenn\/services\/#primaryimage\"},\"thumbnailUrl\":\"http:\/\/breizhtorm.lndo.site\/wp-content\/uploads\/2025\/01\/glenn-branding.png\",\"datePublished\":\"2025-01-15T16:11:20+00:00\",\"dateModified\":\"2025-02-06T14:50:51+00:00\",\"breadcrumb\":{\"@id\":\"https:\/\/demo.breizhtorm.fr\/glenn\/services\/#breadcrumb\"},\"inLanguage\":\"fr-FR\",\"potentialAction\":[{\"@type\":\"ReadAction\",\"target\":[\"https:\/\/demo.breizhtorm.fr\/glenn\/services\/\"]}]},{\"@type\":\"ImageObject\",\"inLanguage\":\"fr-FR\",\"@id\":\"https:\/\/demo.breizhtorm.fr\/glenn\/services\/#primaryimage\",\"url\":\"http:\/\/breizhtorm.lndo.site\/wp-content\/uploads\/2025\/01\/glenn-branding.png\",\"contentUrl\":\"http:\/\/breizhtorm.lndo.site\/wp-content\/uploads\/2025\/01\/glenn-branding.png\"},{\"@type\":\"BreadcrumbList\",\"@id\":\"https:\/\/demo.breizhtorm.fr\/glenn\/services\/#breadcrumb\",\"itemListElement\":[{\"@type\":\"ListItem\",\"position\":1,\"name\":\"Accueil\",\"item\":\"https:\/\/demo.breizhtorm.fr\/glenn\/\"},{\"@type\":\"ListItem\",\"position\":2,\"name\":\"Services\"}]},{\"@type\":\"WebSite\",\"@id\":\"https:\/\/demo.breizhtorm.fr\/glenn\/#website\",\"url\":\"https:\/\/demo.breizhtorm.fr\/glenn\/\",\"name\":\"Breizhtorm\",\"description\":\"\",\"publisher\":{\"@id\":\"https:\/\/demo.breizhtorm.fr\/glenn\/#organization\"},\"potentialAction\":[{\"@type\":\"SearchAction\",\"target\":{\"@type\":\"EntryPoint\",\"urlTemplate\":\"https:\/\/demo.breizhtorm.fr\/glenn\/?s={search_term_string}\"},\"query-input\":{\"@type\":\"PropertyValueSpecification\",\"valueRequired\":true,\"valueName\":\"search_term_string\"}}],\"inLanguage\":\"fr-FR\"},{\"@type\":\"Organization\",\"@id\":\"https:\/\/demo.breizhtorm.fr\/glenn\/#organization\",\"name\":\"Breizhtorm\",\"url\":\"https:\/\/demo.breizhtorm.fr\/glenn\/\",\"logo\":{\"@type\":\"ImageObject\",\"inLanguage\":\"fr-FR\",\"@id\":\"https:\/\/demo.breizhtorm.fr\/glenn\/#\/schema\/logo\/image\/\",\"url\":\"https:\/\/demo.breizhtorm.fr\/glenn\/wp-content\/uploads\/2025\/01\/Logo_glenn-bzh.png\",\"contentUrl\":\"https:\/\/demo.breizhtorm.fr\/glenn\/wp-content\/uploads\/2025\/01\/Logo_glenn-bzh.png\",\"width\":515,\"height\":91,\"caption\":\"Breizhtorm\"},\"image\":{\"@id\":\"https:\/\/demo.breizhtorm.fr\/glenn\/#\/schema\/logo\/image\/\"}}]}<\/script>\n<!-- \/ Yoast SEO plugin. -->","yoast_head_json":{"title":"Services - Glenn.bzh","robots":{"index":"noindex","follow":"follow","max-snippet":"max-snippet:-1","max-image-preview":"max-image-preview:large","max-video-preview":"max-video-preview:-1"},"og_locale":"fr_FR","og_type":"article","og_title":"Services - Glenn.bzh","og_url":"https:\/\/demo.breizhtorm.fr\/glenn\/services\/","og_site_name":"Glenn.bzh","article_modified_time":"2025-02-06T14:50:51+00:00","og_image":[{"url":"http:\/\/breizhtorm.lndo.site\/wp-content\/uploads\/2025\/01\/glenn-branding.png","type":"","width":"","height":""}],"twitter_card":"summary_large_image","twitter_misc":{"Dur\u00e9e de lecture estim\u00e9e":"2 minutes"},"schema":{"@context":"https:\/\/schema.org","@graph":[{"@type":"WebPage","@id":"https:\/\/demo.breizhtorm.fr\/glenn\/services\/","url":"https:\/\/demo.breizhtorm.fr\/glenn\/services\/","name":"Services - Glenn.bzh","isPartOf":{"@id":"https:\/\/demo.breizhtorm.fr\/glenn\/#website"},"primaryImageOfPage":{"@id":"https:\/\/demo.breizhtorm.fr\/glenn\/services\/#primaryimage"},"image":{"@id":"https:\/\/demo.breizhtorm.fr\/glenn\/services\/#primaryimage"},"thumbnailUrl":"http:\/\/breizhtorm.lndo.site\/wp-content\/uploads\/2025\/01\/glenn-branding.png","datePublished":"2025-01-15T16:11:20+00:00","dateModified":"2025-02-06T14:50:51+00:00","breadcrumb":{"@id":"https:\/\/demo.breizhtorm.fr\/glenn\/services\/#breadcrumb"},"inLanguage":"fr-FR","potentialAction":[{"@type":"ReadAction","target":["https:\/\/demo.breizhtorm.fr\/glenn\/services\/"]}]},{"@type":"ImageObject","inLanguage":"fr-FR","@id":"https:\/\/demo.breizhtorm.fr\/glenn\/services\/#primaryimage","url":"http:\/\/breizhtorm.lndo.site\/wp-content\/uploads\/2025\/01\/glenn-branding.png","contentUrl":"http:\/\/breizhtorm.lndo.site\/wp-content\/uploads\/2025\/01\/glenn-branding.png"},{"@type":"BreadcrumbList","@id":"https:\/\/demo.breizhtorm.fr\/glenn\/services\/#breadcrumb","itemListElement":[{"@type":"ListItem","position":1,"name":"Accueil","item":"https:\/\/demo.breizhtorm.fr\/glenn\/"},{"@type":"ListItem","position":2,"name":"Services"}]},{"@type":"WebSite","@id":"https:\/\/demo.breizhtorm.fr\/glenn\/#website","url":"https:\/\/demo.breizhtorm.fr\/glenn\/","name":"Breizhtorm","description":"","publisher":{"@id":"https:\/\/demo.breizhtorm.fr\/glenn\/#organization"},"potentialAction":[{"@type":"SearchAction","target":{"@type":"EntryPoint","urlTemplate":"https:\/\/demo.breizhtorm.fr\/glenn\/?s={search_term_string}"},"query-input":{"@type":"PropertyValueSpecification","valueRequired":true,"valueName":"search_term_string"}}],"inLanguage":"fr-FR"},{"@type":"Organization","@id":"https:\/\/demo.breizhtorm.fr\/glenn\/#organization","name":"Breizhtorm","url":"https:\/\/demo.breizhtorm.fr\/glenn\/","logo":{"@type":"ImageObject","inLanguage":"fr-FR","@id":"https:\/\/demo.breizhtorm.fr\/glenn\/#\/schema\/logo\/image\/","url":"https:\/\/demo.breizhtorm.fr\/glenn\/wp-content\/uploads\/2025\/01\/Logo_glenn-bzh.png","contentUrl":"https:\/\/demo.breizhtorm.fr\/glenn\/wp-content\/uploads\/2025\/01\/Logo_glenn-bzh.png","width":515,"height":91,"caption":"Breizhtorm"},"image":{"@id":"https:\/\/demo.breizhtorm.fr\/glenn\/#\/schema\/logo\/image\/"}}]}},"_links":{"self":[{"href":"https:\/\/demo.breizhtorm.fr\/glenn\/wp-json\/wp\/v2\/pages\/1068","targetHints":{"allow":["GET"]}}],"collection":[{"href":"https:\/\/demo.breizhtorm.fr\/glenn\/wp-json\/wp\/v2\/pages"}],"about":[{"href":"https:\/\/demo.breizhtorm.fr\/glenn\/wp-json\/wp\/v2\/types\/page"}],"author":[{"embeddable":true,"href":"https:\/\/demo.breizhtorm.fr\/glenn\/wp-json\/wp\/v2\/users\/1"}],"replies":[{"embeddable":true,"href":"https:\/\/demo.breizhtorm.fr\/glenn\/wp-json\/wp\/v2\/comments?post=1068"}],"version-history":[{"count":43,"href":"https:\/\/demo.breizhtorm.fr\/glenn\/wp-json\/wp\/v2\/pages\/1068\/revisions"}],"predecessor-version":[{"id":1436,"href":"https:\/\/demo.breizhtorm.fr\/glenn\/wp-json\/wp\/v2\/pages\/1068\/revisions\/1436"}],"wp:attachment":[{"href":"https:\/\/demo.breizhtorm.fr\/glenn\/wp-json\/wp\/v2\/media?parent=1068"}],"curies":[{"name":"wp","href":"https:\/\/api.w.org\/{rel}","templated":true}]}}