{"id":1070,"date":"2025-01-15T17:11:49","date_gmt":"2025-01-15T16:11:49","guid":{"rendered":"http:\/\/breizhtorm.lndo.site\/?page_id=1070"},"modified":"2025-02-05T20:27:53","modified_gmt":"2025-02-05T19:27:53","slug":"ameliorez-vos-supports","status":"publish","type":"page","link":"https:\/\/demo.breizhtorm.fr\/glenn\/services\/ameliorez-vos-supports\/","title":{"rendered":"Am\u00e9liorez vos supports"},"content":{"rendered":"\n<section class=\"wp-block-bzh-section section pd-t-20 pd-b-40 pd-t-sm-40 pd-b-sm-60 pd-t-md-60 pd-b-md-80 has-gradient-2\">\n<div class=\"wrapper wrapper-xl wrapper-center\"><div class=\"wp-block-bzh-columns row are-vertically-aligned-top flex-column-mobile\">\n<div class=\"wp-block-bzh-column col\">\n<div class=\"wp-block-bzh-brick brick pd-b-20 pd-b-sm-40 pd-b-md-60\"><div class=\"brick__content\">\n        <h1 class=\"title title--enormous has-text-align-center\">Connect\u00e9<\/h1>\n\n        \n\n\n<p class=\"has-text-align-center\"><strong>Chaque page de vente, chaque bout de texte, chaque bouton, chaque slogan,<\/strong><br><strong> devrait \u00eatre un moyen de cr\u00e9er un lien avec votre public<\/strong><\/p>\n<\/div><\/div>\n<\/div>\n<\/div><\/div>\n<\/section>\n\n\n\n<section class=\"wp-block-bzh-section section pd-t-40 pd-b-40 pd-t-sm-80 pd-b-sm-80 pd-t-md-100 pd-b-md-100\">\n<div class=\"wrapper wrapper-xl wrapper-center\"><div class=\"wp-block-bzh-columns row are-vertically-aligned-top flex-column-mobile gap-sm-50 gap-md-100\">\n<div class=\"wp-block-bzh-column col col-sm-6\">\n<h2 class=\"wp-block-heading\">Vendre mieux vos produits<br>et services<\/h2>\n\n\n\n<p>En 25 ans, j&rsquo;ai travaill\u00e9 avec tous les types d&rsquo;industries et mon int\u00e9r\u00eat pour le neuromarketing me permet aujourd&rsquo;hui de vous accompagner dans la r\u00e9\u00e9criture de vos supports de communication pour cr\u00e9er des messages plus percutants, des offres plus s\u00e9duisantes, et des publicit\u00e9s plus m\u00e9morables.<\/p>\n<\/div>\n\n\n\n<div class=\"wp-block-bzh-column col col-sm-6\">\n<h2 class=\"wp-block-heading\">Ce que nous pouvons faire ensemble :<\/h2>\n\n\n\n<ul class=\"wp-block-list\">\n<li><strong>Apprendre \u00e0 vos \u00e9quipe<\/strong>s les secrets de la vente<\/li>\n\n\n\n<li><strong>Augmenter<\/strong> votre panier moyen et votre CA<\/li>\n\n\n\n<li><strong>R\u00e9\u00e9crire vos supports<\/strong> pour \u00eatre plus performants<\/li>\n\n\n\n<li><strong>Cr\u00e9er des contenus<\/strong> pour vous adresser \u00e0 votre cible<\/li>\n<\/ul>\n<\/div>\n<\/div><\/div>\n<\/section>\n\n\n\n<section class=\"wp-block-bzh-section section pd-b-40 pd-b-sm-80 pd-b-md-100\">\n        <div class=\"splide splide-clients\">\n            <div class=\"splide__track\">\n                <div class=\"splide__list\">\n                                            <div class=\"splide__slide\">\n                            <div class=\"client\">\n                                <div class=\"client__block\">\n                                    <p class=\"client__top-title has-medium-font-size\">Global Services<\/p>\n                                    <h3 class=\"client__title\">Vous \u00eates <br \/>\nbrillants<\/h3>\n                                <\/div>\n                            <\/div>\n                        <\/div>\n                                            <div class=\"splide__slide\">\n                            <div class=\"client\">\n                                <div class=\"client__block\">\n                                    <p class=\"client__top-title has-medium-font-size\">Relou<\/p>\n                                    <h3 class=\"client__title\">Avancez dans<br \/>\nla vie<\/h3>\n                                <\/div>\n                            <\/div>\n                        <\/div>\n                                            <div class=\"splide__slide\">\n                            <div class=\"client\">\n                                <div class=\"client__block\">\n                                    <p class=\"client__top-title has-medium-font-size\">CultureVap<\/p>\n                                    <h3 class=\"client__title\">Commencez<br \/>\npour arr\u00eater<\/h3>\n                                <\/div>\n                            <\/div>\n                        <\/div>\n                                            <div class=\"splide__slide\">\n                            <div class=\"client\">\n                                <div class=\"client__block\">\n                                    <p class=\"client__top-title has-medium-font-size\">Poeldorado<\/p>\n                                    <h3 class=\"client__title\">Un service <br \/>\nen or<\/h3>\n                                <\/div>\n                            <\/div>\n                        <\/div>\n                                            <div class=\"splide__slide\">\n                            <div class=\"client\">\n                                <div class=\"client__block\">\n                                    <p class=\"client__top-title has-medium-font-size\">Suire<\/p>\n                                    <h3 class=\"client__title\">L&rsquo; \u00e2me<br \/>\nde faire<\/h3>\n                                <\/div>\n                            <\/div>\n                        <\/div>\n                                    <\/div>\n            <\/div>\n        <\/div>\n\n        <\/section>\n\n\n\n<section class=\"wp-block-bzh-section section pd-t-40 pd-b-40 pd-t-sm-80 pd-b-sm-80 pd-t-md-100 pd-b-md-100 has-gradient-1\" id=\"tarifs\">\n<div class=\"wrapper wrapper-xl wrapper-center\"><div class=\"wp-block-bzh-columns row are-vertically-aligned-full flex-column-mobile gap-sm-40 gap-md-80\">\n<div class=\"wp-block-bzh-column col col-sm-4\">\n<div class=\"wp-block-bzh-animate animate aos-init\" data-aos=\"fade-right\" data-aos-offset=\"120\" data-aos-delay=\"100\" data-aos-duration=\"600\" data-aos-easing=\"ease\" data-aos-once=\"true\" data-aos-anchor-placement=\"center-bottom\">\n        <div class=\"workshop\">\n            <div class=\"workshop__inner\">\n                <h2 class=\"workshop__title\">\n                    <span class=\"workshop__top-title\">Atelier<\/span>\n                    <span class=\"workshop__bottom-title\">Neuro<\/span>\n                <\/h2>\n                <div class=\"workshop__text\">\n                    <p>Nous sommes tous diff\u00e9rents mais nous sommes tous soumis aux m\u00eames m\u00e9caniques de fonctionnement. D\u00e9sirs, besoins, biais cognitifs ; dans cet atelier je vous donne les cl\u00e9s pour mieux communiquer.<\/p>\n                <\/div>\n                <ul class=\"workshop__list wp-block-list\">\n                                    <li class=\"workshop__item\">\n                        D\u00e9sir et besoin                    <\/li>\n                                    <li class=\"workshop__item\">\n                        Le secret des love Brands                    <\/li>\n                                    <li class=\"workshop__item\">\n                        Les biais cognitifs                    <\/li>\n                                    <li class=\"workshop__item\">\n                        Ce que le cerveau pr\u00e9f\u00e8re                    <\/li>\n                                <\/ul>\n                <p class=\"workshop__frame\">\n                                    <span class=\"workshop__price\">450\u20ac<\/span>\n                     \/ La demie journ\u00e9e                                <\/p>\n            <\/div>\n        <\/div>\n\n        <\/div>\n<\/div>\n\n\n\n<div class=\"wp-block-bzh-column col col-sm-4\">\n<div class=\"wp-block-bzh-animate animate aos-init\" data-aos=\"fade-up\" data-aos-offset=\"120\" data-aos-delay=\"100\" data-aos-duration=\"600\" data-aos-easing=\"ease\" data-aos-once=\"true\" data-aos-anchor-placement=\"center-bottom\">\n        <div class=\"workshop\">\n            <div class=\"workshop__inner\">\n                <h2 class=\"workshop__title\">\n                    <span class=\"workshop__top-title\">Mission<\/span>\n                    <span class=\"workshop__bottom-title\">Supports<\/span>\n                <\/h2>\n                <div class=\"workshop__text\">\n                    <p>Apr\u00e8s analyse de vos supports, et sur la base d&#039;un branding solide, je propose des solutions de r\u00e9\u00e9critures de vos supports de communication print ou digitaux pour les rendre plus efficaces, plus s\u00e9duisants et plus m\u00e9morables.<\/p>\n                <\/div>\n                <ul class=\"workshop__list wp-block-list\">\n                                    <li class=\"workshop__item\">\n                        Plaquette entreprise                    <\/li>\n                                    <li class=\"workshop__item\">\n                        Menus de restaurant                    <\/li>\n                                    <li class=\"workshop__item\">\n                        Page de vente web                    <\/li>\n                                    <li class=\"workshop__item\">\n                        Campagne de publicit\u00e9                    <\/li>\n                                <\/ul>\n                <p class=\"workshop__frame\">\n                                    \u00e0 partir de                     <span class=\"workshop__price\">450\u20ac<\/span>\n                                <\/p>\n            <\/div>\n        <\/div>\n\n        <\/div>\n<\/div>\n\n\n\n<div class=\"wp-block-bzh-column col col-sm-4\">\n<div class=\"wp-block-bzh-animate animate aos-init\" data-aos=\"fade-left\" data-aos-offset=\"120\" data-aos-delay=\"100\" data-aos-duration=\"600\" data-aos-easing=\"ease\" data-aos-once=\"true\" data-aos-anchor-placement=\"center-bottom\">\n        <div class=\"workshop\">\n            <div class=\"workshop__inner\">\n                <h2 class=\"workshop__title\">\n                    <span class=\"workshop__top-title\">Cr\u00e9ation de<\/span>\n                    <span class=\"workshop__bottom-title\">Concepts<\/span>\n                <\/h2>\n                <div class=\"workshop__text\">\n                    <p>Un format l\u00e9ger, qui permet, en seulement une heure, de trouver des solutions cr\u00e9atives \u00e0 une probl\u00e9matique strat\u00e9gique ou un besoin ponctuel.<\/p>\n                <\/div>\n                <ul class=\"workshop__list wp-block-list\">\n                                    <li class=\"workshop__item\">\n                        \u00c9crire une punchline                    <\/li>\n                                    <li class=\"workshop__item\">\n                        Trouver un slogan                    <\/li>\n                                    <li class=\"workshop__item\">\n                        Concevoir une publicit\u00e9                    <\/li>\n                                    <li class=\"workshop__item\">\n                        Pr\u00e9senter un service                    <\/li>\n                                    <li class=\"workshop__item\">\n                        Trouver un nom de marque                    <\/li>\n                                <\/ul>\n                <p class=\"workshop__frame\">\n                                    \u00e0 partir de                    <span class=\"workshop__price\">250\u20ac<\/span>\n                                <\/p>\n            <\/div>\n        <\/div>\n\n        <\/div>\n<\/div>\n<\/div><\/div>\n<\/section>\n","protected":false},"excerpt":{"rendered":"","protected":false},"author":1,"featured_media":0,"parent":1068,"menu_order":0,"comment_status":"closed","ping_status":"closed","template":"","meta":{"footnotes":""},"class_list":["post-1070","page","type-page","status-publish","hentry"],"yoast_head":"<!-- This site is optimized with the Yoast SEO plugin v24.4 - https:\/\/yoast.com\/wordpress\/plugins\/seo\/ -->\n<title>Am\u00e9liorez vos supports - Glenn.bzh<\/title>\n<meta name=\"robots\" content=\"noindex, follow, max-snippet:-1, max-image-preview:large, max-video-preview:-1\" \/>\n<meta property=\"og:locale\" content=\"fr_FR\" \/>\n<meta property=\"og:type\" content=\"article\" \/>\n<meta property=\"og:title\" content=\"Am\u00e9liorez vos supports - Glenn.bzh\" \/>\n<meta property=\"og:url\" content=\"https:\/\/demo.breizhtorm.fr\/glenn\/services\/ameliorez-vos-supports\/\" \/>\n<meta property=\"og:site_name\" content=\"Glenn.bzh\" \/>\n<meta property=\"article:modified_time\" content=\"2025-02-05T19:27:53+00:00\" \/>\n<meta name=\"twitter:card\" content=\"summary_large_image\" \/>\n<meta name=\"twitter:label1\" content=\"Dur\u00e9e de lecture estim\u00e9e\" \/>\n\t<meta name=\"twitter:data1\" content=\"1 minute\" \/>\n<script type=\"application\/ld+json\" class=\"yoast-schema-graph\">{\"@context\":\"https:\/\/schema.org\",\"@graph\":[{\"@type\":\"WebPage\",\"@id\":\"https:\/\/demo.breizhtorm.fr\/glenn\/services\/ameliorez-vos-supports\/\",\"url\":\"https:\/\/demo.breizhtorm.fr\/glenn\/services\/ameliorez-vos-supports\/\",\"name\":\"Am\u00e9liorez vos supports - Glenn.bzh\",\"isPartOf\":{\"@id\":\"https:\/\/demo.breizhtorm.fr\/glenn\/#website\"},\"datePublished\":\"2025-01-15T16:11:49+00:00\",\"dateModified\":\"2025-02-05T19:27:53+00:00\",\"breadcrumb\":{\"@id\":\"https:\/\/demo.breizhtorm.fr\/glenn\/services\/ameliorez-vos-supports\/#breadcrumb\"},\"inLanguage\":\"fr-FR\",\"potentialAction\":[{\"@type\":\"ReadAction\",\"target\":[\"https:\/\/demo.breizhtorm.fr\/glenn\/services\/ameliorez-vos-supports\/\"]}]},{\"@type\":\"BreadcrumbList\",\"@id\":\"https:\/\/demo.breizhtorm.fr\/glenn\/services\/ameliorez-vos-supports\/#breadcrumb\",\"itemListElement\":[{\"@type\":\"ListItem\",\"position\":1,\"name\":\"Accueil\",\"item\":\"https:\/\/demo.breizhtorm.fr\/glenn\/\"},{\"@type\":\"ListItem\",\"position\":2,\"name\":\"Services\",\"item\":\"https:\/\/demo.breizhtorm.fr\/glenn\/services\/\"},{\"@type\":\"ListItem\",\"position\":3,\"name\":\"Am\u00e9liorez vos supports\"}]},{\"@type\":\"WebSite\",\"@id\":\"https:\/\/demo.breizhtorm.fr\/glenn\/#website\",\"url\":\"https:\/\/demo.breizhtorm.fr\/glenn\/\",\"name\":\"Breizhtorm\",\"description\":\"\",\"publisher\":{\"@id\":\"https:\/\/demo.breizhtorm.fr\/glenn\/#organization\"},\"potentialAction\":[{\"@type\":\"SearchAction\",\"target\":{\"@type\":\"EntryPoint\",\"urlTemplate\":\"https:\/\/demo.breizhtorm.fr\/glenn\/?s={search_term_string}\"},\"query-input\":{\"@type\":\"PropertyValueSpecification\",\"valueRequired\":true,\"valueName\":\"search_term_string\"}}],\"inLanguage\":\"fr-FR\"},{\"@type\":\"Organization\",\"@id\":\"https:\/\/demo.breizhtorm.fr\/glenn\/#organization\",\"name\":\"Breizhtorm\",\"url\":\"https:\/\/demo.breizhtorm.fr\/glenn\/\",\"logo\":{\"@type\":\"ImageObject\",\"inLanguage\":\"fr-FR\",\"@id\":\"https:\/\/demo.breizhtorm.fr\/glenn\/#\/schema\/logo\/image\/\",\"url\":\"https:\/\/demo.breizhtorm.fr\/glenn\/wp-content\/uploads\/2025\/01\/Logo_glenn-bzh.png\",\"contentUrl\":\"https:\/\/demo.breizhtorm.fr\/glenn\/wp-content\/uploads\/2025\/01\/Logo_glenn-bzh.png\",\"width\":515,\"height\":91,\"caption\":\"Breizhtorm\"},\"image\":{\"@id\":\"https:\/\/demo.breizhtorm.fr\/glenn\/#\/schema\/logo\/image\/\"}}]}<\/script>\n<!-- \/ Yoast SEO plugin. -->","yoast_head_json":{"title":"Am\u00e9liorez vos supports - Glenn.bzh","robots":{"index":"noindex","follow":"follow","max-snippet":"max-snippet:-1","max-image-preview":"max-image-preview:large","max-video-preview":"max-video-preview:-1"},"og_locale":"fr_FR","og_type":"article","og_title":"Am\u00e9liorez vos supports - Glenn.bzh","og_url":"https:\/\/demo.breizhtorm.fr\/glenn\/services\/ameliorez-vos-supports\/","og_site_name":"Glenn.bzh","article_modified_time":"2025-02-05T19:27:53+00:00","twitter_card":"summary_large_image","twitter_misc":{"Dur\u00e9e de lecture estim\u00e9e":"1 minute"},"schema":{"@context":"https:\/\/schema.org","@graph":[{"@type":"WebPage","@id":"https:\/\/demo.breizhtorm.fr\/glenn\/services\/ameliorez-vos-supports\/","url":"https:\/\/demo.breizhtorm.fr\/glenn\/services\/ameliorez-vos-supports\/","name":"Am\u00e9liorez vos supports - Glenn.bzh","isPartOf":{"@id":"https:\/\/demo.breizhtorm.fr\/glenn\/#website"},"datePublished":"2025-01-15T16:11:49+00:00","dateModified":"2025-02-05T19:27:53+00:00","breadcrumb":{"@id":"https:\/\/demo.breizhtorm.fr\/glenn\/services\/ameliorez-vos-supports\/#breadcrumb"},"inLanguage":"fr-FR","potentialAction":[{"@type":"ReadAction","target":["https:\/\/demo.breizhtorm.fr\/glenn\/services\/ameliorez-vos-supports\/"]}]},{"@type":"BreadcrumbList","@id":"https:\/\/demo.breizhtorm.fr\/glenn\/services\/ameliorez-vos-supports\/#breadcrumb","itemListElement":[{"@type":"ListItem","position":1,"name":"Accueil","item":"https:\/\/demo.breizhtorm.fr\/glenn\/"},{"@type":"ListItem","position":2,"name":"Services","item":"https:\/\/demo.breizhtorm.fr\/glenn\/services\/"},{"@type":"ListItem","position":3,"name":"Am\u00e9liorez vos supports"}]},{"@type":"WebSite","@id":"https:\/\/demo.breizhtorm.fr\/glenn\/#website","url":"https:\/\/demo.breizhtorm.fr\/glenn\/","name":"Breizhtorm","description":"","publisher":{"@id":"https:\/\/demo.breizhtorm.fr\/glenn\/#organization"},"potentialAction":[{"@type":"SearchAction","target":{"@type":"EntryPoint","urlTemplate":"https:\/\/demo.breizhtorm.fr\/glenn\/?s={search_term_string}"},"query-input":{"@type":"PropertyValueSpecification","valueRequired":true,"valueName":"search_term_string"}}],"inLanguage":"fr-FR"},{"@type":"Organization","@id":"https:\/\/demo.breizhtorm.fr\/glenn\/#organization","name":"Breizhtorm","url":"https:\/\/demo.breizhtorm.fr\/glenn\/","logo":{"@type":"ImageObject","inLanguage":"fr-FR","@id":"https:\/\/demo.breizhtorm.fr\/glenn\/#\/schema\/logo\/image\/","url":"https:\/\/demo.breizhtorm.fr\/glenn\/wp-content\/uploads\/2025\/01\/Logo_glenn-bzh.png","contentUrl":"https:\/\/demo.breizhtorm.fr\/glenn\/wp-content\/uploads\/2025\/01\/Logo_glenn-bzh.png","width":515,"height":91,"caption":"Breizhtorm"},"image":{"@id":"https:\/\/demo.breizhtorm.fr\/glenn\/#\/schema\/logo\/image\/"}}]}},"_links":{"self":[{"href":"https:\/\/demo.breizhtorm.fr\/glenn\/wp-json\/wp\/v2\/pages\/1070","targetHints":{"allow":["GET"]}}],"collection":[{"href":"https:\/\/demo.breizhtorm.fr\/glenn\/wp-json\/wp\/v2\/pages"}],"about":[{"href":"https:\/\/demo.breizhtorm.fr\/glenn\/wp-json\/wp\/v2\/types\/page"}],"author":[{"embeddable":true,"href":"https:\/\/demo.breizhtorm.fr\/glenn\/wp-json\/wp\/v2\/users\/1"}],"replies":[{"embeddable":true,"href":"https:\/\/demo.breizhtorm.fr\/glenn\/wp-json\/wp\/v2\/comments?post=1070"}],"version-history":[{"count":26,"href":"https:\/\/demo.breizhtorm.fr\/glenn\/wp-json\/wp\/v2\/pages\/1070\/revisions"}],"predecessor-version":[{"id":1416,"href":"https:\/\/demo.breizhtorm.fr\/glenn\/wp-json\/wp\/v2\/pages\/1070\/revisions\/1416"}],"up":[{"embeddable":true,"href":"https:\/\/demo.breizhtorm.fr\/glenn\/wp-json\/wp\/v2\/pages\/1068"}],"wp:attachment":[{"href":"https:\/\/demo.breizhtorm.fr\/glenn\/wp-json\/wp\/v2\/media?parent=1070"}],"curies":[{"name":"wp","href":"https:\/\/api.w.org\/{rel}","templated":true}]}}