{"id":1074,"date":"2025-01-15T17:12:33","date_gmt":"2025-01-15T16:12:33","guid":{"rendered":"http:\/\/breizhtorm.lndo.site\/?page_id=1074"},"modified":"2025-02-05T20:26:15","modified_gmt":"2025-02-05T19:26:15","slug":"vivez-votre-hackathon","status":"publish","type":"page","link":"https:\/\/demo.breizhtorm.fr\/glenn\/services\/vivez-votre-hackathon\/","title":{"rendered":"Vivez votre hackathon"},"content":{"rendered":"\n<section class=\"wp-block-bzh-section section pd-t-20 pd-b-40 pd-t-sm-40 pd-b-sm-60 pd-t-md-60 pd-b-md-80 has-gradient-2\">\n<div class=\"wrapper wrapper-xl wrapper-center\"><div class=\"wp-block-bzh-columns row are-vertically-aligned-top flex-column-mobile\">\n<div class=\"wp-block-bzh-column col\">\n<div class=\"wp-block-bzh-brick brick pd-b-20 pd-b-sm-40 pd-b-md-60\"><div class=\"brick__content\">\n        <h1 class=\"title title--enormous has-text-align-center\">Hack\u00e9<\/h1>\n\n        \n\n\n<p class=\"has-text-align-center\"><strong>Quand de grands d\u00e9fis se pr\u00e9sentent, l&rsquo;intelligence collective est une arme redoutable.<br>avec la team IMPACTE, nous organisons et animons votre Hackaton.<\/strong><\/p>\n<\/div><\/div>\n<\/div>\n<\/div><\/div>\n<\/section>\n\n\n\n<section class=\"wp-block-bzh-section section pd-t-40 pd-b-40 pd-t-sm-80 pd-b-sm-80 pd-t-md-100 pd-b-md-100\">\n<div class=\"wrapper wrapper-xl wrapper-center\"><div class=\"wp-block-bzh-columns row are-vertically-aligned-top flex-column-mobile gap-sm-50 gap-md-100\">\n<div class=\"wp-block-bzh-column col col-sm-6 order-1 order-sm-0\">\n<div class=\"wp-block-bzh-brick brick pd-t-40 pd-b-40\"><div class=\"brick__content\">\n<h2 class=\"wp-block-heading\">C&rsquo;est quoi un hackathon ?<\/h2>\n\n\n\n<p>Un hackaton, c&rsquo;est un rendez-vous de 2 ou 3 jours pendant lequel les participants vont cr\u00e9er des \u00e9quipes pluridisciplinaires pour relever des challenges et proposer des solutions, le plus souvent avec pour objectif de prototyper une r\u00e9ponse. Au terme du temps imparti, chaque \u00e9quipe pr\u00e9sente son innovation devant un jury.<\/p>\n<\/div><\/div>\n<\/div>\n\n\n\n<div class=\"wp-block-bzh-column col col-sm-6\">\n<div class=\"wp-block-bzh-animate animate aos-init\" data-aos=\"fade-left\" data-aos-offset=\"120\" data-aos-delay=\"100\" data-aos-duration=\"600\" data-aos-easing=\"ease\" data-aos-once=\"true\" data-aos-anchor-placement=\"center-bottom\">\n<figure class=\"wp-block-image size-full\"><img loading=\"lazy\" decoding=\"async\" width=\"992\" height=\"541\" src=\"http:\/\/demo.breizhtorm.fr\/glenn\/wp-content\/uploads\/2025\/01\/glenn-innovation.png\" alt=\"\" class=\"wp-image-1203\" srcset=\"https:\/\/demo.breizhtorm.fr\/glenn\/wp-content\/uploads\/2025\/01\/glenn-innovation.png 992w, https:\/\/demo.breizhtorm.fr\/glenn\/wp-content\/uploads\/2025\/01\/glenn-innovation-250x136.png 250w, https:\/\/demo.breizhtorm.fr\/glenn\/wp-content\/uploads\/2025\/01\/glenn-innovation-700x382.png 700w, https:\/\/demo.breizhtorm.fr\/glenn\/wp-content\/uploads\/2025\/01\/glenn-innovation-768x419.png 768w, https:\/\/demo.breizhtorm.fr\/glenn\/wp-content\/uploads\/2025\/01\/glenn-innovation-120x65.png 120w\" sizes=\"auto, (max-width: 992px) 100vw, 992px\" \/><\/figure>\n<\/div>\n<\/div>\n<\/div><\/div>\n<\/section>\n\n\n\n<section class=\"wp-block-bzh-section section pd-t-40 pd-b-40 pd-t-sm-80 pd-b-sm-80 pd-t-md-100 pd-b-md-100 has-gradient-3\">\n<div class=\"wrapper wrapper-xl wrapper-center\"><div class=\"wp-block-bzh-columns row are-vertically-aligned-top flex-column-mobile\">\n<div class=\"wp-block-bzh-column col\">\n        <h2 class=\"title                 title--underline-blue         has-text-align-center\">\n        La team <span class=\"underline\">IMPACTE<\/span>        <\/h2>\n        <\/div>\n<\/div><\/div>\n\n\n\n<div class=\"wp-block-bzh-brick brick pd-t-20 pd-t-sm-40\"><div class=\"brick__content\">\n<div class=\"wrapper wrapper-lg wrapper-center\"><div class=\"wp-block-bzh-columns row are-vertically-aligned-top flex-column-mobile\">\n<div class=\"wp-block-bzh-column col col-sm-4 col-md-4\">\n<div class=\"wp-block-bzh-animate animate aos-init\" data-aos=\"flip-left\" data-aos-offset=\"120\" data-aos-delay=\"100\" data-aos-duration=\"600\" data-aos-easing=\"ease\" data-aos-once=\"true\" data-aos-anchor-placement=\"center-bottom\">\n        <div class=\"xp\">\n            <figure class=\"impacte__figure\">\n                <img decoding=\"async\" src=\"https:\/\/demo.breizhtorm.fr\/glenn\/wp-content\/uploads\/2025\/01\/aurelien.jpg\">\n            <\/figure>\n            <div class=\"impacte__text\">\n                <h3 class=\"impacte__title h4-like\">Aur\u00e9lien Cunin<\/h3>\n            <\/div>\n        <\/div>\n\n        <\/div>\n<\/div>\n\n\n\n<div class=\"wp-block-bzh-column col col-sm-4 col-md-4\">\n<div class=\"wp-block-bzh-animate animate aos-init\" data-aos=\"flip-left\" data-aos-offset=\"120\" data-aos-delay=\"100\" data-aos-duration=\"600\" data-aos-easing=\"ease\" data-aos-once=\"true\" data-aos-anchor-placement=\"center-bottom\">\n        <div class=\"xp\">\n            <figure class=\"impacte__figure\">\n                <img decoding=\"async\" src=\"https:\/\/demo.breizhtorm.fr\/glenn\/wp-content\/uploads\/2025\/01\/jerome.jpg\">\n            <\/figure>\n            <div class=\"impacte__text\">\n                <h3 class=\"impacte__title h4-like\">J\u00e9r\u00f4me Alexandre<\/h3>\n            <\/div>\n        <\/div>\n\n        <\/div>\n<\/div>\n\n\n\n<div class=\"wp-block-bzh-column col col-sm-4 col-md-4\">\n<div class=\"wp-block-bzh-animate animate aos-init\" data-aos=\"flip-left\" data-aos-offset=\"120\" data-aos-delay=\"100\" data-aos-duration=\"600\" data-aos-easing=\"ease\" data-aos-once=\"true\" data-aos-anchor-placement=\"center-bottom\">\n        <div class=\"xp\">\n            <figure class=\"impacte__figure\">\n                <img decoding=\"async\" src=\"https:\/\/demo.breizhtorm.fr\/glenn\/wp-content\/uploads\/2025\/01\/glenn.jpg\">\n            <\/figure>\n            <div class=\"impacte__text\">\n                <h3 class=\"impacte__title h4-like\">Glenn Le Bourhis<\/h3>\n            <\/div>\n        <\/div>\n\n        <\/div>\n<\/div>\n\n\n\n<div class=\"wp-block-bzh-column col col-sm-4 col-md-4\">\n<div class=\"wp-block-bzh-animate animate aos-init\" data-aos=\"flip-left\" data-aos-offset=\"120\" data-aos-delay=\"100\" data-aos-duration=\"600\" data-aos-easing=\"ease\" data-aos-once=\"true\" data-aos-anchor-placement=\"center-bottom\">\n        <div class=\"xp\">\n            <figure class=\"impacte__figure\">\n                <img decoding=\"async\" src=\"https:\/\/demo.breizhtorm.fr\/glenn\/wp-content\/uploads\/2025\/01\/david.jpg\">\n            <\/figure>\n            <div class=\"impacte__text\">\n                <h3 class=\"impacte__title h4-like\">David Desfoug\u00e8res<\/h3>\n            <\/div>\n        <\/div>\n\n        <\/div>\n<\/div>\n\n\n\n<div class=\"wp-block-bzh-column col col-sm-4 col-md-4\">\n<div class=\"wp-block-bzh-animate animate aos-init\" data-aos=\"flip-left\" data-aos-offset=\"120\" data-aos-delay=\"100\" data-aos-duration=\"600\" data-aos-easing=\"ease\" data-aos-once=\"true\" data-aos-anchor-placement=\"center-bottom\">\n        <div class=\"xp\">\n            <figure class=\"impacte__figure\">\n                <img decoding=\"async\" src=\"https:\/\/demo.breizhtorm.fr\/glenn\/wp-content\/uploads\/2025\/01\/emilie.jpg\">\n            <\/figure>\n            <div class=\"impacte__text\">\n                <h3 class=\"impacte__title h4-like\">Emilie Cl\u00e9ment<\/h3>\n            <\/div>\n        <\/div>\n\n        <\/div>\n<\/div>\n<\/div><\/div>\n<\/div><\/div>\n<\/section>\n\n\n\n<section class=\"wp-block-bzh-section section pd-t-20 pd-b-40 pd-t-sm-40 pd-b-sm-80 pd-t-md-60 pd-b-md-100\">\n<div class=\"wrapper wrapper-xl wrapper-center\"><div class=\"wp-block-bzh-columns row are-vertically-aligned-top flex-column-mobile\">\n<div class=\"wp-block-bzh-column col\">\n        <h2 class=\"title                 title--underline-blue         has-text-align-center\">\n        Ils ont particip\u00e9 \u00e0 nos <span class=\"underline\">hackatons<\/span>        <\/h2>\n        <\/div>\n<\/div><\/div>\n\n\n\n<div class=\"wrapper wrapper-xl wrapper-center\"><div class=\"wp-block-bzh-columns row are-vertically-aligned-top flex-column-mobile\">\n<div class=\"wp-block-bzh-column col mg-t-40 mg-t-sm-60 mg-t-md-80\">\n        <div class=\"logos\">\n                            <figure class=\"logos__figure logos__figure--6\">\n                    <img src=http:\/\/demo.breizhtorm.fr\/glenn\/wp-content\/uploads\/2025\/01\/logo-total-energies.png >\n                <\/figure>\n                            <figure class=\"logos__figure logos__figure--6\">\n                    <img src=http:\/\/demo.breizhtorm.fr\/glenn\/wp-content\/uploads\/2025\/01\/logo-enedis.jpg >\n                <\/figure>\n                            <figure class=\"logos__figure logos__figure--6\">\n                    <img src=http:\/\/demo.breizhtorm.fr\/glenn\/wp-content\/uploads\/2025\/01\/logo-cooperl.jpg >\n                <\/figure>\n                            <figure class=\"logos__figure logos__figure--6\">\n                    <img src=http:\/\/demo.breizhtorm.fr\/glenn\/wp-content\/uploads\/2025\/01\/logo-french-tech.jpg >\n                <\/figure>\n                            <figure class=\"logos__figure logos__figure--6\">\n                    <img src=http:\/\/demo.breizhtorm.fr\/glenn\/wp-content\/uploads\/2025\/01\/logo-my-digital-school.jpg >\n                <\/figure>\n                            <figure class=\"logos__figure logos__figure--6\">\n                    <img src=http:\/\/demo.breizhtorm.fr\/glenn\/wp-content\/uploads\/2025\/01\/logo-orange.jpg >\n                <\/figure>\n                    <\/div>\n\n        <\/div>\n<\/div><\/div>\n\n\n\n<div class=\"wrapper wrapper-xl wrapper-center\"><div class=\"wp-block-bzh-columns row are-vertically-aligned-top flex-column-mobile\">\n<div class=\"wp-block-bzh-column col\">\n<div class=\"wp-block-bzh-brick brick pd-t-40 pd-t-sm-80 pd-t-md-100\"><div class=\"brick__content\">\n<figure class=\"wp-block-image size-full\"><img loading=\"lazy\" decoding=\"async\" width=\"2450\" height=\"1802\" src=\"http:\/\/demo.breizhtorm.fr\/glenn\/wp-content\/uploads\/2025\/01\/glenn-equipe-3.jpg\" alt=\"\" class=\"wp-image-1317\" srcset=\"https:\/\/demo.breizhtorm.fr\/glenn\/wp-content\/uploads\/2025\/01\/glenn-equipe-3.jpg 2450w, https:\/\/demo.breizhtorm.fr\/glenn\/wp-content\/uploads\/2025\/01\/glenn-equipe-3-250x184.jpg 250w, https:\/\/demo.breizhtorm.fr\/glenn\/wp-content\/uploads\/2025\/01\/glenn-equipe-3-700x515.jpg 700w, https:\/\/demo.breizhtorm.fr\/glenn\/wp-content\/uploads\/2025\/01\/glenn-equipe-3-768x565.jpg 768w, https:\/\/demo.breizhtorm.fr\/glenn\/wp-content\/uploads\/2025\/01\/glenn-equipe-3-1536x1130.jpg 1536w, https:\/\/demo.breizhtorm.fr\/glenn\/wp-content\/uploads\/2025\/01\/glenn-equipe-3-2048x1506.jpg 2048w, https:\/\/demo.breizhtorm.fr\/glenn\/wp-content\/uploads\/2025\/01\/glenn-equipe-3-120x88.jpg 120w\" sizes=\"auto, (max-width: 2450px) 100vw, 2450px\" \/><\/figure>\n<\/div><\/div>\n<\/div>\n<\/div><\/div>\n<\/section>\n\n\n\n<section class=\"wp-block-bzh-section section pd-t-40 pd-b-40 pd-t-sm-80 pd-b-sm-80 pd-t-md-100 pd-b-md-100 has-gradient-1\" id=\"tarifs\">\n<div class=\"wrapper wrapper-md wrapper-center\"><div class=\"wp-block-bzh-columns row are-vertically-aligned-top flex-column-mobile gap-sm-50 gap-md-100\">\n<div class=\"wp-block-bzh-column col col-sm-6\">\n<div class=\"wp-block-bzh-animate animate aos-init\" data-aos=\"fade-right\" data-aos-offset=\"120\" data-aos-delay=\"100\" data-aos-duration=\"600\" data-aos-easing=\"ease\" data-aos-once=\"true\" data-aos-anchor-placement=\"center-bottom\">\n        <div class=\"workshop\">\n            <div class=\"workshop__inner\">\n                <h2 class=\"workshop__title\">\n                    <span class=\"workshop__top-title\">Mini<\/span>\n                    <span class=\"workshop__bottom-title\">Hackathon<\/span>\n                <\/h2>\n                <div class=\"workshop__text\">\n                    <p>Une version condens\u00e9e du challenge sans prototypage,\npour un maximum de 15 personnes.<\/p>\n                <\/div>\n                <ul class=\"workshop__list wp-block-list\">\n                                    <li class=\"workshop__item\">\n                        Pr\u00e9paration                    <\/li>\n                                    <li class=\"workshop__item\">\n                        Logistique                    <\/li>\n                                    <li class=\"workshop__item\">\n                        Salle                    <\/li>\n                                    <li class=\"workshop__item\">\n                        Traiteur                    <\/li>\n                                    <li class=\"workshop__item\">\n                        Animations et mentoring                    <\/li>\n                                    <li class=\"workshop__item\">\n                        R\u00e9compenses                    <\/li>\n                                <\/ul>\n                <p class=\"workshop__frame\">\n                                    <span class=\"workshop__price\">9000\u20ac<\/span>\n                     \/ une journ\u00e9e                                <\/p>\n            <\/div>\n        <\/div>\n\n        <\/div>\n<\/div>\n\n\n\n<div class=\"wp-block-bzh-column col col-sm-6\">\n<div class=\"wp-block-bzh-animate animate aos-init\" data-aos=\"fade-left\" data-aos-offset=\"120\" data-aos-delay=\"100\" data-aos-duration=\"600\" data-aos-easing=\"ease\" data-aos-once=\"true\" data-aos-anchor-placement=\"center-bottom\">\n        <div class=\"workshop\">\n            <div class=\"workshop__inner\">\n                <h2 class=\"workshop__title\">\n                    <span class=\"workshop__top-title\">Super<\/span>\n                    <span class=\"workshop__bottom-title\">Hackathon<\/span>\n                <\/h2>\n                <div class=\"workshop__text\">\n                    <p>Un v\u00e9ritable hackathon pour r\u00e9pondre aux enjeux de votre entreprise pour un maximum de 100 participants.<\/p>\n                <\/div>\n                <ul class=\"workshop__list wp-block-list\">\n                                    <li class=\"workshop__item\">\n                        Pr\u00e9paration                    <\/li>\n                                    <li class=\"workshop__item\">\n                        Logistique                    <\/li>\n                                    <li class=\"workshop__item\">\n                        Salle                    <\/li>\n                                    <li class=\"workshop__item\">\n                        Traiteur                    <\/li>\n                                    <li class=\"workshop__item\">\n                        Animations et mentoring                    <\/li>\n                                    <li class=\"workshop__item\">\n                        R\u00e9compenses                    <\/li>\n                                <\/ul>\n                <p class=\"workshop__frame\">\n                                    <span class=\"workshop__price\">19 000\u20ac<\/span>\n                     \/ 3 jours                                <\/p>\n            <\/div>\n        <\/div>\n\n        <\/div>\n<\/div>\n<\/div><\/div>\n<\/section>\n","protected":false},"excerpt":{"rendered":"","protected":false},"author":1,"featured_media":0,"parent":1068,"menu_order":0,"comment_status":"closed","ping_status":"closed","template":"","meta":{"footnotes":""},"class_list":["post-1074","page","type-page","status-publish","hentry"],"yoast_head":"<!-- This site is optimized with the Yoast SEO plugin v24.4 - https:\/\/yoast.com\/wordpress\/plugins\/seo\/ -->\n<title>Vivez votre hackathon - Glenn.bzh<\/title>\n<meta name=\"robots\" content=\"noindex, follow, max-snippet:-1, max-image-preview:large, max-video-preview:-1\" \/>\n<meta property=\"og:locale\" content=\"fr_FR\" \/>\n<meta property=\"og:type\" content=\"article\" \/>\n<meta property=\"og:title\" content=\"Vivez votre hackathon - Glenn.bzh\" \/>\n<meta property=\"og:url\" content=\"http:\/\/demo.breizhtorm.fr\/glenn\/services\/vivez-votre-hackathon\/\" \/>\n<meta property=\"og:site_name\" content=\"Glenn.bzh\" \/>\n<meta property=\"article:modified_time\" content=\"2025-02-05T19:26:15+00:00\" \/>\n<meta property=\"og:image\" content=\"http:\/\/demo.breizhtorm.fr\/glenn\/wp-content\/uploads\/2025\/01\/glenn-innovation.png\" \/>\n<meta name=\"twitter:card\" content=\"summary_large_image\" \/>\n<meta name=\"twitter:label1\" content=\"Dur\u00e9e de lecture estim\u00e9e\" \/>\n\t<meta name=\"twitter:data1\" content=\"1 minute\" \/>\n<script type=\"application\/ld+json\" class=\"yoast-schema-graph\">{\"@context\":\"https:\/\/schema.org\",\"@graph\":[{\"@type\":\"WebPage\",\"@id\":\"http:\/\/demo.breizhtorm.fr\/glenn\/services\/vivez-votre-hackathon\/\",\"url\":\"http:\/\/demo.breizhtorm.fr\/glenn\/services\/vivez-votre-hackathon\/\",\"name\":\"Vivez votre hackathon - Glenn.bzh\",\"isPartOf\":{\"@id\":\"https:\/\/demo.breizhtorm.fr\/glenn\/#website\"},\"primaryImageOfPage\":{\"@id\":\"http:\/\/demo.breizhtorm.fr\/glenn\/services\/vivez-votre-hackathon\/#primaryimage\"},\"image\":{\"@id\":\"http:\/\/demo.breizhtorm.fr\/glenn\/services\/vivez-votre-hackathon\/#primaryimage\"},\"thumbnailUrl\":\"http:\/\/demo.breizhtorm.fr\/glenn\/wp-content\/uploads\/2025\/01\/glenn-innovation.png\",\"datePublished\":\"2025-01-15T16:12:33+00:00\",\"dateModified\":\"2025-02-05T19:26:15+00:00\",\"breadcrumb\":{\"@id\":\"http:\/\/demo.breizhtorm.fr\/glenn\/services\/vivez-votre-hackathon\/#breadcrumb\"},\"inLanguage\":\"fr-FR\",\"potentialAction\":[{\"@type\":\"ReadAction\",\"target\":[\"http:\/\/demo.breizhtorm.fr\/glenn\/services\/vivez-votre-hackathon\/\"]}]},{\"@type\":\"ImageObject\",\"inLanguage\":\"fr-FR\",\"@id\":\"http:\/\/demo.breizhtorm.fr\/glenn\/services\/vivez-votre-hackathon\/#primaryimage\",\"url\":\"https:\/\/demo.breizhtorm.fr\/glenn\/wp-content\/uploads\/2025\/01\/glenn-innovation.png\",\"contentUrl\":\"https:\/\/demo.breizhtorm.fr\/glenn\/wp-content\/uploads\/2025\/01\/glenn-innovation.png\",\"width\":992,\"height\":541},{\"@type\":\"BreadcrumbList\",\"@id\":\"http:\/\/demo.breizhtorm.fr\/glenn\/services\/vivez-votre-hackathon\/#breadcrumb\",\"itemListElement\":[{\"@type\":\"ListItem\",\"position\":1,\"name\":\"Accueil\",\"item\":\"https:\/\/demo.breizhtorm.fr\/glenn\/\"},{\"@type\":\"ListItem\",\"position\":2,\"name\":\"Services\",\"item\":\"https:\/\/demo.breizhtorm.fr\/glenn\/services\/\"},{\"@type\":\"ListItem\",\"position\":3,\"name\":\"Vivez votre hackathon\"}]},{\"@type\":\"WebSite\",\"@id\":\"https:\/\/demo.breizhtorm.fr\/glenn\/#website\",\"url\":\"https:\/\/demo.breizhtorm.fr\/glenn\/\",\"name\":\"Breizhtorm\",\"description\":\"\",\"publisher\":{\"@id\":\"https:\/\/demo.breizhtorm.fr\/glenn\/#organization\"},\"potentialAction\":[{\"@type\":\"SearchAction\",\"target\":{\"@type\":\"EntryPoint\",\"urlTemplate\":\"https:\/\/demo.breizhtorm.fr\/glenn\/?s={search_term_string}\"},\"query-input\":{\"@type\":\"PropertyValueSpecification\",\"valueRequired\":true,\"valueName\":\"search_term_string\"}}],\"inLanguage\":\"fr-FR\"},{\"@type\":\"Organization\",\"@id\":\"https:\/\/demo.breizhtorm.fr\/glenn\/#organization\",\"name\":\"Breizhtorm\",\"url\":\"https:\/\/demo.breizhtorm.fr\/glenn\/\",\"logo\":{\"@type\":\"ImageObject\",\"inLanguage\":\"fr-FR\",\"@id\":\"https:\/\/demo.breizhtorm.fr\/glenn\/#\/schema\/logo\/image\/\",\"url\":\"https:\/\/demo.breizhtorm.fr\/glenn\/wp-content\/uploads\/2025\/01\/Logo_glenn-bzh.png\",\"contentUrl\":\"https:\/\/demo.breizhtorm.fr\/glenn\/wp-content\/uploads\/2025\/01\/Logo_glenn-bzh.png\",\"width\":515,\"height\":91,\"caption\":\"Breizhtorm\"},\"image\":{\"@id\":\"https:\/\/demo.breizhtorm.fr\/glenn\/#\/schema\/logo\/image\/\"}}]}<\/script>\n<!-- \/ Yoast SEO plugin. -->","yoast_head_json":{"title":"Vivez votre hackathon - Glenn.bzh","robots":{"index":"noindex","follow":"follow","max-snippet":"max-snippet:-1","max-image-preview":"max-image-preview:large","max-video-preview":"max-video-preview:-1"},"og_locale":"fr_FR","og_type":"article","og_title":"Vivez votre hackathon - Glenn.bzh","og_url":"http:\/\/demo.breizhtorm.fr\/glenn\/services\/vivez-votre-hackathon\/","og_site_name":"Glenn.bzh","article_modified_time":"2025-02-05T19:26:15+00:00","og_image":[{"url":"http:\/\/demo.breizhtorm.fr\/glenn\/wp-content\/uploads\/2025\/01\/glenn-innovation.png","type":"","width":"","height":""}],"twitter_card":"summary_large_image","twitter_misc":{"Dur\u00e9e de lecture estim\u00e9e":"1 minute"},"schema":{"@context":"https:\/\/schema.org","@graph":[{"@type":"WebPage","@id":"http:\/\/demo.breizhtorm.fr\/glenn\/services\/vivez-votre-hackathon\/","url":"http:\/\/demo.breizhtorm.fr\/glenn\/services\/vivez-votre-hackathon\/","name":"Vivez votre hackathon - Glenn.bzh","isPartOf":{"@id":"https:\/\/demo.breizhtorm.fr\/glenn\/#website"},"primaryImageOfPage":{"@id":"http:\/\/demo.breizhtorm.fr\/glenn\/services\/vivez-votre-hackathon\/#primaryimage"},"image":{"@id":"http:\/\/demo.breizhtorm.fr\/glenn\/services\/vivez-votre-hackathon\/#primaryimage"},"thumbnailUrl":"http:\/\/demo.breizhtorm.fr\/glenn\/wp-content\/uploads\/2025\/01\/glenn-innovation.png","datePublished":"2025-01-15T16:12:33+00:00","dateModified":"2025-02-05T19:26:15+00:00","breadcrumb":{"@id":"http:\/\/demo.breizhtorm.fr\/glenn\/services\/vivez-votre-hackathon\/#breadcrumb"},"inLanguage":"fr-FR","potentialAction":[{"@type":"ReadAction","target":["http:\/\/demo.breizhtorm.fr\/glenn\/services\/vivez-votre-hackathon\/"]}]},{"@type":"ImageObject","inLanguage":"fr-FR","@id":"http:\/\/demo.breizhtorm.fr\/glenn\/services\/vivez-votre-hackathon\/#primaryimage","url":"https:\/\/demo.breizhtorm.fr\/glenn\/wp-content\/uploads\/2025\/01\/glenn-innovation.png","contentUrl":"https:\/\/demo.breizhtorm.fr\/glenn\/wp-content\/uploads\/2025\/01\/glenn-innovation.png","width":992,"height":541},{"@type":"BreadcrumbList","@id":"http:\/\/demo.breizhtorm.fr\/glenn\/services\/vivez-votre-hackathon\/#breadcrumb","itemListElement":[{"@type":"ListItem","position":1,"name":"Accueil","item":"https:\/\/demo.breizhtorm.fr\/glenn\/"},{"@type":"ListItem","position":2,"name":"Services","item":"https:\/\/demo.breizhtorm.fr\/glenn\/services\/"},{"@type":"ListItem","position":3,"name":"Vivez votre hackathon"}]},{"@type":"WebSite","@id":"https:\/\/demo.breizhtorm.fr\/glenn\/#website","url":"https:\/\/demo.breizhtorm.fr\/glenn\/","name":"Breizhtorm","description":"","publisher":{"@id":"https:\/\/demo.breizhtorm.fr\/glenn\/#organization"},"potentialAction":[{"@type":"SearchAction","target":{"@type":"EntryPoint","urlTemplate":"https:\/\/demo.breizhtorm.fr\/glenn\/?s={search_term_string}"},"query-input":{"@type":"PropertyValueSpecification","valueRequired":true,"valueName":"search_term_string"}}],"inLanguage":"fr-FR"},{"@type":"Organization","@id":"https:\/\/demo.breizhtorm.fr\/glenn\/#organization","name":"Breizhtorm","url":"https:\/\/demo.breizhtorm.fr\/glenn\/","logo":{"@type":"ImageObject","inLanguage":"fr-FR","@id":"https:\/\/demo.breizhtorm.fr\/glenn\/#\/schema\/logo\/image\/","url":"https:\/\/demo.breizhtorm.fr\/glenn\/wp-content\/uploads\/2025\/01\/Logo_glenn-bzh.png","contentUrl":"https:\/\/demo.breizhtorm.fr\/glenn\/wp-content\/uploads\/2025\/01\/Logo_glenn-bzh.png","width":515,"height":91,"caption":"Breizhtorm"},"image":{"@id":"https:\/\/demo.breizhtorm.fr\/glenn\/#\/schema\/logo\/image\/"}}]}},"_links":{"self":[{"href":"https:\/\/demo.breizhtorm.fr\/glenn\/wp-json\/wp\/v2\/pages\/1074","targetHints":{"allow":["GET"]}}],"collection":[{"href":"https:\/\/demo.breizhtorm.fr\/glenn\/wp-json\/wp\/v2\/pages"}],"about":[{"href":"https:\/\/demo.breizhtorm.fr\/glenn\/wp-json\/wp\/v2\/types\/page"}],"author":[{"embeddable":true,"href":"https:\/\/demo.breizhtorm.fr\/glenn\/wp-json\/wp\/v2\/users\/1"}],"replies":[{"embeddable":true,"href":"https:\/\/demo.breizhtorm.fr\/glenn\/wp-json\/wp\/v2\/comments?post=1074"}],"version-history":[{"count":29,"href":"https:\/\/demo.breizhtorm.fr\/glenn\/wp-json\/wp\/v2\/pages\/1074\/revisions"}],"predecessor-version":[{"id":1413,"href":"https:\/\/demo.breizhtorm.fr\/glenn\/wp-json\/wp\/v2\/pages\/1074\/revisions\/1413"}],"up":[{"embeddable":true,"href":"https:\/\/demo.breizhtorm.fr\/glenn\/wp-json\/wp\/v2\/pages\/1068"}],"wp:attachment":[{"href":"https:\/\/demo.breizhtorm.fr\/glenn\/wp-json\/wp\/v2\/media?parent=1074"}],"curies":[{"name":"wp","href":"https:\/\/api.w.org\/{rel}","templated":true}]}}