{"id":1092,"date":"2025-01-16T09:52:19","date_gmt":"2025-01-16T08:52:19","guid":{"rendered":"http:\/\/breizhtorm.lndo.site\/?page_id=1092"},"modified":"2025-02-06T15:36:59","modified_gmt":"2025-02-06T14:36:59","slug":"references","status":"publish","type":"page","link":"https:\/\/demo.breizhtorm.fr\/glenn\/references\/","title":{"rendered":"R\u00e9f\u00e9rences"},"content":{"rendered":"\n<section class=\"wp-block-bzh-section section pd-t-20 pd-b-40 pd-t-sm-40 pd-b-sm-80 pd-t-md-60 pd-b-md-100 has-gradient-2\">\n<div class=\"wrapper wrapper-xl wrapper-center\"><div class=\"wp-block-bzh-columns row are-vertically-aligned-top flex-column-mobile\">\n<div class=\"wp-block-bzh-column col\">\n<div class=\"wp-block-bzh-brick brick pd-b-20 pd-b-sm-40 pd-b-md-60\"><div class=\"brick__content\">\n        <p class=\"pre-title\">Cr\u00e9ateur de lien<\/p>\n\n        \n\n\n        <h1 class=\"title                 title--underline-blue        \">\n        Le storytelling :<br \/>un formidable outil de <span class=\"underline\">rassemblement<\/span>        <\/h1>\n        <\/div><\/div>\n<\/div>\n<\/div><\/div>\n<\/section>\n\n\n\n<section class=\"wp-block-bzh-section section pd-t-40 pd-b-40 pd-t-sm-80 pd-b-sm-80 pd-t-md-100 pd-b-md-100\">\n<div class=\"wrapper wrapper-xl wrapper-center\"><div class=\"wp-block-bzh-columns row are-vertically-aligned-top flex-column-mobile gap-sm-50 gap-md-100\">\n<div class=\"wp-block-bzh-column col col-sm-6\">\n<div class=\"wp-block-bzh-animate animate aos-init\" data-aos=\"fade-right\" data-aos-offset=\"120\" data-aos-delay=\"100\" data-aos-duration=\"600\" data-aos-easing=\"ease\" data-aos-once=\"true\" data-aos-anchor-placement=\"center-bottom\">\n<figure class=\"wp-block-image size-full\"><img loading=\"lazy\" decoding=\"async\" width=\"765\" height=\"726\" src=\"http:\/\/breizhtorm.lndo.site\/wp-content\/uploads\/2025\/01\/Glenn-storytelling.jpg\" alt=\"\" class=\"wp-image-1105\" srcset=\"https:\/\/demo.breizhtorm.fr\/glenn\/wp-content\/uploads\/2025\/01\/Glenn-storytelling.jpg 765w, https:\/\/demo.breizhtorm.fr\/glenn\/wp-content\/uploads\/2025\/01\/Glenn-storytelling-250x237.jpg 250w, https:\/\/demo.breizhtorm.fr\/glenn\/wp-content\/uploads\/2025\/01\/Glenn-storytelling-700x664.jpg 700w, https:\/\/demo.breizhtorm.fr\/glenn\/wp-content\/uploads\/2025\/01\/Glenn-storytelling-120x114.jpg 120w\" sizes=\"auto, (max-width: 765px) 100vw, 765px\" \/><\/figure>\n<\/div>\n<\/div>\n\n\n\n<div class=\"wp-block-bzh-column col col-sm-6\">\n<div class=\"wp-block-bzh-brick brick pd-t-40 pd-b-40\"><div class=\"brick__content\">\n<h2 class=\"wp-block-heading\">Qui je suis<\/h2>\n\n\n\n<p><strong>Passionn\u00e9 de communication sous toutes ses formes, j\u2019ai pass\u00e9 les 10 derni\u00e8res ann\u00e9es \u00e0 essayer de mieux comprendre le cerveau humain.<\/strong><\/p>\n\n\n\n<p>J\u2019ai toujours aim\u00e9 les histoires. J\u2019ai \u00e9cris des nouvelles, racont\u00e9 des blagues, fait de la magie, du th\u00e9\u00e2tre, lu des tonnes de livres et de BD, \u00e9crit des publicit\u00e9s, des sc\u00e9narios de jeux de r\u00f4les, des films, anim\u00e9 des s\u00e9minaires, donn\u00e9 des cours\u2026 Tout cela, je crois que je l\u2019ai fait par amour du storytelling et la joie qu\u2019on trouve \u00e0 se rapprocher des autres \u00e0 travers un r\u00e9cit. Avec une histoire, on peut f\u00e9d\u00e9rer, donner de l\u2019espoir, rendre amoureux. On peut passionner, int\u00e9resser, rendre curieux. On peut partager, apprendre, donner. Les r\u00e9volutions sont n\u00e9es d\u2019une histoire, tout comme les civilisations\u2026 C\u2019est un moteur puissant qui sert \u00e0 cr\u00e9er des liens.<\/p>\n<\/div><\/div>\n<\/div>\n<\/div><\/div>\n<\/section>\n\n\n\n<section class=\"wp-block-bzh-section section\">\n<div class=\"wrapper wrapper-xl wrapper-center\"><div class=\"wp-block-bzh-columns row are-vertically-aligned-top flex-column-mobile\">\n<div class=\"wp-block-bzh-column col\">\n<div class=\"wp-block-bzh-brick brick pd-t-40 pd-b-40 pd-t-sm-60 pd-b-sm-60 pd-t-md-80 pd-b-md-80 has-color-2-background-color has-background\"><div class=\"brick__content\">\n<blockquote class=\"wp-block-quote\">\n<p class=\"has-text-align-center\">\u201cJe crois fondamentalement que les <mark style=\"background-color:rgba(0, 0, 0, 0)\" class=\"has-inline-color has-color-3-color\">\u00e9motions<\/mark> priment sur la <mark style=\"background-color:rgba(0, 0, 0, 0)\" class=\"has-inline-color has-color-3-color\">raison<\/mark> en mati\u00e8re de communication et c\u2019est ce que j\u2019apporte \u00e0 mes clients.\u201d<\/p>\n<\/blockquote>\n<\/div><\/div>\n<\/div>\n<\/div><\/div>\n<\/section>\n\n\n\n<hr class=\"wp-block-bzh-spacer spacer pd-b-40 pd-b-sm-80 pd-b-md-100\"\/>\n\n\n\n<section class=\"wp-block-bzh-section section pd-t-40 pd-b-40 pd-t-sm-80 pd-b-sm-80 pd-t-md-100 pd-b-md-100 has-gradient-3\">\n<div class=\"wrapper wrapper-xl wrapper-center\"><div class=\"wp-block-bzh-columns row are-vertically-aligned-top flex-column-mobile\">\n<div class=\"wp-block-bzh-column col\">\n        <h2 class=\"title                 title--underline-blue         has-text-align-center\">\n        <span class=\"underline\">Exp\u00e9riences<\/span>        <\/h2>\n        \n\n\n<hr class=\"wp-block-bzh-spacer spacer pd-b-20 pd-b-sm-40 pd-b-md-60\"\/>\n<\/div>\n<\/div><\/div>\n\n\n\n<div class=\"wrapper wrapper-xl wrapper-center\"><div class=\"wp-block-bzh-columns row are-vertically-aligned-top flex-column-mobile gap-sm-20 gap-md-40\">\n<div class=\"wp-block-bzh-column col col-sm-4 col-md-3\">\n        <div class=\"xp\">\n            <figure class=\"xp__figure\">\n                <img decoding=\"async\" src=\"https:\/\/demo.breizhtorm.fr\/glenn\/wp-content\/uploads\/2025\/02\/Gif-logo-Bzhtorm.gif\">\n                <figcaption class=\"xp__caption\">\n                    <p class=\"xp__text\">\n                        J\u2019ai cr\u00e9\u00e9 plus de                        <span class=\"xp__featured\">150 logos<\/span>\n                    <\/p>\n                <\/h2>\n                <\/figcaption>\n            <\/figure>\n        <\/div>\n\n        <\/div>\n\n\n\n<div class=\"wp-block-bzh-column col col-sm-4 col-md-3\">\n        <div class=\"xp\">\n            <figure class=\"xp__figure\">\n                <img decoding=\"async\" src=\"https:\/\/demo.breizhtorm.fr\/glenn\/wp-content\/uploads\/2025\/01\/xp-2.jpg\">\n                <figcaption class=\"xp__caption\">\n                    <p class=\"xp__text\">\n                        J\u2019ai accompagn\u00e9 pr\u00e8s de                        <span class=\"xp__featured\">90 dirigeants<\/span>\n                    <\/p>\n                <\/h2>\n                <\/figcaption>\n            <\/figure>\n        <\/div>\n\n        <\/div>\n\n\n\n<div class=\"wp-block-bzh-column col col-sm-4 col-md-3\">\n        <div class=\"xp\">\n            <figure class=\"xp__figure\">\n                <img decoding=\"async\" src=\"https:\/\/demo.breizhtorm.fr\/glenn\/wp-content\/uploads\/2025\/01\/xp-3.jpg\">\n                <figcaption class=\"xp__caption\">\n                    <p class=\"xp__text\">\n                        J\u2019ai donn\u00e9 des cours de                        <span class=\"xp__featured\">communication<\/span>\n                    <\/p>\n                <\/h2>\n                <\/figcaption>\n            <\/figure>\n        <\/div>\n\n        <\/div>\n\n\n\n<div class=\"wp-block-bzh-column col col-sm-4 col-md-3\">\n        <div class=\"xp\">\n            <figure class=\"xp__figure\">\n                <img decoding=\"async\" src=\"https:\/\/demo.breizhtorm.fr\/glenn\/wp-content\/uploads\/2025\/01\/xp-4.jpg\">\n                <figcaption class=\"xp__caption\">\n                    <p class=\"xp__text\">\n                        J\u2019ai \u00e9t\u00e9 coach et mentor lors de                        <span class=\"xp__featured\">hackatons<\/span>\n                    <\/p>\n                <\/h2>\n                <\/figcaption>\n            <\/figure>\n        <\/div>\n\n        <\/div>\n\n\n\n<div class=\"wp-block-bzh-column col col-sm-4 col-md-3\">\n        <div class=\"xp\">\n            <figure class=\"xp__figure\">\n                <img decoding=\"async\" src=\"https:\/\/demo.breizhtorm.fr\/glenn\/wp-content\/uploads\/2025\/01\/xp-9.jpg\">\n                <figcaption class=\"xp__caption\">\n                    <p class=\"xp__text\">\n                        J\u2019ai \u00e9crit plus de                        <span class=\"xp__featured\">10 conf\u00e9rences<\/span>\n                    <\/p>\n                <\/h2>\n                <\/figcaption>\n            <\/figure>\n        <\/div>\n\n        <\/div>\n\n\n\n<div class=\"wp-block-bzh-column col col-sm-4 col-md-3\">\n        <div class=\"xp\">\n            <figure class=\"xp__figure\">\n                <img decoding=\"async\" src=\"https:\/\/demo.breizhtorm.fr\/glenn\/wp-content\/uploads\/2025\/01\/xp-6.jpg\">\n                <figcaption class=\"xp__caption\">\n                    <p class=\"xp__text\">\n                        Je suis engag\u00e9 comme                        <span class=\"xp__featured\">parrain YAO<\/span>\n                    <\/p>\n                <\/h2>\n                <\/figcaption>\n            <\/figure>\n        <\/div>\n\n        <\/div>\n\n\n\n<div class=\"wp-block-bzh-column col col-sm-4 col-md-3\">\n        <div class=\"xp\">\n            <figure class=\"xp__figure\">\n                <img decoding=\"async\" src=\"https:\/\/demo.breizhtorm.fr\/glenn\/wp-content\/uploads\/2025\/01\/xp-7.jpg\">\n                <figcaption class=\"xp__caption\">\n                    <p class=\"xp__text\">\n                        J\u2019\u00e9cris pour mes clients sur                        <span class=\"xp__featured\">Linkedin<\/span>\n                    <\/p>\n                <\/h2>\n                <\/figcaption>\n            <\/figure>\n        <\/div>\n\n        <\/div>\n\n\n\n<div class=\"wp-block-bzh-column col col-sm-4 col-md-3\">\n        <div class=\"xp\">\n            <figure class=\"xp__figure\">\n                <img decoding=\"async\" src=\"https:\/\/demo.breizhtorm.fr\/glenn\/wp-content\/uploads\/2025\/01\/xp-8.jpg\">\n                <figcaption class=\"xp__caption\">\n                    <p class=\"xp__text\">\n                        J\u2019ai con\u00e7u environ                        <span class=\"xp__featured\">250 publicit\u00e9s<\/span>\n                    <\/p>\n                <\/h2>\n                <\/figcaption>\n            <\/figure>\n        <\/div>\n\n        <\/div>\n<\/div><\/div>\n<\/section>\n\n\n\n<section class=\"wp-block-bzh-section section pd-t-40 pd-b-40 pd-t-sm-80 pd-b-sm-80 pd-t-md-100 pd-b-md-100\">\n<div class=\"wrapper wrapper-xl wrapper-center\"><div class=\"wp-block-bzh-columns row are-vertically-aligned-top flex-column-mobile gap-sm-50 gap-md-100\">\n<div class=\"wp-block-bzh-column col col-sm-6\">\n<div class=\"wp-block-bzh-animate animate aos-init\" data-aos=\"fade-right\" data-aos-offset=\"120\" data-aos-delay=\"100\" data-aos-duration=\"600\" data-aos-easing=\"ease\" data-aos-once=\"true\" data-aos-anchor-placement=\"center-bottom\">\n<figure class=\"wp-block-image size-full\"><img loading=\"lazy\" decoding=\"async\" width=\"1183\" height=\"696\" src=\"http:\/\/demo.breizhtorm.fr\/glenn\/wp-content\/uploads\/2025\/01\/glenn-podcast.jpg\" alt=\"\" class=\"wp-image-1148\" srcset=\"https:\/\/demo.breizhtorm.fr\/glenn\/wp-content\/uploads\/2025\/01\/glenn-podcast.jpg 1183w, https:\/\/demo.breizhtorm.fr\/glenn\/wp-content\/uploads\/2025\/01\/glenn-podcast-250x147.jpg 250w, https:\/\/demo.breizhtorm.fr\/glenn\/wp-content\/uploads\/2025\/01\/glenn-podcast-700x412.jpg 700w, https:\/\/demo.breizhtorm.fr\/glenn\/wp-content\/uploads\/2025\/01\/glenn-podcast-768x452.jpg 768w, https:\/\/demo.breizhtorm.fr\/glenn\/wp-content\/uploads\/2025\/01\/glenn-podcast-120x71.jpg 120w\" sizes=\"auto, (max-width: 1183px) 100vw, 1183px\" \/><\/figure>\n<\/div>\n<\/div>\n\n\n\n<div class=\"wp-block-bzh-column col col-sm-6\">\n<div class=\"wp-block-bzh-brick brick pd-t-40 pd-b-40\"><div class=\"brick__content\">\n<h2 class=\"wp-block-heading\">J\u2019ai \u00e9t\u00e9 invit\u00e9 sur le <br>Podcast POURQUOI <br>de Fran\u00e7ois Galiana<\/h2>\n\n\n\n<p>Un \u00e9change convivial sur la prise de d\u00e9cision et la place que prennent les automatismes du cerveau et les biais cognitifs dans celle-ci.<\/p>\n\n\n\n<p class=\"has-color-3-color has-text-color has-link-color wp-elements-cefd4ee0dab0ed3ee1a204d29b0370ea\"><strong>D\u00e9couvrir le podcast : <\/strong><br><\/p>\n\n\n\n<div class=\"wp-block-bzh-button btn btn--multiple btn--left\"><a class=\"btn__link  has-color-2-background-color  has-white-hover-background-color  has-color-1-color  has-color-1-hover-color  has-color-2-border-color  has-color-2-hover-border-color\" href=\"https:\/\/open.spotify.com\/episode\/6LHEO3FInxGyhuJMybncYo?si=r8trolxLTEWar0YPn6cfIw\" target=\"_blank\" rel=\" \">Spotify<\/a><\/div>\n\n\n\n<div class=\"wp-block-bzh-button btn btn--multiple btn--left\"><a class=\"btn__link  has-color-2-background-color  has-white-hover-background-color  has-color-1-color  has-color-1-hover-color  has-color-2-border-color  has-color-2-hover-border-color\" href=\"https:\/\/podcasts.apple.com\/ma\/podcast\/le-pouvoir-des-d%C3%A9cisions-une-conversation-avec-glenn\/id1668675486?i=1000649748526&amp;l=fr-FR\" target=\"_blank\" rel=\" \">Apple<\/a><\/div>\n<\/div><\/div>\n<\/div>\n<\/div><\/div>\n<\/section>\n\n\n\n<section class=\"wp-block-bzh-section section pd-t-40 pd-b-40 pd-t-sm-60 pd-b-sm-80 pd-t-md-80 pd-b-md-100 has-color-4-background-color has-background\">\n<div class=\"wrapper wrapper-xl wrapper-center\"><div class=\"wp-block-bzh-columns row are-vertically-aligned-top flex-column-mobile\">\n<div class=\"wp-block-bzh-column col\">\n        <h2 class=\"title                 title--underline-blue         has-text-align-center\">\n        Ils me font <span class=\"circle\">confiance<\/span>        <\/h2>\n        <\/div>\n<\/div><\/div>\n\n\n\n<div class=\"wp-block-bzh-brick brick pd-t-40 pd-t-sm-60 pd-t-md-80\"><div class=\"brick__content\">\n<div class=\"wrapper wrapper-xl wrapper-center\"><div class=\"wp-block-bzh-columns row are-vertically-aligned-full flex-column-mobile gap-sm-40 gap-md-80\">\n<div class=\"wp-block-bzh-column col col-sm-4\">\n        <div class=\"thought\">\n            <figure class=\"thought__figure\">\n                <img decoding=\"async\" class=\"thought__stars\" src=\"https:\/\/demo.breizhtorm.fr\/glenn\/wp-content\/themes\/glenn\/assets\/images\/5stars.png\" >\n            <\/figure>\n            <div class=\"thought__text\">\n                <p>\u201cAccueil tr\u00e8s sympathique , Glenn est \u00e0 l&rsquo;\u00e9coute du projet et j&rsquo;ai toute confiance en sa cr\u00e9ativit\u00e9.<br \/>Il connait parfaitement les tendances actuelles de communication et sait me conseiller en terme de strat\u00e9gie.\u201d<\/p>\n            <\/div>\n            <div class=\"thought__signature\">\n                <p class=\"thought__name\">C\u00e9line Verger<\/p>\n                <p class=\"thought__company\"><strong><\/strong><\/p>\n            <\/div>\n        <\/div>\n\n        \n\n\n<div class=\"wp-block-bzh-animate animate aos-init\" data-aos=\"fade-right\" data-aos-offset=\"120\" data-aos-delay=\"100\" data-aos-duration=\"600\" data-aos-easing=\"ease\" data-aos-once=\"true\" data-aos-anchor-placement=\"center-bottom\"><\/div>\n<\/div>\n\n\n\n<div class=\"wp-block-bzh-column col col-sm-4\">\n        <div class=\"thought\">\n            <figure class=\"thought__figure\">\n                <img decoding=\"async\" class=\"thought__stars\" src=\"https:\/\/demo.breizhtorm.fr\/glenn\/wp-content\/themes\/glenn\/assets\/images\/5stars.png\" >\n            <\/figure>\n            <div class=\"thought__text\">\n                <p>\u201cUn grand merci \u00e0 Glenn pour son accompagnement dans la formalisation de ma communication. En plus de son \u00e9coute et de ses conseils, avec lui, vous n&rsquo;avez pas le temps de vous endormir. Un vrai coach !\u201d<\/p>\n            <\/div>\n            <div class=\"thought__signature\">\n                <p class=\"thought__name\">Adeline Collay<\/p>\n                <p class=\"thought__company\"><strong><\/strong><\/p>\n            <\/div>\n        <\/div>\n\n        \n\n\n<div class=\"wp-block-bzh-animate animate aos-init\" data-aos=\"fade-up\" data-aos-offset=\"120\" data-aos-delay=\"100\" data-aos-duration=\"600\" data-aos-easing=\"ease\" data-aos-once=\"true\" data-aos-anchor-placement=\"center-bottom\"><\/div>\n<\/div>\n\n\n\n<div class=\"wp-block-bzh-column col col-sm-4\">\n        <div class=\"thought\">\n            <figure class=\"thought__figure\">\n                <img decoding=\"async\" class=\"thought__stars\" src=\"https:\/\/demo.breizhtorm.fr\/glenn\/wp-content\/themes\/glenn\/assets\/images\/5stars.png\" >\n            <\/figure>\n            <div class=\"thought__text\">\n                <p>\u201cUn grand merci \u00e0 Glenn pour son accompagnement tr\u00e8s pro dans la conception de l\u2019identit\u00e9 visuelle de ma marque, j\u2019adore!! Et merci pour le soutien dans les moments de doute, quand on ne sait plus comment on va s\u2019appeler! Je recommande vivement\u201d<\/p>\n            <\/div>\n            <div class=\"thought__signature\">\n                <p class=\"thought__name\">Karine Martin<\/p>\n                <p class=\"thought__company\"><strong><\/strong><\/p>\n            <\/div>\n        <\/div>\n\n        \n\n\n<div class=\"wp-block-bzh-animate animate aos-init\" data-aos=\"fade-left\" data-aos-offset=\"120\" data-aos-delay=\"100\" data-aos-duration=\"600\" data-aos-easing=\"ease\" data-aos-once=\"true\" data-aos-anchor-placement=\"center-bottom\"><\/div>\n<\/div>\n<\/div><\/div>\n<\/div><\/div>\n<\/section>\n","protected":false},"excerpt":{"rendered":"","protected":false},"author":1,"featured_media":0,"parent":0,"menu_order":0,"comment_status":"closed","ping_status":"closed","template":"","meta":{"footnotes":""},"class_list":["post-1092","page","type-page","status-publish","hentry"],"yoast_head":"<!-- This site is optimized with the Yoast SEO plugin v24.4 - https:\/\/yoast.com\/wordpress\/plugins\/seo\/ -->\n<title>R\u00e9f\u00e9rences - Glenn.bzh<\/title>\n<meta name=\"robots\" content=\"noindex, follow, max-snippet:-1, max-image-preview:large, max-video-preview:-1\" \/>\n<meta property=\"og:locale\" content=\"fr_FR\" \/>\n<meta property=\"og:type\" content=\"article\" \/>\n<meta property=\"og:title\" content=\"R\u00e9f\u00e9rences - Glenn.bzh\" \/>\n<meta property=\"og:url\" content=\"https:\/\/demo.breizhtorm.fr\/glenn\/references\/\" \/>\n<meta property=\"og:site_name\" content=\"Glenn.bzh\" \/>\n<meta property=\"article:modified_time\" content=\"2025-02-06T14:36:59+00:00\" \/>\n<meta property=\"og:image\" content=\"http:\/\/breizhtorm.lndo.site\/wp-content\/uploads\/2025\/01\/Glenn-storytelling.jpg\" \/>\n<meta name=\"twitter:card\" content=\"summary_large_image\" \/>\n<meta name=\"twitter:label1\" content=\"Dur\u00e9e de lecture estim\u00e9e\" \/>\n\t<meta name=\"twitter:data1\" content=\"2 minutes\" \/>\n<script type=\"application\/ld+json\" class=\"yoast-schema-graph\">{\"@context\":\"https:\/\/schema.org\",\"@graph\":[{\"@type\":\"WebPage\",\"@id\":\"https:\/\/demo.breizhtorm.fr\/glenn\/references\/\",\"url\":\"https:\/\/demo.breizhtorm.fr\/glenn\/references\/\",\"name\":\"R\u00e9f\u00e9rences - Glenn.bzh\",\"isPartOf\":{\"@id\":\"https:\/\/demo.breizhtorm.fr\/glenn\/#website\"},\"primaryImageOfPage\":{\"@id\":\"https:\/\/demo.breizhtorm.fr\/glenn\/references\/#primaryimage\"},\"image\":{\"@id\":\"https:\/\/demo.breizhtorm.fr\/glenn\/references\/#primaryimage\"},\"thumbnailUrl\":\"http:\/\/breizhtorm.lndo.site\/wp-content\/uploads\/2025\/01\/Glenn-storytelling.jpg\",\"datePublished\":\"2025-01-16T08:52:19+00:00\",\"dateModified\":\"2025-02-06T14:36:59+00:00\",\"breadcrumb\":{\"@id\":\"https:\/\/demo.breizhtorm.fr\/glenn\/references\/#breadcrumb\"},\"inLanguage\":\"fr-FR\",\"potentialAction\":[{\"@type\":\"ReadAction\",\"target\":[\"https:\/\/demo.breizhtorm.fr\/glenn\/references\/\"]}]},{\"@type\":\"ImageObject\",\"inLanguage\":\"fr-FR\",\"@id\":\"https:\/\/demo.breizhtorm.fr\/glenn\/references\/#primaryimage\",\"url\":\"http:\/\/breizhtorm.lndo.site\/wp-content\/uploads\/2025\/01\/Glenn-storytelling.jpg\",\"contentUrl\":\"http:\/\/breizhtorm.lndo.site\/wp-content\/uploads\/2025\/01\/Glenn-storytelling.jpg\"},{\"@type\":\"BreadcrumbList\",\"@id\":\"https:\/\/demo.breizhtorm.fr\/glenn\/references\/#breadcrumb\",\"itemListElement\":[{\"@type\":\"ListItem\",\"position\":1,\"name\":\"Accueil\",\"item\":\"https:\/\/demo.breizhtorm.fr\/glenn\/\"},{\"@type\":\"ListItem\",\"position\":2,\"name\":\"R\u00e9f\u00e9rences\"}]},{\"@type\":\"WebSite\",\"@id\":\"https:\/\/demo.breizhtorm.fr\/glenn\/#website\",\"url\":\"https:\/\/demo.breizhtorm.fr\/glenn\/\",\"name\":\"Breizhtorm\",\"description\":\"\",\"publisher\":{\"@id\":\"https:\/\/demo.breizhtorm.fr\/glenn\/#organization\"},\"potentialAction\":[{\"@type\":\"SearchAction\",\"target\":{\"@type\":\"EntryPoint\",\"urlTemplate\":\"https:\/\/demo.breizhtorm.fr\/glenn\/?s={search_term_string}\"},\"query-input\":{\"@type\":\"PropertyValueSpecification\",\"valueRequired\":true,\"valueName\":\"search_term_string\"}}],\"inLanguage\":\"fr-FR\"},{\"@type\":\"Organization\",\"@id\":\"https:\/\/demo.breizhtorm.fr\/glenn\/#organization\",\"name\":\"Breizhtorm\",\"url\":\"https:\/\/demo.breizhtorm.fr\/glenn\/\",\"logo\":{\"@type\":\"ImageObject\",\"inLanguage\":\"fr-FR\",\"@id\":\"https:\/\/demo.breizhtorm.fr\/glenn\/#\/schema\/logo\/image\/\",\"url\":\"https:\/\/demo.breizhtorm.fr\/glenn\/wp-content\/uploads\/2025\/01\/Logo_glenn-bzh.png\",\"contentUrl\":\"https:\/\/demo.breizhtorm.fr\/glenn\/wp-content\/uploads\/2025\/01\/Logo_glenn-bzh.png\",\"width\":515,\"height\":91,\"caption\":\"Breizhtorm\"},\"image\":{\"@id\":\"https:\/\/demo.breizhtorm.fr\/glenn\/#\/schema\/logo\/image\/\"}}]}<\/script>\n<!-- \/ Yoast SEO plugin. -->","yoast_head_json":{"title":"R\u00e9f\u00e9rences - Glenn.bzh","robots":{"index":"noindex","follow":"follow","max-snippet":"max-snippet:-1","max-image-preview":"max-image-preview:large","max-video-preview":"max-video-preview:-1"},"og_locale":"fr_FR","og_type":"article","og_title":"R\u00e9f\u00e9rences - Glenn.bzh","og_url":"https:\/\/demo.breizhtorm.fr\/glenn\/references\/","og_site_name":"Glenn.bzh","article_modified_time":"2025-02-06T14:36:59+00:00","og_image":[{"url":"http:\/\/breizhtorm.lndo.site\/wp-content\/uploads\/2025\/01\/Glenn-storytelling.jpg","type":"","width":"","height":""}],"twitter_card":"summary_large_image","twitter_misc":{"Dur\u00e9e de lecture estim\u00e9e":"2 minutes"},"schema":{"@context":"https:\/\/schema.org","@graph":[{"@type":"WebPage","@id":"https:\/\/demo.breizhtorm.fr\/glenn\/references\/","url":"https:\/\/demo.breizhtorm.fr\/glenn\/references\/","name":"R\u00e9f\u00e9rences - Glenn.bzh","isPartOf":{"@id":"https:\/\/demo.breizhtorm.fr\/glenn\/#website"},"primaryImageOfPage":{"@id":"https:\/\/demo.breizhtorm.fr\/glenn\/references\/#primaryimage"},"image":{"@id":"https:\/\/demo.breizhtorm.fr\/glenn\/references\/#primaryimage"},"thumbnailUrl":"http:\/\/breizhtorm.lndo.site\/wp-content\/uploads\/2025\/01\/Glenn-storytelling.jpg","datePublished":"2025-01-16T08:52:19+00:00","dateModified":"2025-02-06T14:36:59+00:00","breadcrumb":{"@id":"https:\/\/demo.breizhtorm.fr\/glenn\/references\/#breadcrumb"},"inLanguage":"fr-FR","potentialAction":[{"@type":"ReadAction","target":["https:\/\/demo.breizhtorm.fr\/glenn\/references\/"]}]},{"@type":"ImageObject","inLanguage":"fr-FR","@id":"https:\/\/demo.breizhtorm.fr\/glenn\/references\/#primaryimage","url":"http:\/\/breizhtorm.lndo.site\/wp-content\/uploads\/2025\/01\/Glenn-storytelling.jpg","contentUrl":"http:\/\/breizhtorm.lndo.site\/wp-content\/uploads\/2025\/01\/Glenn-storytelling.jpg"},{"@type":"BreadcrumbList","@id":"https:\/\/demo.breizhtorm.fr\/glenn\/references\/#breadcrumb","itemListElement":[{"@type":"ListItem","position":1,"name":"Accueil","item":"https:\/\/demo.breizhtorm.fr\/glenn\/"},{"@type":"ListItem","position":2,"name":"R\u00e9f\u00e9rences"}]},{"@type":"WebSite","@id":"https:\/\/demo.breizhtorm.fr\/glenn\/#website","url":"https:\/\/demo.breizhtorm.fr\/glenn\/","name":"Breizhtorm","description":"","publisher":{"@id":"https:\/\/demo.breizhtorm.fr\/glenn\/#organization"},"potentialAction":[{"@type":"SearchAction","target":{"@type":"EntryPoint","urlTemplate":"https:\/\/demo.breizhtorm.fr\/glenn\/?s={search_term_string}"},"query-input":{"@type":"PropertyValueSpecification","valueRequired":true,"valueName":"search_term_string"}}],"inLanguage":"fr-FR"},{"@type":"Organization","@id":"https:\/\/demo.breizhtorm.fr\/glenn\/#organization","name":"Breizhtorm","url":"https:\/\/demo.breizhtorm.fr\/glenn\/","logo":{"@type":"ImageObject","inLanguage":"fr-FR","@id":"https:\/\/demo.breizhtorm.fr\/glenn\/#\/schema\/logo\/image\/","url":"https:\/\/demo.breizhtorm.fr\/glenn\/wp-content\/uploads\/2025\/01\/Logo_glenn-bzh.png","contentUrl":"https:\/\/demo.breizhtorm.fr\/glenn\/wp-content\/uploads\/2025\/01\/Logo_glenn-bzh.png","width":515,"height":91,"caption":"Breizhtorm"},"image":{"@id":"https:\/\/demo.breizhtorm.fr\/glenn\/#\/schema\/logo\/image\/"}}]}},"_links":{"self":[{"href":"https:\/\/demo.breizhtorm.fr\/glenn\/wp-json\/wp\/v2\/pages\/1092","targetHints":{"allow":["GET"]}}],"collection":[{"href":"https:\/\/demo.breizhtorm.fr\/glenn\/wp-json\/wp\/v2\/pages"}],"about":[{"href":"https:\/\/demo.breizhtorm.fr\/glenn\/wp-json\/wp\/v2\/types\/page"}],"author":[{"embeddable":true,"href":"https:\/\/demo.breizhtorm.fr\/glenn\/wp-json\/wp\/v2\/users\/1"}],"replies":[{"embeddable":true,"href":"https:\/\/demo.breizhtorm.fr\/glenn\/wp-json\/wp\/v2\/comments?post=1092"}],"version-history":[{"count":55,"href":"https:\/\/demo.breizhtorm.fr\/glenn\/wp-json\/wp\/v2\/pages\/1092\/revisions"}],"predecessor-version":[{"id":1434,"href":"https:\/\/demo.breizhtorm.fr\/glenn\/wp-json\/wp\/v2\/pages\/1092\/revisions\/1434"}],"wp:attachment":[{"href":"https:\/\/demo.breizhtorm.fr\/glenn\/wp-json\/wp\/v2\/media?parent=1092"}],"curies":[{"name":"wp","href":"https:\/\/api.w.org\/{rel}","templated":true}]}}