{"id":320,"date":"2024-12-10T13:47:18","date_gmt":"2024-12-10T12:47:18","guid":{"rendered":"http:\/\/demo.breizhtorm.fr\/kolb\/?page_id=320"},"modified":"2025-01-10T16:57:07","modified_gmt":"2025-01-10T15:57:07","slug":"ravalement","status":"publish","type":"page","link":"https:\/\/demo.breizhtorm.fr\/kolb\/ravalement\/","title":{"rendered":"Ravalement"},"content":{"rendered":"\n<div class=\"wp-block-bzh-brick brick pd-b-40 pd-b-sm-80 pd-b-md-100\"><div class=\"brick__content\">\n<div class=\"txtmedia\"><div class=\"wp-block-bzh-txtmedia alignwide txtmedia__inner is-stacked-on-mobile txtmedia--width-50 is-vertically-aligned-top is-round full-width\"><div class=\"txtmedia__wrapper\"><figure class=\"txtmedia__media\"><img loading=\"lazy\" decoding=\"async\" width=\"700\" height=\"360\" src=\"http:\/\/demo.breizhtorm.fr\/kolb\/wp-content\/uploads\/2024\/12\/kolb-acigne-ravalement-14-700x360.jpg\" alt=\"\" class=\"wp-image-323 size-full\" srcset=\"https:\/\/demo.breizhtorm.fr\/kolb\/wp-content\/uploads\/2024\/12\/kolb-acigne-ravalement-14-700x360.jpg 700w, https:\/\/demo.breizhtorm.fr\/kolb\/wp-content\/uploads\/2024\/12\/kolb-acigne-ravalement-14-250x129.jpg 250w, https:\/\/demo.breizhtorm.fr\/kolb\/wp-content\/uploads\/2024\/12\/kolb-acigne-ravalement-14-768x395.jpg 768w, https:\/\/demo.breizhtorm.fr\/kolb\/wp-content\/uploads\/2024\/12\/kolb-acigne-ravalement-14-1536x791.jpg 1536w, https:\/\/demo.breizhtorm.fr\/kolb\/wp-content\/uploads\/2024\/12\/kolb-acigne-ravalement-14-120x62.jpg 120w, https:\/\/demo.breizhtorm.fr\/kolb\/wp-content\/uploads\/2024\/12\/kolb-acigne-ravalement-14-450x232.jpg 450w, https:\/\/demo.breizhtorm.fr\/kolb\/wp-content\/uploads\/2024\/12\/kolb-acigne-ravalement-14.jpg 1542w\" sizes=\"auto, (max-width: 700px) 100vw, 700px\" \/><\/figure><div class=\"txtmedia__content\">\n<h2 class=\"wp-block-heading title\">Ravalement \/ <br>Menuiseries <br>Ext\u00e9rieures<\/h2>\n\n\n\n<h3 class=\"wp-block-heading has-color-2-color has-text-color has-link-color wp-elements-adaee718e78c6a5caec538cbd417b223\">Donnez du caract\u00e8re \u00e0 votre fa\u00e7ade<\/h3>\n\n\n\n<div class=\"wp-block-bzh-brick brick pd-l-sm-40 pd-l-md-80\"><div class=\"brick__content\">\n<p>La fa\u00e7ade est par excellence l\u2019image que l\u2019on pr\u00e9sente de sa maison. Il est donc important que cette fa\u00e7ade soit \u00e0 votre go\u00fbt. Votre fa\u00e7ade est-elle d\u00e9fra\u00eechie ? Concorde-telle avec le style de votre maison ? Le temps serait-il venu de faire le ravalement de votre fa\u00e7ade?<\/p>\n\n\n\n<p>Mais par o\u00f9 commencer quand on entreprend le ravalement de fa\u00e7ade ? Faut-il faire un simple nettoyage ? Quand faut-il peindre ? Comment traiter les fissures?<\/p>\n<\/div><\/div>\n<\/div><\/div><\/div><\/div>\n<\/div><\/div>\n\n\n\n<div class=\"txtmedia\"><div class=\"wp-block-bzh-txtmedia alignwide txtmedia__inner has-media-on-the-right is-stacked-on-mobile txtmedia--width-50 is-high\"><div class=\"txtmedia__wrapper\"><figure class=\"txtmedia__media\"><img loading=\"lazy\" decoding=\"async\" width=\"2560\" height=\"1707\" src=\"http:\/\/demo.breizhtorm.fr\/kolb\/wp-content\/uploads\/2024\/12\/kolb-acigne-ravalement-10.jpg\" alt=\"\" class=\"wp-image-451 size-full\" srcset=\"https:\/\/demo.breizhtorm.fr\/kolb\/wp-content\/uploads\/2024\/12\/kolb-acigne-ravalement-10.jpg 2560w, https:\/\/demo.breizhtorm.fr\/kolb\/wp-content\/uploads\/2024\/12\/kolb-acigne-ravalement-10-250x167.jpg 250w, https:\/\/demo.breizhtorm.fr\/kolb\/wp-content\/uploads\/2024\/12\/kolb-acigne-ravalement-10-700x467.jpg 700w, https:\/\/demo.breizhtorm.fr\/kolb\/wp-content\/uploads\/2024\/12\/kolb-acigne-ravalement-10-768x512.jpg 768w, https:\/\/demo.breizhtorm.fr\/kolb\/wp-content\/uploads\/2024\/12\/kolb-acigne-ravalement-10-1536x1024.jpg 1536w, https:\/\/demo.breizhtorm.fr\/kolb\/wp-content\/uploads\/2024\/12\/kolb-acigne-ravalement-10-2048x1366.jpg 2048w, https:\/\/demo.breizhtorm.fr\/kolb\/wp-content\/uploads\/2024\/12\/kolb-acigne-ravalement-10-120x80.jpg 120w, https:\/\/demo.breizhtorm.fr\/kolb\/wp-content\/uploads\/2024\/12\/kolb-acigne-ravalement-10-450x300.jpg 450w\" sizes=\"auto, (max-width: 2560px) 100vw, 2560px\" \/><\/figure><div class=\"txtmedia__content\">\n<h3 class=\"wp-block-heading has-color-2-color has-text-color has-link-color wp-elements-bba89b21c1be5d499e31508d21ebe11c\">Le ravalement<\/h3>\n\n\n\n<div class=\"wp-block-bzh-brick brick pd-b-40 pd-b-sm-60 pd-l-sm-40 pd-b-md-80 pd-l-md-80\"><div class=\"brick__content\">\n<p>Les fa\u00e7ades subissent les effets du temps. Les mousses, algues, lichens, se d\u00e9veloppent et les noirs de pollution se fixent dessus. Votre maison travaille avec le temps et d\u2019\u00e9ventuelles fissures, qui peuvent para\u00eetre anodines, mettent peut-\u00eatre en p\u00e9ril la bonne sant\u00e9 de vos murs. Pour y rem\u00e9dier, un simple nettoyage n\u2019est pas suffisant. Il faut r\u00e9nover et prot\u00e9ger durablement votre fa\u00e7ade contre les agents atmosph\u00e9riques (pluie, gel\u2026) et contre la pollution.<\/p>\n\n\n\n<p>Nous vous accompagnons sur les d\u00e9marches administratives relatives \u00e0 votre ravalement<\/p>\n<\/div><\/div>\n<\/div><\/div><\/div><\/div>\n\n\n\n<div class=\"txtmedia\"><div class=\"wp-block-bzh-txtmedia alignwide txtmedia__inner is-stacked-on-mobile txtmedia--width-50 is-vertically-aligned-center is-high\"><div class=\"txtmedia__wrapper\"><figure class=\"txtmedia__media\"><img loading=\"lazy\" decoding=\"async\" width=\"768\" height=\"1024\" src=\"http:\/\/demo.breizhtorm.fr\/kolb\/wp-content\/uploads\/2024\/12\/kolb-acigne-ravalement-9.jpeg\" alt=\"\" class=\"wp-image-452 size-full\" srcset=\"https:\/\/demo.breizhtorm.fr\/kolb\/wp-content\/uploads\/2024\/12\/kolb-acigne-ravalement-9.jpeg 768w, https:\/\/demo.breizhtorm.fr\/kolb\/wp-content\/uploads\/2024\/12\/kolb-acigne-ravalement-9-250x333.jpeg 250w, https:\/\/demo.breizhtorm.fr\/kolb\/wp-content\/uploads\/2024\/12\/kolb-acigne-ravalement-9-700x933.jpeg 700w, https:\/\/demo.breizhtorm.fr\/kolb\/wp-content\/uploads\/2024\/12\/kolb-acigne-ravalement-9-120x160.jpeg 120w, https:\/\/demo.breizhtorm.fr\/kolb\/wp-content\/uploads\/2024\/12\/kolb-acigne-ravalement-9-450x600.jpeg 450w\" sizes=\"auto, (max-width: 768px) 100vw, 768px\" \/><\/figure><div class=\"txtmedia__content\">\n<div class=\"wp-block-bzh-brick brick pd-t-40 pd-b-40 pd-t-sm-60 pd-b-sm-60 pd-t-md-80 pd-b-md-80\"><div class=\"brick__content\">\n<h3 class=\"wp-block-heading has-color-2-color has-text-color has-link-color wp-elements-ff60e84be7cbbcd5d1b1b5e688a5e9a4\">Les menuiseries ext\u00e9rieures<\/h3>\n\n\n\n<div class=\"wp-block-bzh-brick brick pd-l-sm-40 pd-l-md-80\"><div class=\"brick__content\">\n<p>Les menuiseries ext\u00e9rieures jouent un r\u00f4le essentiel dans l\u2019esth\u00e9tique de votre habitat et de votre fa\u00e7ade. Fen\u00eatres, portes, baies vitr\u00e9es ou volets, d\u00e9finissent le caract\u00e8re de votre habitat.<\/p>\n\n\n\n<p>Nous vous proposons une large gamme de teintes et de nature de peinture, pour que la r\u00e9novation de vos menuiseries s\u2019int\u00e8grent parfaitement \u00e0 votre projet, qu\u2019il soit contemporain ou traditionnel.<\/p>\n<\/div><\/div>\n<\/div><\/div>\n<\/div><\/div><\/div><\/div>\n\n\n\n<div class=\"txtmedia\"><div class=\"wp-block-bzh-txtmedia alignwide txtmedia__inner has-media-on-the-right is-stacked-on-mobile txtmedia--width-50 is-vertically-aligned-center is-high\"><div class=\"txtmedia__wrapper\"><figure class=\"txtmedia__media\"><img loading=\"lazy\" decoding=\"async\" width=\"700\" height=\"447\" src=\"http:\/\/demo.breizhtorm.fr\/kolb\/wp-content\/uploads\/2024\/12\/kolb-acigne-peinture-29-700x447.jpg\" alt=\"\" class=\"wp-image-236 size-full\" srcset=\"https:\/\/demo.breizhtorm.fr\/kolb\/wp-content\/uploads\/2024\/12\/kolb-acigne-peinture-29-700x447.jpg 700w, https:\/\/demo.breizhtorm.fr\/kolb\/wp-content\/uploads\/2024\/12\/kolb-acigne-peinture-29-250x160.jpg 250w, https:\/\/demo.breizhtorm.fr\/kolb\/wp-content\/uploads\/2024\/12\/kolb-acigne-peinture-29-768x491.jpg 768w, https:\/\/demo.breizhtorm.fr\/kolb\/wp-content\/uploads\/2024\/12\/kolb-acigne-peinture-29-120x77.jpg 120w, https:\/\/demo.breizhtorm.fr\/kolb\/wp-content\/uploads\/2024\/12\/kolb-acigne-peinture-29-450x288.jpg 450w, https:\/\/demo.breizhtorm.fr\/kolb\/wp-content\/uploads\/2024\/12\/kolb-acigne-peinture-29.jpg 1440w\" sizes=\"auto, (max-width: 700px) 100vw, 700px\" \/><\/figure><div class=\"txtmedia__content\">\n<div class=\"wp-block-bzh-brick brick pd-t-40 pd-b-40 pd-t-sm-60 pd-b-sm-60 pd-t-md-80 pd-b-md-80\"><div class=\"brick__content\">\n<h3 class=\"wp-block-heading has-color-2-color has-text-color has-link-color wp-elements-e41c4e0ca1fbf35ffe00adca784f08c5\">Restauration et conservation du patrimoine architectural<\/h3>\n\n\n\n<div class=\"wp-block-bzh-brick brick pd-l-sm-40 pd-l-md-80\"><div class=\"brick__content\">\n<p>La restauration et la conservation des monuments et du patrimoine anciens font partie du savoir-faire historique de notre entreprise.<\/p>\n\n\n\n<p>Nous \u0153uvrons aussi bien sur les immeubles \u00e0 pans de bois que sur les \u00e9glises et les demeures. Chaque projet est caract\u00e9ris\u00e9 par des produits et des techniques de mise en \u0153uvre qui lui sont propres tout en accordant une importance fondamentale \u00e0 l\u2019\u00e2me et \u00e0 l\u2019histoire de votre projet.<\/p>\n\n\n\n<p>Soucis de r\u00e9pondre \u00e0 vos attentes et \u00e0 celles des architectes, nos \u00e9quipes vous accompagnent pour vous garantir un r\u00e9sultat \u00e0 la hauteur de votre projet.<\/p>\n<\/div><\/div>\n<\/div><\/div>\n<\/div><\/div><\/div><\/div>\n\n\n\n<hr class=\"wp-block-bzh-spacer spacer pd-b-20 pd-b-sm-40 pd-b-md-60\"\/>\n\n\n\n<section class=\"wp-block-bzh-section section pd-t-40 pd-b-40 pd-t-sm-60 pd-b-sm-80 pd-t-md-80 pd-b-md-100\">\n<div class=\"wrapper wrapper-xl wrapper-center\"><div class=\"wp-block-bzh-columns row are-vertically-aligned-top flex-column-mobile\">\n<div class=\"wp-block-bzh-column col\">\n<h3 class=\"wp-block-heading has-text-align-center has-color-1-color has-text-color has-link-color wp-elements-dac3db2e5510617c8e8c687d29fe2a58\">Le changement vient de l&rsquo;int\u00e9rieur<\/h3>\n\n\n\n        <a class=\"circle-btn\" href=\"https:\/\/demo.breizhtorm.fr\/kolb\/contact\/\">\n            <span class=\"circle-btn__top\">Prendre<\/span>\n            <span class=\"circle-btn__bottom\">RDV<\/span>\n        <\/a>\n\n        <\/div>\n<\/div><\/div>\n<\/section>\n\n\n\n<section class=\"wp-block-bzh-section section pd-b-40 pd-b-sm-80 pd-b-md-100\">\n<div class=\"wrapper wrapper-xl wrapper-center\"><div class=\"wp-block-bzh-columns row are-vertically-aligned-top flex-column-mobile\">\n<div class=\"wp-block-bzh-column col\">\n<h2 class=\"wp-block-heading title\">Nos r\u00e9alisations<\/h2>\n\n\n\n        <div class=\"gallery\">\n                            <figure class=\"gallery__figure\">\n                    <img decoding=\"async\" class=\"gallery__img\" src=\"http:\/\/demo.breizhtorm.fr\/kolb\/wp-content\/uploads\/2024\/12\/kolb-acigne-ravalement-11.jpg\" >\n                <\/figure>\n                            <figure class=\"gallery__figure\">\n                    <img decoding=\"async\" class=\"gallery__img\" src=\"http:\/\/demo.breizhtorm.fr\/kolb\/wp-content\/uploads\/2024\/12\/kolb-acigne-ravalement-9.jpeg\" >\n                <\/figure>\n                            <figure class=\"gallery__figure\">\n                    <img decoding=\"async\" class=\"gallery__img\" src=\"http:\/\/demo.breizhtorm.fr\/kolb\/wp-content\/uploads\/2025\/01\/kolb-acigne-ravalement-8.jpg\" >\n                <\/figure>\n                            <figure class=\"gallery__figure\">\n                    <img decoding=\"async\" class=\"gallery__img\" src=\"http:\/\/demo.breizhtorm.fr\/kolb\/wp-content\/uploads\/2025\/01\/kolb-acigne-ravalement-7.jpg\" >\n                <\/figure>\n                            <figure class=\"gallery__figure\">\n                    <img decoding=\"async\" class=\"gallery__img\" src=\"http:\/\/demo.breizhtorm.fr\/kolb\/wp-content\/uploads\/2025\/01\/kolb-acigne-ravalement-6.jpg\" >\n                <\/figure>\n                            <figure class=\"gallery__figure\">\n                    <img decoding=\"async\" class=\"gallery__img\" src=\"http:\/\/demo.breizhtorm.fr\/kolb\/wp-content\/uploads\/2025\/01\/kolb-acigne-ravalement-5.jpg\" >\n                <\/figure>\n                            <figure class=\"gallery__figure\">\n                    <img decoding=\"async\" class=\"gallery__img\" src=\"http:\/\/demo.breizhtorm.fr\/kolb\/wp-content\/uploads\/2025\/01\/kolb-acigne-ravalement-4.jpg\" >\n                <\/figure>\n                            <figure class=\"gallery__figure\">\n                    <img decoding=\"async\" class=\"gallery__img\" src=\"http:\/\/demo.breizhtorm.fr\/kolb\/wp-content\/uploads\/2025\/01\/kolb-acigne-ravalement-3.jpg\" >\n                <\/figure>\n                            <figure class=\"gallery__figure\">\n                    <img decoding=\"async\" class=\"gallery__img\" src=\"http:\/\/demo.breizhtorm.fr\/kolb\/wp-content\/uploads\/2025\/01\/kolb-acigne-ravalement-2.jpg\" >\n                <\/figure>\n                            <figure class=\"gallery__figure\">\n                    <img decoding=\"async\" class=\"gallery__img\" src=\"http:\/\/demo.breizhtorm.fr\/kolb\/wp-content\/uploads\/2025\/01\/kolb-acigne-ravalement.jpg\" >\n                <\/figure>\n                            <figure class=\"gallery__figure\">\n                    <img decoding=\"async\" class=\"gallery__img\" src=\"http:\/\/demo.breizhtorm.fr\/kolb\/wp-content\/uploads\/2025\/01\/kolb-acigne-portail.jpg\" >\n                <\/figure>\n                        <div class=\"gallery__popup\">\n                <div class=\"wrapper wrapper-xl\">\n                    <div class=\"row\">\n                        <div class=\"col\">\n                            <div class=\"gallery__holder\">\n                                <button type=\"button\" class=\"gallery__btn\"><\/button>\n                            <\/div>\n                            <div class=\"gallery__popup__content\">\n                                <div class=\"splide splide-realisations\" aria-label=\"Splide Basic HTML Example\">\n                                    <div class=\"splide__track\">\n                                        <div class=\"splide__list\">\n                                                                                        <figure class=\"splide__slide\">\n                                                    <img decoding=\"async\" src=\"http:\/\/demo.breizhtorm.fr\/kolb\/wp-content\/uploads\/2024\/12\/kolb-acigne-ravalement-11.jpg\" >\n                                                <\/figure>\n                                                                                            <figure class=\"splide__slide\">\n                                                    <img decoding=\"async\" src=\"http:\/\/demo.breizhtorm.fr\/kolb\/wp-content\/uploads\/2024\/12\/kolb-acigne-ravalement-9.jpeg\" >\n                                                <\/figure>\n                                                                                            <figure class=\"splide__slide\">\n                                                    <img decoding=\"async\" src=\"http:\/\/demo.breizhtorm.fr\/kolb\/wp-content\/uploads\/2025\/01\/kolb-acigne-ravalement-8.jpg\" >\n                                                <\/figure>\n                                                                                            <figure class=\"splide__slide\">\n                                                    <img decoding=\"async\" src=\"http:\/\/demo.breizhtorm.fr\/kolb\/wp-content\/uploads\/2025\/01\/kolb-acigne-ravalement-7.jpg\" >\n                                                <\/figure>\n                                                                                            <figure class=\"splide__slide\">\n                                                    <img decoding=\"async\" src=\"http:\/\/demo.breizhtorm.fr\/kolb\/wp-content\/uploads\/2025\/01\/kolb-acigne-ravalement-6.jpg\" >\n                                                <\/figure>\n                                                                                            <figure class=\"splide__slide\">\n                                                    <img decoding=\"async\" src=\"http:\/\/demo.breizhtorm.fr\/kolb\/wp-content\/uploads\/2025\/01\/kolb-acigne-ravalement-5.jpg\" >\n                                                <\/figure>\n                                                                                            <figure class=\"splide__slide\">\n                                                    <img decoding=\"async\" src=\"http:\/\/demo.breizhtorm.fr\/kolb\/wp-content\/uploads\/2025\/01\/kolb-acigne-ravalement-4.jpg\" >\n                                                <\/figure>\n                                                                                            <figure class=\"splide__slide\">\n                                                    <img decoding=\"async\" src=\"http:\/\/demo.breizhtorm.fr\/kolb\/wp-content\/uploads\/2025\/01\/kolb-acigne-ravalement-3.jpg\" >\n                                                <\/figure>\n                                                                                            <figure class=\"splide__slide\">\n                                                    <img decoding=\"async\" src=\"http:\/\/demo.breizhtorm.fr\/kolb\/wp-content\/uploads\/2025\/01\/kolb-acigne-ravalement-2.jpg\" >\n                                                <\/figure>\n                                                                                            <figure class=\"splide__slide\">\n                                                    <img decoding=\"async\" src=\"http:\/\/demo.breizhtorm.fr\/kolb\/wp-content\/uploads\/2025\/01\/kolb-acigne-ravalement.jpg\" >\n                                                <\/figure>\n                                                                                            <figure class=\"splide__slide\">\n                                                    <img decoding=\"async\" src=\"http:\/\/demo.breizhtorm.fr\/kolb\/wp-content\/uploads\/2025\/01\/kolb-acigne-portail.jpg\" >\n                                                <\/figure>\n                                                                                    <\/div>\n                                    <\/div>\n                                <\/div>\n                            <\/div>\n                        <\/div>\n                    <\/div>\n                <\/div>\n            <\/div>\n        <\/div>\n\n        <\/div>\n<\/div><\/div>\n<\/section>\n","protected":false},"excerpt":{"rendered":"","protected":false},"author":1,"featured_media":0,"parent":0,"menu_order":0,"comment_status":"closed","ping_status":"closed","template":"","meta":{"inline_featured_image":false,"footnotes":""},"class_list":["post-320","page","type-page","status-publish","hentry"],"yoast_head":"<!-- This site is optimized with the Yoast SEO plugin v24.2 - https:\/\/yoast.com\/wordpress\/plugins\/seo\/ -->\n<title>Ravalement - Kolb D\u00e9coration<\/title>\n<meta name=\"robots\" content=\"index, follow, max-snippet:-1, max-image-preview:large, max-video-preview:-1\" \/>\n<link rel=\"canonical\" href=\"http:\/\/demo.breizhtorm.fr\/kolb\/ravalement\/\" \/>\n<meta property=\"og:locale\" content=\"fr_FR\" \/>\n<meta property=\"og:type\" content=\"article\" \/>\n<meta property=\"og:title\" content=\"Ravalement - Kolb D\u00e9coration\" \/>\n<meta property=\"og:url\" content=\"http:\/\/demo.breizhtorm.fr\/kolb\/ravalement\/\" \/>\n<meta property=\"og:site_name\" content=\"Kolb D\u00e9coration\" \/>\n<meta property=\"article:modified_time\" content=\"2025-01-10T15:57:07+00:00\" \/>\n<meta property=\"og:image\" content=\"http:\/\/demo.breizhtorm.fr\/kolb\/wp-content\/uploads\/2024\/12\/kolb-acigne-ravalement-14-700x360.jpg\" \/>\n<meta name=\"twitter:card\" content=\"summary_large_image\" \/>\n<meta name=\"twitter:label1\" content=\"Dur\u00e9e de lecture estim\u00e9e\" \/>\n\t<meta name=\"twitter:data1\" content=\"3 minutes\" \/>\n<script type=\"application\/ld+json\" class=\"yoast-schema-graph\">{\"@context\":\"https:\/\/schema.org\",\"@graph\":[{\"@type\":\"WebPage\",\"@id\":\"http:\/\/demo.breizhtorm.fr\/kolb\/ravalement\/\",\"url\":\"http:\/\/demo.breizhtorm.fr\/kolb\/ravalement\/\",\"name\":\"Ravalement - Kolb D\u00e9coration\",\"isPartOf\":{\"@id\":\"http:\/\/demo.breizhtorm.fr\/kolb\/#website\"},\"primaryImageOfPage\":{\"@id\":\"http:\/\/demo.breizhtorm.fr\/kolb\/ravalement\/#primaryimage\"},\"image\":{\"@id\":\"http:\/\/demo.breizhtorm.fr\/kolb\/ravalement\/#primaryimage\"},\"thumbnailUrl\":\"http:\/\/demo.breizhtorm.fr\/kolb\/wp-content\/uploads\/2024\/12\/kolb-acigne-ravalement-14-700x360.jpg\",\"datePublished\":\"2024-12-10T12:47:18+00:00\",\"dateModified\":\"2025-01-10T15:57:07+00:00\",\"breadcrumb\":{\"@id\":\"http:\/\/demo.breizhtorm.fr\/kolb\/ravalement\/#breadcrumb\"},\"inLanguage\":\"fr-FR\",\"potentialAction\":[{\"@type\":\"ReadAction\",\"target\":[\"http:\/\/demo.breizhtorm.fr\/kolb\/ravalement\/\"]}]},{\"@type\":\"ImageObject\",\"inLanguage\":\"fr-FR\",\"@id\":\"http:\/\/demo.breizhtorm.fr\/kolb\/ravalement\/#primaryimage\",\"url\":\"https:\/\/demo.breizhtorm.fr\/kolb\/wp-content\/uploads\/2024\/12\/kolb-acigne-ravalement-14.jpg\",\"contentUrl\":\"https:\/\/demo.breizhtorm.fr\/kolb\/wp-content\/uploads\/2024\/12\/kolb-acigne-ravalement-14.jpg\",\"width\":1542,\"height\":794},{\"@type\":\"BreadcrumbList\",\"@id\":\"http:\/\/demo.breizhtorm.fr\/kolb\/ravalement\/#breadcrumb\",\"itemListElement\":[{\"@type\":\"ListItem\",\"position\":1,\"name\":\"Accueil\",\"item\":\"http:\/\/demo.breizhtorm.fr\/kolb\/\"},{\"@type\":\"ListItem\",\"position\":2,\"name\":\"Ravalement\"}]},{\"@type\":\"WebSite\",\"@id\":\"http:\/\/demo.breizhtorm.fr\/kolb\/#website\",\"url\":\"http:\/\/demo.breizhtorm.fr\/kolb\/\",\"name\":\"Kolb D\u00e9coration\",\"description\":\"\",\"publisher\":{\"@id\":\"http:\/\/demo.breizhtorm.fr\/kolb\/#organization\"},\"potentialAction\":[{\"@type\":\"SearchAction\",\"target\":{\"@type\":\"EntryPoint\",\"urlTemplate\":\"http:\/\/demo.breizhtorm.fr\/kolb\/?s={search_term_string}\"},\"query-input\":{\"@type\":\"PropertyValueSpecification\",\"valueRequired\":true,\"valueName\":\"search_term_string\"}}],\"inLanguage\":\"fr-FR\"},{\"@type\":\"Organization\",\"@id\":\"http:\/\/demo.breizhtorm.fr\/kolb\/#organization\",\"name\":\"Kolb D\u00e9coration\",\"url\":\"http:\/\/demo.breizhtorm.fr\/kolb\/\",\"logo\":{\"@type\":\"ImageObject\",\"inLanguage\":\"fr-FR\",\"@id\":\"http:\/\/demo.breizhtorm.fr\/kolb\/#\/schema\/logo\/image\/\",\"url\":\"https:\/\/demo.breizhtorm.fr\/kolb\/wp-content\/uploads\/2024\/12\/kolb-acigne.png\",\"contentUrl\":\"https:\/\/demo.breizhtorm.fr\/kolb\/wp-content\/uploads\/2024\/12\/kolb-acigne.png\",\"width\":227,\"height\":122,\"caption\":\"Kolb D\u00e9coration\"},\"image\":{\"@id\":\"http:\/\/demo.breizhtorm.fr\/kolb\/#\/schema\/logo\/image\/\"}}]}<\/script>\n<!-- \/ Yoast SEO plugin. -->","yoast_head_json":{"title":"Ravalement - Kolb D\u00e9coration","robots":{"index":"index","follow":"follow","max-snippet":"max-snippet:-1","max-image-preview":"max-image-preview:large","max-video-preview":"max-video-preview:-1"},"canonical":"http:\/\/demo.breizhtorm.fr\/kolb\/ravalement\/","og_locale":"fr_FR","og_type":"article","og_title":"Ravalement - Kolb D\u00e9coration","og_url":"http:\/\/demo.breizhtorm.fr\/kolb\/ravalement\/","og_site_name":"Kolb D\u00e9coration","article_modified_time":"2025-01-10T15:57:07+00:00","og_image":[{"url":"http:\/\/demo.breizhtorm.fr\/kolb\/wp-content\/uploads\/2024\/12\/kolb-acigne-ravalement-14-700x360.jpg","type":"","width":"","height":""}],"twitter_card":"summary_large_image","twitter_misc":{"Dur\u00e9e de lecture estim\u00e9e":"3 minutes"},"schema":{"@context":"https:\/\/schema.org","@graph":[{"@type":"WebPage","@id":"http:\/\/demo.breizhtorm.fr\/kolb\/ravalement\/","url":"http:\/\/demo.breizhtorm.fr\/kolb\/ravalement\/","name":"Ravalement - Kolb D\u00e9coration","isPartOf":{"@id":"http:\/\/demo.breizhtorm.fr\/kolb\/#website"},"primaryImageOfPage":{"@id":"http:\/\/demo.breizhtorm.fr\/kolb\/ravalement\/#primaryimage"},"image":{"@id":"http:\/\/demo.breizhtorm.fr\/kolb\/ravalement\/#primaryimage"},"thumbnailUrl":"http:\/\/demo.breizhtorm.fr\/kolb\/wp-content\/uploads\/2024\/12\/kolb-acigne-ravalement-14-700x360.jpg","datePublished":"2024-12-10T12:47:18+00:00","dateModified":"2025-01-10T15:57:07+00:00","breadcrumb":{"@id":"http:\/\/demo.breizhtorm.fr\/kolb\/ravalement\/#breadcrumb"},"inLanguage":"fr-FR","potentialAction":[{"@type":"ReadAction","target":["http:\/\/demo.breizhtorm.fr\/kolb\/ravalement\/"]}]},{"@type":"ImageObject","inLanguage":"fr-FR","@id":"http:\/\/demo.breizhtorm.fr\/kolb\/ravalement\/#primaryimage","url":"https:\/\/demo.breizhtorm.fr\/kolb\/wp-content\/uploads\/2024\/12\/kolb-acigne-ravalement-14.jpg","contentUrl":"https:\/\/demo.breizhtorm.fr\/kolb\/wp-content\/uploads\/2024\/12\/kolb-acigne-ravalement-14.jpg","width":1542,"height":794},{"@type":"BreadcrumbList","@id":"http:\/\/demo.breizhtorm.fr\/kolb\/ravalement\/#breadcrumb","itemListElement":[{"@type":"ListItem","position":1,"name":"Accueil","item":"http:\/\/demo.breizhtorm.fr\/kolb\/"},{"@type":"ListItem","position":2,"name":"Ravalement"}]},{"@type":"WebSite","@id":"http:\/\/demo.breizhtorm.fr\/kolb\/#website","url":"http:\/\/demo.breizhtorm.fr\/kolb\/","name":"Kolb D\u00e9coration","description":"","publisher":{"@id":"http:\/\/demo.breizhtorm.fr\/kolb\/#organization"},"potentialAction":[{"@type":"SearchAction","target":{"@type":"EntryPoint","urlTemplate":"http:\/\/demo.breizhtorm.fr\/kolb\/?s={search_term_string}"},"query-input":{"@type":"PropertyValueSpecification","valueRequired":true,"valueName":"search_term_string"}}],"inLanguage":"fr-FR"},{"@type":"Organization","@id":"http:\/\/demo.breizhtorm.fr\/kolb\/#organization","name":"Kolb D\u00e9coration","url":"http:\/\/demo.breizhtorm.fr\/kolb\/","logo":{"@type":"ImageObject","inLanguage":"fr-FR","@id":"http:\/\/demo.breizhtorm.fr\/kolb\/#\/schema\/logo\/image\/","url":"https:\/\/demo.breizhtorm.fr\/kolb\/wp-content\/uploads\/2024\/12\/kolb-acigne.png","contentUrl":"https:\/\/demo.breizhtorm.fr\/kolb\/wp-content\/uploads\/2024\/12\/kolb-acigne.png","width":227,"height":122,"caption":"Kolb D\u00e9coration"},"image":{"@id":"http:\/\/demo.breizhtorm.fr\/kolb\/#\/schema\/logo\/image\/"}}]}},"_links":{"self":[{"href":"https:\/\/demo.breizhtorm.fr\/kolb\/wp-json\/wp\/v2\/pages\/320","targetHints":{"allow":["GET"]}}],"collection":[{"href":"https:\/\/demo.breizhtorm.fr\/kolb\/wp-json\/wp\/v2\/pages"}],"about":[{"href":"https:\/\/demo.breizhtorm.fr\/kolb\/wp-json\/wp\/v2\/types\/page"}],"author":[{"embeddable":true,"href":"https:\/\/demo.breizhtorm.fr\/kolb\/wp-json\/wp\/v2\/users\/1"}],"replies":[{"embeddable":true,"href":"https:\/\/demo.breizhtorm.fr\/kolb\/wp-json\/wp\/v2\/comments?post=320"}],"version-history":[{"count":7,"href":"https:\/\/demo.breizhtorm.fr\/kolb\/wp-json\/wp\/v2\/pages\/320\/revisions"}],"predecessor-version":[{"id":589,"href":"https:\/\/demo.breizhtorm.fr\/kolb\/wp-json\/wp\/v2\/pages\/320\/revisions\/589"}],"wp:attachment":[{"href":"https:\/\/demo.breizhtorm.fr\/kolb\/wp-json\/wp\/v2\/media?parent=320"}],"curies":[{"name":"wp","href":"https:\/\/api.w.org\/{rel}","templated":true}]}}