{"id":328,"date":"2024-12-10T14:27:59","date_gmt":"2024-12-10T13:27:59","guid":{"rendered":"http:\/\/demo.breizhtorm.fr\/kolb\/?page_id=328"},"modified":"2025-01-10T17:03:14","modified_gmt":"2025-01-10T16:03:14","slug":"parquet","status":"publish","type":"page","link":"https:\/\/demo.breizhtorm.fr\/kolb\/parquet\/","title":{"rendered":"Parquet"},"content":{"rendered":"\n<div class=\"wp-block-bzh-brick brick pd-b-40 pd-b-sm-80 pd-b-md-100\"><div class=\"brick__content\">\n<div class=\"txtmedia\"><div class=\"wp-block-bzh-txtmedia alignwide txtmedia__inner is-stacked-on-mobile txtmedia--width-50 is-vertically-aligned-top is-round full-width\"><div class=\"txtmedia__wrapper\"><figure class=\"txtmedia__media\"><img loading=\"lazy\" decoding=\"async\" width=\"1911\" height=\"1274\" src=\"http:\/\/demo.breizhtorm.fr\/kolb\/wp-content\/uploads\/2024\/12\/kolb-acigne-parquet-12.jpg\" alt=\"\" class=\"wp-image-456 size-full\" srcset=\"https:\/\/demo.breizhtorm.fr\/kolb\/wp-content\/uploads\/2024\/12\/kolb-acigne-parquet-12.jpg 1911w, https:\/\/demo.breizhtorm.fr\/kolb\/wp-content\/uploads\/2024\/12\/kolb-acigne-parquet-12-250x167.jpg 250w, https:\/\/demo.breizhtorm.fr\/kolb\/wp-content\/uploads\/2024\/12\/kolb-acigne-parquet-12-700x467.jpg 700w, https:\/\/demo.breizhtorm.fr\/kolb\/wp-content\/uploads\/2024\/12\/kolb-acigne-parquet-12-768x512.jpg 768w, https:\/\/demo.breizhtorm.fr\/kolb\/wp-content\/uploads\/2024\/12\/kolb-acigne-parquet-12-1536x1024.jpg 1536w, https:\/\/demo.breizhtorm.fr\/kolb\/wp-content\/uploads\/2024\/12\/kolb-acigne-parquet-12-120x80.jpg 120w, https:\/\/demo.breizhtorm.fr\/kolb\/wp-content\/uploads\/2024\/12\/kolb-acigne-parquet-12-450x300.jpg 450w\" sizes=\"auto, (max-width: 1911px) 100vw, 1911px\" \/><\/figure><div class=\"txtmedia__content\">\n<h2 class=\"wp-block-heading title\">Parquet <br>et sols souples<\/h2>\n\n\n\n<h3 class=\"wp-block-heading has-color-2-color has-text-color has-link-color wp-elements-028f85de5c27aa442be2e62b4f4744c4\">Chaleur et caract\u00e8re<\/h3>\n\n\n\n<div class=\"wp-block-bzh-brick brick pd-l-sm-40 pd-l-md-80\"><div class=\"brick__content\">\n<p>Le parquet et les sols souples sont bien plus que de simples rev\u00eatements : ce sont des choix de caract\u00e8re et de confort qui apportent chaleur et \u00e9l\u00e9gance \u00e0 votre espace. Ces sols trouveront leur place dans chaque pi\u00e8ce.<\/p>\n\n\n\n<p>Des essences de bois authentiques aux sols vinyles et moquettes modernes, en passant par des finitions naturelles ou contemporaines, nous vous aidons \u00e0 choisir la solution la mieux adapt\u00e9e \u00e0 vos go\u00fbts, votre style de vie et l\u2019ambiance souhait\u00e9e.<\/p>\n<\/div><\/div>\n<\/div><\/div><\/div><\/div>\n<\/div><\/div>\n\n\n\n<div class=\"txtmedia\"><div class=\"wp-block-bzh-txtmedia alignwide txtmedia__inner has-media-on-the-right is-stacked-on-mobile txtmedia--width-50 is-high\"><div class=\"txtmedia__wrapper\"><figure class=\"txtmedia__media\"><img loading=\"lazy\" decoding=\"async\" width=\"2560\" height=\"1707\" src=\"http:\/\/demo.breizhtorm.fr\/kolb\/wp-content\/uploads\/2024\/12\/kolb-acigne-parquet-11.jpg\" alt=\"\" class=\"wp-image-457 size-full\" srcset=\"https:\/\/demo.breizhtorm.fr\/kolb\/wp-content\/uploads\/2024\/12\/kolb-acigne-parquet-11.jpg 2560w, https:\/\/demo.breizhtorm.fr\/kolb\/wp-content\/uploads\/2024\/12\/kolb-acigne-parquet-11-250x167.jpg 250w, https:\/\/demo.breizhtorm.fr\/kolb\/wp-content\/uploads\/2024\/12\/kolb-acigne-parquet-11-700x467.jpg 700w, https:\/\/demo.breizhtorm.fr\/kolb\/wp-content\/uploads\/2024\/12\/kolb-acigne-parquet-11-768x512.jpg 768w, https:\/\/demo.breizhtorm.fr\/kolb\/wp-content\/uploads\/2024\/12\/kolb-acigne-parquet-11-1536x1024.jpg 1536w, https:\/\/demo.breizhtorm.fr\/kolb\/wp-content\/uploads\/2024\/12\/kolb-acigne-parquet-11-2048x1365.jpg 2048w, https:\/\/demo.breizhtorm.fr\/kolb\/wp-content\/uploads\/2024\/12\/kolb-acigne-parquet-11-120x80.jpg 120w, https:\/\/demo.breizhtorm.fr\/kolb\/wp-content\/uploads\/2024\/12\/kolb-acigne-parquet-11-450x300.jpg 450w\" sizes=\"auto, (max-width: 2560px) 100vw, 2560px\" \/><\/figure><div class=\"txtmedia__content\">\n<h2 class=\"wp-block-heading\">Pourquoi choisir le parquet <br>et les sols souples ?<\/h2>\n\n\n\n<div class=\"wp-block-bzh-brick brick pd-b-40 pd-b-sm-60 pd-l-sm-40 pd-b-md-80 pd-l-md-80\"><div class=\"brick__content\">\n<p>Le parquet et les sols souples ont chacun leurs sp\u00e9cificit\u00e9s et leurs avantages. Le parquet, avec ses essences de bois vari\u00e9es, apporte une touche de chaleur et d\u2019authenticit\u00e9 \u00e0 votre int\u00e9rieur. \u00c9l\u00e9gant, il se patine avec le temps et gagne en charme ann\u00e9e apr\u00e8s ann\u00e9e.<\/p>\n\n\n\n<p>Les sols souples, tels que le vinyle, le linol\u00e9um et la moquette, offrent une grande polyvalence. Faciles \u00e0 entretenir, ils imitent \u00e0 la perfection de nombreux mat\u00e9riaux tout en \u00e9tant r\u00e9sistants et confortables. Leur installation rapide et leur large gamme de styles permettent d\u2019adapter le sol \u00e0 chaque pi\u00e8ce, qu\u2019il s\u2019agisse d\u2019une chambre, d\u2019un espace de jeu, ou d\u2019une cuisine.<\/p>\n<\/div><\/div>\n<\/div><\/div><\/div><\/div>\n\n\n\n<div class=\"txtmedia\"><div class=\"wp-block-bzh-txtmedia alignwide txtmedia__inner is-stacked-on-mobile txtmedia--width-50 is-vertically-aligned-center is-high\"><div class=\"txtmedia__wrapper\"><figure class=\"txtmedia__media\"><img loading=\"lazy\" decoding=\"async\" width=\"1512\" height=\"2016\" src=\"http:\/\/demo.breizhtorm.fr\/kolb\/wp-content\/uploads\/2024\/12\/kolb-acigne-parquet.jpg\" alt=\"\" class=\"wp-image-458 size-full\" srcset=\"https:\/\/demo.breizhtorm.fr\/kolb\/wp-content\/uploads\/2024\/12\/kolb-acigne-parquet.jpg 1512w, https:\/\/demo.breizhtorm.fr\/kolb\/wp-content\/uploads\/2024\/12\/kolb-acigne-parquet-250x333.jpg 250w, https:\/\/demo.breizhtorm.fr\/kolb\/wp-content\/uploads\/2024\/12\/kolb-acigne-parquet-700x933.jpg 700w, https:\/\/demo.breizhtorm.fr\/kolb\/wp-content\/uploads\/2024\/12\/kolb-acigne-parquet-768x1024.jpg 768w, https:\/\/demo.breizhtorm.fr\/kolb\/wp-content\/uploads\/2024\/12\/kolb-acigne-parquet-1152x1536.jpg 1152w, https:\/\/demo.breizhtorm.fr\/kolb\/wp-content\/uploads\/2024\/12\/kolb-acigne-parquet-120x160.jpg 120w, https:\/\/demo.breizhtorm.fr\/kolb\/wp-content\/uploads\/2024\/12\/kolb-acigne-parquet-450x600.jpg 450w\" sizes=\"auto, (max-width: 1512px) 100vw, 1512px\" \/><\/figure><div class=\"txtmedia__content\">\n<div class=\"wp-block-bzh-brick brick pd-t-40 pd-b-40 pd-t-sm-60 pd-b-sm-60 pd-t-md-80 pd-b-md-80\"><div class=\"brick__content\">\n<h2 class=\"wp-block-heading h3-like has-color-2-color has-text-color has-link-color wp-elements-c917c71c264b6ae5ecd7aa1e2f8776fd\">Nos gammes de parquets et sols souples<\/h2>\n\n\n\n<div class=\"wp-block-bzh-brick brick pd-l-sm-40 pd-l-md-80\"><div class=\"brick__content\">\n<p><strong>Parquets massifs et contrecoll\u00e9s<\/strong> : Choisissez parmi des essences telles que le ch\u00eane, le h\u00eatre ou l\u2019\u00e9rable pour un rendu naturel et intemporel. Les finitions huil\u00e9es, vernies ou bross\u00e9es offrent de multiples styles, du plus moderne au plus rustique.<\/p>\n\n\n\n<p><strong>Vinyles et sols stratifi\u00e9s<\/strong> : Pour ceux qui recherchent la polyvalence et un style sans compromis, les vinyles et stratifi\u00e9s imitent le bois, la pierre ou le b\u00e9ton avec un r\u00e9alisme impressionnant. Leur texture et leur finition apportent confort et r\u00e9sistance \u00e0 l\u2019usure quotidienne.<\/p>\n\n\n\n<p><strong>Moquettes<\/strong> : Confortables et isolantes, les moquettes ajoutent douceur et chaleur aux pi\u00e8ces de vie. Disponibles dans une grande vari\u00e9t\u00e9 de couleurs et de textures, elles sont id\u00e9ales pour les chambres et les espaces d\u00e9di\u00e9s au confort.<\/p>\n<\/div><\/div>\n<\/div><\/div>\n<\/div><\/div><\/div><\/div>\n\n\n\n<hr class=\"wp-block-bzh-spacer spacer pd-b-20 pd-b-sm-40 pd-b-md-60\"\/>\n\n\n\n<section class=\"wp-block-bzh-section section pd-t-40 pd-b-40 pd-t-sm-60 pd-b-sm-80 pd-t-md-80 pd-b-md-100\">\n<div class=\"wrapper wrapper-xl wrapper-center\"><div class=\"wp-block-bzh-columns row are-vertically-aligned-top flex-column-mobile\">\n<div class=\"wp-block-bzh-column col\">\n<h3 class=\"wp-block-heading has-text-align-center has-color-1-color has-text-color has-link-color wp-elements-dac3db2e5510617c8e8c687d29fe2a58\">Le changement vient de l&rsquo;int\u00e9rieur<\/h3>\n\n\n\n        <a class=\"circle-btn\" href=\"https:\/\/demo.breizhtorm.fr\/kolb\/contact\/\">\n            <span class=\"circle-btn__top\">Prendre<\/span>\n            <span class=\"circle-btn__bottom\">RDV<\/span>\n        <\/a>\n\n        <\/div>\n<\/div><\/div>\n<\/section>\n\n\n\n<section class=\"wp-block-bzh-section section pd-b-40 pd-b-sm-80 pd-b-md-100\">\n<div class=\"wrapper wrapper-xl wrapper-center\"><div class=\"wp-block-bzh-columns row are-vertically-aligned-top flex-column-mobile\">\n<div class=\"wp-block-bzh-column col\">\n<h2 class=\"wp-block-heading title\">Nos r\u00e9alisations<\/h2>\n\n\n\n        <div class=\"gallery\">\n                            <figure class=\"gallery__figure\">\n                    <img decoding=\"async\" class=\"gallery__img\" src=\"http:\/\/demo.breizhtorm.fr\/kolb\/wp-content\/uploads\/2024\/12\/kolb-acigne-parquet-12.jpg\" >\n                <\/figure>\n                            <figure class=\"gallery__figure\">\n                    <img decoding=\"async\" class=\"gallery__img\" src=\"http:\/\/demo.breizhtorm.fr\/kolb\/wp-content\/uploads\/2024\/12\/kolb-acigne-parquet-11.jpg\" >\n                <\/figure>\n                            <figure class=\"gallery__figure\">\n                    <img decoding=\"async\" class=\"gallery__img\" src=\"http:\/\/demo.breizhtorm.fr\/kolb\/wp-content\/uploads\/2024\/12\/kolb-acigne-parquet.jpg\" >\n                <\/figure>\n                            <figure class=\"gallery__figure\">\n                    <img decoding=\"async\" class=\"gallery__img\" src=\"http:\/\/demo.breizhtorm.fr\/kolb\/wp-content\/uploads\/2025\/01\/kolb-acigne-parquet-9jpg.jpg\" >\n                <\/figure>\n                            <figure class=\"gallery__figure\">\n                    <img decoding=\"async\" class=\"gallery__img\" src=\"http:\/\/demo.breizhtorm.fr\/kolb\/wp-content\/uploads\/2025\/01\/kolb-acigne-parquet-8.jpg\" >\n                <\/figure>\n                            <figure class=\"gallery__figure\">\n                    <img decoding=\"async\" class=\"gallery__img\" src=\"http:\/\/demo.breizhtorm.fr\/kolb\/wp-content\/uploads\/2025\/01\/kolb-acigne-parquet-7.jpg\" >\n                <\/figure>\n                            <figure class=\"gallery__figure\">\n                    <img decoding=\"async\" class=\"gallery__img\" src=\"http:\/\/demo.breizhtorm.fr\/kolb\/wp-content\/uploads\/2025\/01\/kolb-acigne-parquet-6.jpg\" >\n                <\/figure>\n                            <figure class=\"gallery__figure\">\n                    <img decoding=\"async\" class=\"gallery__img\" src=\"http:\/\/demo.breizhtorm.fr\/kolb\/wp-content\/uploads\/2025\/01\/kolb-acigne-parquet-5.jpg\" >\n                <\/figure>\n                            <figure class=\"gallery__figure\">\n                    <img decoding=\"async\" class=\"gallery__img\" src=\"http:\/\/demo.breizhtorm.fr\/kolb\/wp-content\/uploads\/2025\/01\/kolb-acigne-parquet-4.jpg\" >\n                <\/figure>\n                            <figure class=\"gallery__figure\">\n                    <img decoding=\"async\" class=\"gallery__img\" src=\"http:\/\/demo.breizhtorm.fr\/kolb\/wp-content\/uploads\/2025\/01\/kolb-acigne-parquet-3.jpg\" >\n                <\/figure>\n                            <figure class=\"gallery__figure\">\n                    <img decoding=\"async\" class=\"gallery__img\" src=\"http:\/\/demo.breizhtorm.fr\/kolb\/wp-content\/uploads\/2025\/01\/kolb-acigne-parquet-2.jpg\" >\n                <\/figure>\n                            <figure class=\"gallery__figure\">\n                    <img decoding=\"async\" class=\"gallery__img\" src=\"http:\/\/demo.breizhtorm.fr\/kolb\/wp-content\/uploads\/2025\/01\/kolb-acigne-parquet.jpg\" >\n                <\/figure>\n                        <div class=\"gallery__popup\">\n                <div class=\"wrapper wrapper-xl\">\n                    <div class=\"row\">\n                        <div class=\"col\">\n                            <div class=\"gallery__holder\">\n                                <button type=\"button\" class=\"gallery__btn\"><\/button>\n                            <\/div>\n                            <div class=\"gallery__popup__content\">\n                                <div class=\"splide splide-realisations\" aria-label=\"Splide Basic HTML Example\">\n                                    <div class=\"splide__track\">\n                                        <div class=\"splide__list\">\n                                                                                        <figure class=\"splide__slide\">\n                                                    <img decoding=\"async\" src=\"http:\/\/demo.breizhtorm.fr\/kolb\/wp-content\/uploads\/2024\/12\/kolb-acigne-parquet-12.jpg\" >\n                                                <\/figure>\n                                                                                            <figure class=\"splide__slide\">\n                                                    <img decoding=\"async\" src=\"http:\/\/demo.breizhtorm.fr\/kolb\/wp-content\/uploads\/2024\/12\/kolb-acigne-parquet-11.jpg\" >\n                                                <\/figure>\n                                                                                            <figure class=\"splide__slide\">\n                                                    <img decoding=\"async\" src=\"http:\/\/demo.breizhtorm.fr\/kolb\/wp-content\/uploads\/2024\/12\/kolb-acigne-parquet.jpg\" >\n                                                <\/figure>\n                                                                                            <figure class=\"splide__slide\">\n                                                    <img decoding=\"async\" src=\"http:\/\/demo.breizhtorm.fr\/kolb\/wp-content\/uploads\/2025\/01\/kolb-acigne-parquet-9jpg.jpg\" >\n                                                <\/figure>\n                                                                                            <figure class=\"splide__slide\">\n                                                    <img decoding=\"async\" src=\"http:\/\/demo.breizhtorm.fr\/kolb\/wp-content\/uploads\/2025\/01\/kolb-acigne-parquet-8.jpg\" >\n                                                <\/figure>\n                                                                                            <figure class=\"splide__slide\">\n                                                    <img decoding=\"async\" src=\"http:\/\/demo.breizhtorm.fr\/kolb\/wp-content\/uploads\/2025\/01\/kolb-acigne-parquet-7.jpg\" >\n                                                <\/figure>\n                                                                                            <figure class=\"splide__slide\">\n                                                    <img decoding=\"async\" src=\"http:\/\/demo.breizhtorm.fr\/kolb\/wp-content\/uploads\/2025\/01\/kolb-acigne-parquet-6.jpg\" >\n                                                <\/figure>\n                                                                                            <figure class=\"splide__slide\">\n                                                    <img decoding=\"async\" src=\"http:\/\/demo.breizhtorm.fr\/kolb\/wp-content\/uploads\/2025\/01\/kolb-acigne-parquet-5.jpg\" >\n                                                <\/figure>\n                                                                                            <figure class=\"splide__slide\">\n                                                    <img decoding=\"async\" src=\"http:\/\/demo.breizhtorm.fr\/kolb\/wp-content\/uploads\/2025\/01\/kolb-acigne-parquet-4.jpg\" >\n                                                <\/figure>\n                                                                                            <figure class=\"splide__slide\">\n                                                    <img decoding=\"async\" src=\"http:\/\/demo.breizhtorm.fr\/kolb\/wp-content\/uploads\/2025\/01\/kolb-acigne-parquet-3.jpg\" >\n                                                <\/figure>\n                                                                                            <figure class=\"splide__slide\">\n                                                    <img decoding=\"async\" src=\"http:\/\/demo.breizhtorm.fr\/kolb\/wp-content\/uploads\/2025\/01\/kolb-acigne-parquet-2.jpg\" >\n                                                <\/figure>\n                                                                                            <figure class=\"splide__slide\">\n                                                    <img decoding=\"async\" src=\"http:\/\/demo.breizhtorm.fr\/kolb\/wp-content\/uploads\/2025\/01\/kolb-acigne-parquet.jpg\" >\n                                                <\/figure>\n                                                                                    <\/div>\n                                    <\/div>\n                                <\/div>\n                            <\/div>\n                        <\/div>\n                    <\/div>\n                <\/div>\n            <\/div>\n        <\/div>\n\n        <\/div>\n<\/div><\/div>\n<\/section>\n","protected":false},"excerpt":{"rendered":"","protected":false},"author":1,"featured_media":0,"parent":0,"menu_order":0,"comment_status":"closed","ping_status":"closed","template":"","meta":{"inline_featured_image":false,"footnotes":""},"class_list":["post-328","page","type-page","status-publish","hentry"],"yoast_head":"<!-- This site is optimized with the Yoast SEO plugin v24.2 - https:\/\/yoast.com\/wordpress\/plugins\/seo\/ -->\n<title>Parquet - Kolb D\u00e9coration<\/title>\n<meta name=\"robots\" content=\"index, follow, max-snippet:-1, max-image-preview:large, max-video-preview:-1\" \/>\n<link rel=\"canonical\" href=\"https:\/\/demo.breizhtorm.fr\/kolb\/parquet\/\" \/>\n<meta property=\"og:locale\" content=\"fr_FR\" \/>\n<meta property=\"og:type\" content=\"article\" \/>\n<meta property=\"og:title\" content=\"Parquet - Kolb D\u00e9coration\" \/>\n<meta property=\"og:url\" content=\"https:\/\/demo.breizhtorm.fr\/kolb\/parquet\/\" \/>\n<meta property=\"og:site_name\" content=\"Kolb D\u00e9coration\" \/>\n<meta property=\"article:modified_time\" content=\"2025-01-10T16:03:14+00:00\" \/>\n<meta property=\"og:image\" content=\"http:\/\/demo.breizhtorm.fr\/kolb\/wp-content\/uploads\/2024\/12\/kolb-acigne-parquet-12.jpg\" \/>\n<meta name=\"twitter:card\" content=\"summary_large_image\" \/>\n<meta name=\"twitter:label1\" content=\"Dur\u00e9e de lecture estim\u00e9e\" \/>\n\t<meta name=\"twitter:data1\" content=\"3 minutes\" \/>\n<script type=\"application\/ld+json\" class=\"yoast-schema-graph\">{\"@context\":\"https:\/\/schema.org\",\"@graph\":[{\"@type\":\"WebPage\",\"@id\":\"https:\/\/demo.breizhtorm.fr\/kolb\/parquet\/\",\"url\":\"https:\/\/demo.breizhtorm.fr\/kolb\/parquet\/\",\"name\":\"Parquet - Kolb D\u00e9coration\",\"isPartOf\":{\"@id\":\"http:\/\/demo.breizhtorm.fr\/kolb\/#website\"},\"primaryImageOfPage\":{\"@id\":\"https:\/\/demo.breizhtorm.fr\/kolb\/parquet\/#primaryimage\"},\"image\":{\"@id\":\"https:\/\/demo.breizhtorm.fr\/kolb\/parquet\/#primaryimage\"},\"thumbnailUrl\":\"http:\/\/demo.breizhtorm.fr\/kolb\/wp-content\/uploads\/2024\/12\/kolb-acigne-parquet-12.jpg\",\"datePublished\":\"2024-12-10T13:27:59+00:00\",\"dateModified\":\"2025-01-10T16:03:14+00:00\",\"breadcrumb\":{\"@id\":\"https:\/\/demo.breizhtorm.fr\/kolb\/parquet\/#breadcrumb\"},\"inLanguage\":\"fr-FR\",\"potentialAction\":[{\"@type\":\"ReadAction\",\"target\":[\"https:\/\/demo.breizhtorm.fr\/kolb\/parquet\/\"]}]},{\"@type\":\"ImageObject\",\"inLanguage\":\"fr-FR\",\"@id\":\"https:\/\/demo.breizhtorm.fr\/kolb\/parquet\/#primaryimage\",\"url\":\"https:\/\/demo.breizhtorm.fr\/kolb\/wp-content\/uploads\/2024\/12\/kolb-acigne-parquet-12.jpg\",\"contentUrl\":\"https:\/\/demo.breizhtorm.fr\/kolb\/wp-content\/uploads\/2024\/12\/kolb-acigne-parquet-12.jpg\",\"width\":1911,\"height\":1274},{\"@type\":\"BreadcrumbList\",\"@id\":\"https:\/\/demo.breizhtorm.fr\/kolb\/parquet\/#breadcrumb\",\"itemListElement\":[{\"@type\":\"ListItem\",\"position\":1,\"name\":\"Accueil\",\"item\":\"http:\/\/demo.breizhtorm.fr\/kolb\/\"},{\"@type\":\"ListItem\",\"position\":2,\"name\":\"Parquet\"}]},{\"@type\":\"WebSite\",\"@id\":\"http:\/\/demo.breizhtorm.fr\/kolb\/#website\",\"url\":\"http:\/\/demo.breizhtorm.fr\/kolb\/\",\"name\":\"Kolb D\u00e9coration\",\"description\":\"\",\"publisher\":{\"@id\":\"http:\/\/demo.breizhtorm.fr\/kolb\/#organization\"},\"potentialAction\":[{\"@type\":\"SearchAction\",\"target\":{\"@type\":\"EntryPoint\",\"urlTemplate\":\"http:\/\/demo.breizhtorm.fr\/kolb\/?s={search_term_string}\"},\"query-input\":{\"@type\":\"PropertyValueSpecification\",\"valueRequired\":true,\"valueName\":\"search_term_string\"}}],\"inLanguage\":\"fr-FR\"},{\"@type\":\"Organization\",\"@id\":\"http:\/\/demo.breizhtorm.fr\/kolb\/#organization\",\"name\":\"Kolb D\u00e9coration\",\"url\":\"http:\/\/demo.breizhtorm.fr\/kolb\/\",\"logo\":{\"@type\":\"ImageObject\",\"inLanguage\":\"fr-FR\",\"@id\":\"http:\/\/demo.breizhtorm.fr\/kolb\/#\/schema\/logo\/image\/\",\"url\":\"https:\/\/demo.breizhtorm.fr\/kolb\/wp-content\/uploads\/2024\/12\/kolb-acigne.png\",\"contentUrl\":\"https:\/\/demo.breizhtorm.fr\/kolb\/wp-content\/uploads\/2024\/12\/kolb-acigne.png\",\"width\":227,\"height\":122,\"caption\":\"Kolb D\u00e9coration\"},\"image\":{\"@id\":\"http:\/\/demo.breizhtorm.fr\/kolb\/#\/schema\/logo\/image\/\"}}]}<\/script>\n<!-- \/ Yoast SEO plugin. -->","yoast_head_json":{"title":"Parquet - Kolb D\u00e9coration","robots":{"index":"index","follow":"follow","max-snippet":"max-snippet:-1","max-image-preview":"max-image-preview:large","max-video-preview":"max-video-preview:-1"},"canonical":"https:\/\/demo.breizhtorm.fr\/kolb\/parquet\/","og_locale":"fr_FR","og_type":"article","og_title":"Parquet - Kolb D\u00e9coration","og_url":"https:\/\/demo.breizhtorm.fr\/kolb\/parquet\/","og_site_name":"Kolb D\u00e9coration","article_modified_time":"2025-01-10T16:03:14+00:00","og_image":[{"url":"http:\/\/demo.breizhtorm.fr\/kolb\/wp-content\/uploads\/2024\/12\/kolb-acigne-parquet-12.jpg","type":"","width":"","height":""}],"twitter_card":"summary_large_image","twitter_misc":{"Dur\u00e9e de lecture estim\u00e9e":"3 minutes"},"schema":{"@context":"https:\/\/schema.org","@graph":[{"@type":"WebPage","@id":"https:\/\/demo.breizhtorm.fr\/kolb\/parquet\/","url":"https:\/\/demo.breizhtorm.fr\/kolb\/parquet\/","name":"Parquet - Kolb D\u00e9coration","isPartOf":{"@id":"http:\/\/demo.breizhtorm.fr\/kolb\/#website"},"primaryImageOfPage":{"@id":"https:\/\/demo.breizhtorm.fr\/kolb\/parquet\/#primaryimage"},"image":{"@id":"https:\/\/demo.breizhtorm.fr\/kolb\/parquet\/#primaryimage"},"thumbnailUrl":"http:\/\/demo.breizhtorm.fr\/kolb\/wp-content\/uploads\/2024\/12\/kolb-acigne-parquet-12.jpg","datePublished":"2024-12-10T13:27:59+00:00","dateModified":"2025-01-10T16:03:14+00:00","breadcrumb":{"@id":"https:\/\/demo.breizhtorm.fr\/kolb\/parquet\/#breadcrumb"},"inLanguage":"fr-FR","potentialAction":[{"@type":"ReadAction","target":["https:\/\/demo.breizhtorm.fr\/kolb\/parquet\/"]}]},{"@type":"ImageObject","inLanguage":"fr-FR","@id":"https:\/\/demo.breizhtorm.fr\/kolb\/parquet\/#primaryimage","url":"https:\/\/demo.breizhtorm.fr\/kolb\/wp-content\/uploads\/2024\/12\/kolb-acigne-parquet-12.jpg","contentUrl":"https:\/\/demo.breizhtorm.fr\/kolb\/wp-content\/uploads\/2024\/12\/kolb-acigne-parquet-12.jpg","width":1911,"height":1274},{"@type":"BreadcrumbList","@id":"https:\/\/demo.breizhtorm.fr\/kolb\/parquet\/#breadcrumb","itemListElement":[{"@type":"ListItem","position":1,"name":"Accueil","item":"http:\/\/demo.breizhtorm.fr\/kolb\/"},{"@type":"ListItem","position":2,"name":"Parquet"}]},{"@type":"WebSite","@id":"http:\/\/demo.breizhtorm.fr\/kolb\/#website","url":"http:\/\/demo.breizhtorm.fr\/kolb\/","name":"Kolb D\u00e9coration","description":"","publisher":{"@id":"http:\/\/demo.breizhtorm.fr\/kolb\/#organization"},"potentialAction":[{"@type":"SearchAction","target":{"@type":"EntryPoint","urlTemplate":"http:\/\/demo.breizhtorm.fr\/kolb\/?s={search_term_string}"},"query-input":{"@type":"PropertyValueSpecification","valueRequired":true,"valueName":"search_term_string"}}],"inLanguage":"fr-FR"},{"@type":"Organization","@id":"http:\/\/demo.breizhtorm.fr\/kolb\/#organization","name":"Kolb D\u00e9coration","url":"http:\/\/demo.breizhtorm.fr\/kolb\/","logo":{"@type":"ImageObject","inLanguage":"fr-FR","@id":"http:\/\/demo.breizhtorm.fr\/kolb\/#\/schema\/logo\/image\/","url":"https:\/\/demo.breizhtorm.fr\/kolb\/wp-content\/uploads\/2024\/12\/kolb-acigne.png","contentUrl":"https:\/\/demo.breizhtorm.fr\/kolb\/wp-content\/uploads\/2024\/12\/kolb-acigne.png","width":227,"height":122,"caption":"Kolb D\u00e9coration"},"image":{"@id":"http:\/\/demo.breizhtorm.fr\/kolb\/#\/schema\/logo\/image\/"}}]}},"_links":{"self":[{"href":"https:\/\/demo.breizhtorm.fr\/kolb\/wp-json\/wp\/v2\/pages\/328","targetHints":{"allow":["GET"]}}],"collection":[{"href":"https:\/\/demo.breizhtorm.fr\/kolb\/wp-json\/wp\/v2\/pages"}],"about":[{"href":"https:\/\/demo.breizhtorm.fr\/kolb\/wp-json\/wp\/v2\/types\/page"}],"author":[{"embeddable":true,"href":"https:\/\/demo.breizhtorm.fr\/kolb\/wp-json\/wp\/v2\/users\/1"}],"replies":[{"embeddable":true,"href":"https:\/\/demo.breizhtorm.fr\/kolb\/wp-json\/wp\/v2\/comments?post=328"}],"version-history":[{"count":8,"href":"https:\/\/demo.breizhtorm.fr\/kolb\/wp-json\/wp\/v2\/pages\/328\/revisions"}],"predecessor-version":[{"id":592,"href":"https:\/\/demo.breizhtorm.fr\/kolb\/wp-json\/wp\/v2\/pages\/328\/revisions\/592"}],"wp:attachment":[{"href":"https:\/\/demo.breizhtorm.fr\/kolb\/wp-json\/wp\/v2\/media?parent=328"}],"curies":[{"name":"wp","href":"https:\/\/api.w.org\/{rel}","templated":true}]}}