{"id":372,"date":"2024-12-10T17:19:21","date_gmt":"2024-12-10T16:19:21","guid":{"rendered":"http:\/\/demo.breizhtorm.fr\/kolb\/?page_id=372"},"modified":"2024-12-10T17:19:22","modified_gmt":"2024-12-10T16:19:22","slug":"plan-du-site","status":"publish","type":"page","link":"https:\/\/demo.breizhtorm.fr\/kolb\/plan-du-site\/","title":{"rendered":"Plan du site"},"content":{"rendered":"\n<section class=\"wp-block-bzh-section section pd-t-40 pd-b-40 pd-t-sm-60 pd-b-sm-60 pd-t-md-80 pd-b-md-80\">\n<div class=\"wrapper wrapper-xl wrapper-center\"><div class=\"wp-block-bzh-columns row are-vertically-aligned-top flex-column-mobile\">\n<div class=\"wp-block-bzh-column col\"><h1 style=\"font-style:normal;font-weight:700;text-transform:uppercase;\" class=\"has-text-align-center wp-block-post-title\">Plan du site<\/h1>\n\n\n<div style=\"height:40px\" aria-hidden=\"true\" class=\"wp-block-spacer\"><\/div>\n\n\n<div class=\"wsp-container\"><h2 class=\"wsp-pages-title\">Pages<\/h2>\n<ul class=\"wsp-pages-list\">\n<li class=\"page_item page-item-5\"><a href=\"https:\/\/demo.breizhtorm.fr\/kolb\/\">Accueil<\/a><\/li>\n<li class=\"page_item page-item-264\"><a href=\"https:\/\/demo.breizhtorm.fr\/kolb\/carrelage\/\">Carrelage<\/a><\/li>\n<li class=\"page_item page-item-273\"><a href=\"https:\/\/demo.breizhtorm.fr\/kolb\/contact\/\">Contact<\/a><\/li>\n<li class=\"page_item page-item-336\"><a href=\"https:\/\/demo.breizhtorm.fr\/kolb\/decoration\/\">D\u00e9coration<\/a><\/li>\n<li class=\"page_item page-item-359\"><a href=\"https:\/\/demo.breizhtorm.fr\/kolb\/mentions-legales\/\">Mentions L\u00e9gales<\/a><\/li>\n<li class=\"page_item page-item-2\"><a href=\"https:\/\/demo.breizhtorm.fr\/kolb\/page-d-exemple\/\">Page d\u2019exemple<\/a><\/li>\n<li class=\"page_item page-item-328\"><a href=\"https:\/\/demo.breizhtorm.fr\/kolb\/parquet\/\">Parquet<\/a><\/li>\n<li class=\"page_item page-item-186\"><a href=\"https:\/\/demo.breizhtorm.fr\/kolb\/peinture\/\">Peinture<\/a><\/li>\n<li class=\"page_item page-item-372\"><a href=\"https:\/\/demo.breizhtorm.fr\/kolb\/plan-du-site\/\">Plan du site<\/a><\/li>\n<li class=\"page_item page-item-3\"><a href=\"https:\/\/demo.breizhtorm.fr\/kolb\/politique-de-confidentialite\/\">Politique de confidentialit\u00e9<\/a><\/li>\n<li class=\"page_item page-item-320\"><a href=\"https:\/\/demo.breizhtorm.fr\/kolb\/ravalement\/\">Ravalement<\/a><\/li>\n<\/ul>\n<h2 class=\"wsp-testimonys-title\">T\u00e9moignages<\/h2>\n<ul class=\"wsp-testimonys-list\">\n<li><a href=\"https:\/\/demo.breizhtorm.fr\/kolb\/testimony\/esthelle-s\/\">Esthelle S.<\/a><\/li>\n<li><a href=\"https:\/\/demo.breizhtorm.fr\/kolb\/testimony\/camille-q\/\">Camille Q.<\/a><\/li>\n<li><a href=\"https:\/\/demo.breizhtorm.fr\/kolb\/testimony\/cedric-m\/\">Cedric M.<\/a><\/li>\n<li><a href=\"https:\/\/demo.breizhtorm.fr\/kolb\/testimony\/muriel-t\/\">Muriel T.<\/a><\/li>\n<li><a href=\"https:\/\/demo.breizhtorm.fr\/kolb\/testimony\/staphane-l\/\">Stephane L.<\/a><\/li>\n<li><a href=\"https:\/\/demo.breizhtorm.fr\/kolb\/testimony\/camille-c\/\">Camille C.<\/a><\/li>\n<\/ul>\n<\/div>\n<\/div>\n<\/div><\/div>\n<\/section>\n","protected":false},"excerpt":{"rendered":"","protected":false},"author":1,"featured_media":0,"parent":0,"menu_order":0,"comment_status":"closed","ping_status":"closed","template":"","meta":{"inline_featured_image":false,"footnotes":""},"class_list":["post-372","page","type-page","status-publish","hentry"],"yoast_head":"<!-- This site is optimized with the Yoast SEO plugin v24.2 - https:\/\/yoast.com\/wordpress\/plugins\/seo\/ -->\n<title>Plan du site - Kolb D\u00e9coration<\/title>\n<meta name=\"robots\" content=\"index, follow, max-snippet:-1, max-image-preview:large, max-video-preview:-1\" \/>\n<link rel=\"canonical\" href=\"https:\/\/demo.breizhtorm.fr\/kolb\/plan-du-site\/\" \/>\n<meta property=\"og:locale\" content=\"fr_FR\" \/>\n<meta property=\"og:type\" content=\"article\" \/>\n<meta property=\"og:title\" content=\"Plan du site - Kolb D\u00e9coration\" \/>\n<meta property=\"og:url\" content=\"https:\/\/demo.breizhtorm.fr\/kolb\/plan-du-site\/\" \/>\n<meta property=\"og:site_name\" content=\"Kolb D\u00e9coration\" \/>\n<meta property=\"article:modified_time\" content=\"2024-12-10T16:19:22+00:00\" \/>\n<meta name=\"twitter:card\" content=\"summary_large_image\" \/>\n<meta name=\"twitter:label1\" content=\"Dur\u00e9e de lecture estim\u00e9e\" \/>\n\t<meta name=\"twitter:data1\" content=\"1 minute\" \/>\n<script type=\"application\/ld+json\" class=\"yoast-schema-graph\">{\"@context\":\"https:\/\/schema.org\",\"@graph\":[{\"@type\":\"WebPage\",\"@id\":\"https:\/\/demo.breizhtorm.fr\/kolb\/plan-du-site\/\",\"url\":\"https:\/\/demo.breizhtorm.fr\/kolb\/plan-du-site\/\",\"name\":\"Plan du site - Kolb D\u00e9coration\",\"isPartOf\":{\"@id\":\"http:\/\/demo.breizhtorm.fr\/kolb\/#website\"},\"datePublished\":\"2024-12-10T16:19:21+00:00\",\"dateModified\":\"2024-12-10T16:19:22+00:00\",\"breadcrumb\":{\"@id\":\"https:\/\/demo.breizhtorm.fr\/kolb\/plan-du-site\/#breadcrumb\"},\"inLanguage\":\"fr-FR\",\"potentialAction\":[{\"@type\":\"ReadAction\",\"target\":[\"https:\/\/demo.breizhtorm.fr\/kolb\/plan-du-site\/\"]}]},{\"@type\":\"BreadcrumbList\",\"@id\":\"https:\/\/demo.breizhtorm.fr\/kolb\/plan-du-site\/#breadcrumb\",\"itemListElement\":[{\"@type\":\"ListItem\",\"position\":1,\"name\":\"Accueil\",\"item\":\"http:\/\/demo.breizhtorm.fr\/kolb\/\"},{\"@type\":\"ListItem\",\"position\":2,\"name\":\"Plan du site\"}]},{\"@type\":\"WebSite\",\"@id\":\"http:\/\/demo.breizhtorm.fr\/kolb\/#website\",\"url\":\"http:\/\/demo.breizhtorm.fr\/kolb\/\",\"name\":\"Kolb D\u00e9coration\",\"description\":\"\",\"publisher\":{\"@id\":\"http:\/\/demo.breizhtorm.fr\/kolb\/#organization\"},\"potentialAction\":[{\"@type\":\"SearchAction\",\"target\":{\"@type\":\"EntryPoint\",\"urlTemplate\":\"http:\/\/demo.breizhtorm.fr\/kolb\/?s={search_term_string}\"},\"query-input\":{\"@type\":\"PropertyValueSpecification\",\"valueRequired\":true,\"valueName\":\"search_term_string\"}}],\"inLanguage\":\"fr-FR\"},{\"@type\":\"Organization\",\"@id\":\"http:\/\/demo.breizhtorm.fr\/kolb\/#organization\",\"name\":\"Kolb D\u00e9coration\",\"url\":\"http:\/\/demo.breizhtorm.fr\/kolb\/\",\"logo\":{\"@type\":\"ImageObject\",\"inLanguage\":\"fr-FR\",\"@id\":\"http:\/\/demo.breizhtorm.fr\/kolb\/#\/schema\/logo\/image\/\",\"url\":\"https:\/\/demo.breizhtorm.fr\/kolb\/wp-content\/uploads\/2024\/12\/kolb-acigne.png\",\"contentUrl\":\"https:\/\/demo.breizhtorm.fr\/kolb\/wp-content\/uploads\/2024\/12\/kolb-acigne.png\",\"width\":227,\"height\":122,\"caption\":\"Kolb D\u00e9coration\"},\"image\":{\"@id\":\"http:\/\/demo.breizhtorm.fr\/kolb\/#\/schema\/logo\/image\/\"}}]}<\/script>\n<!-- \/ Yoast SEO plugin. -->","yoast_head_json":{"title":"Plan du site - Kolb D\u00e9coration","robots":{"index":"index","follow":"follow","max-snippet":"max-snippet:-1","max-image-preview":"max-image-preview:large","max-video-preview":"max-video-preview:-1"},"canonical":"https:\/\/demo.breizhtorm.fr\/kolb\/plan-du-site\/","og_locale":"fr_FR","og_type":"article","og_title":"Plan du site - Kolb D\u00e9coration","og_url":"https:\/\/demo.breizhtorm.fr\/kolb\/plan-du-site\/","og_site_name":"Kolb D\u00e9coration","article_modified_time":"2024-12-10T16:19:22+00:00","twitter_card":"summary_large_image","twitter_misc":{"Dur\u00e9e de lecture estim\u00e9e":"1 minute"},"schema":{"@context":"https:\/\/schema.org","@graph":[{"@type":"WebPage","@id":"https:\/\/demo.breizhtorm.fr\/kolb\/plan-du-site\/","url":"https:\/\/demo.breizhtorm.fr\/kolb\/plan-du-site\/","name":"Plan du site - Kolb D\u00e9coration","isPartOf":{"@id":"http:\/\/demo.breizhtorm.fr\/kolb\/#website"},"datePublished":"2024-12-10T16:19:21+00:00","dateModified":"2024-12-10T16:19:22+00:00","breadcrumb":{"@id":"https:\/\/demo.breizhtorm.fr\/kolb\/plan-du-site\/#breadcrumb"},"inLanguage":"fr-FR","potentialAction":[{"@type":"ReadAction","target":["https:\/\/demo.breizhtorm.fr\/kolb\/plan-du-site\/"]}]},{"@type":"BreadcrumbList","@id":"https:\/\/demo.breizhtorm.fr\/kolb\/plan-du-site\/#breadcrumb","itemListElement":[{"@type":"ListItem","position":1,"name":"Accueil","item":"http:\/\/demo.breizhtorm.fr\/kolb\/"},{"@type":"ListItem","position":2,"name":"Plan du site"}]},{"@type":"WebSite","@id":"http:\/\/demo.breizhtorm.fr\/kolb\/#website","url":"http:\/\/demo.breizhtorm.fr\/kolb\/","name":"Kolb D\u00e9coration","description":"","publisher":{"@id":"http:\/\/demo.breizhtorm.fr\/kolb\/#organization"},"potentialAction":[{"@type":"SearchAction","target":{"@type":"EntryPoint","urlTemplate":"http:\/\/demo.breizhtorm.fr\/kolb\/?s={search_term_string}"},"query-input":{"@type":"PropertyValueSpecification","valueRequired":true,"valueName":"search_term_string"}}],"inLanguage":"fr-FR"},{"@type":"Organization","@id":"http:\/\/demo.breizhtorm.fr\/kolb\/#organization","name":"Kolb D\u00e9coration","url":"http:\/\/demo.breizhtorm.fr\/kolb\/","logo":{"@type":"ImageObject","inLanguage":"fr-FR","@id":"http:\/\/demo.breizhtorm.fr\/kolb\/#\/schema\/logo\/image\/","url":"https:\/\/demo.breizhtorm.fr\/kolb\/wp-content\/uploads\/2024\/12\/kolb-acigne.png","contentUrl":"https:\/\/demo.breizhtorm.fr\/kolb\/wp-content\/uploads\/2024\/12\/kolb-acigne.png","width":227,"height":122,"caption":"Kolb D\u00e9coration"},"image":{"@id":"http:\/\/demo.breizhtorm.fr\/kolb\/#\/schema\/logo\/image\/"}}]}},"_links":{"self":[{"href":"https:\/\/demo.breizhtorm.fr\/kolb\/wp-json\/wp\/v2\/pages\/372","targetHints":{"allow":["GET"]}}],"collection":[{"href":"https:\/\/demo.breizhtorm.fr\/kolb\/wp-json\/wp\/v2\/pages"}],"about":[{"href":"https:\/\/demo.breizhtorm.fr\/kolb\/wp-json\/wp\/v2\/types\/page"}],"author":[{"embeddable":true,"href":"https:\/\/demo.breizhtorm.fr\/kolb\/wp-json\/wp\/v2\/users\/1"}],"replies":[{"embeddable":true,"href":"https:\/\/demo.breizhtorm.fr\/kolb\/wp-json\/wp\/v2\/comments?post=372"}],"version-history":[{"count":1,"href":"https:\/\/demo.breizhtorm.fr\/kolb\/wp-json\/wp\/v2\/pages\/372\/revisions"}],"predecessor-version":[{"id":374,"href":"https:\/\/demo.breizhtorm.fr\/kolb\/wp-json\/wp\/v2\/pages\/372\/revisions\/374"}],"wp:attachment":[{"href":"https:\/\/demo.breizhtorm.fr\/kolb\/wp-json\/wp\/v2\/media?parent=372"}],"curies":[{"name":"wp","href":"https:\/\/api.w.org\/{rel}","templated":true}]}}