
{"id":2,"date":"2025-01-06T11:26:14","date_gmt":"2025-01-06T10:26:14","guid":{"rendered":"http:\/\/demo.breizhtorm.fr\/pegase\/?page_id=2"},"modified":"2025-01-13T15:46:49","modified_gmt":"2025-01-13T14:46:49","slug":"accueil","status":"publish","type":"page","link":"https:\/\/demo.breizhtorm.fr\/pegase\/","title":{"rendered":"Accueil"},"content":{"rendered":"\n        <section class=\"wp-block-bzh-section section home-heading\">\n            <img decoding=\"async\" class=\"home-heading__img\" src=\"https:\/\/demo.breizhtorm.fr\/pegase\/wp-content\/themes\/pegase\/assets\/images\/pegase-heading.png\">\n            <div class=\"wrapper wrapper-xl wrapper-center\">\n                <div class=\"row are-vertically-aligned-top flex-column-mobile\">\n                    <div class=\"col\">\n                        <div class=\"home-heading__content\">\n                            <h1 class=\"home-heading__title\">Une <mark>fuite ? <\/mark><br \/>Nous sommes l\u00e0 <br \/>pour vous aider !<\/h1>\n                        <\/div>\n                    <\/div>\n                <\/div>\n            <\/div>\n            <div class=\"home-heading__bottom\">\n                <hr class=\"home-heading__separator\" \/>\n                <div class=\"home-heading__row\">\n                    <div class=\"home-heading__col\">\n                        <h2 class=\"home-heading__col__title\">D\u00e9tection de fuite<\/h2>\n                        <p class=\"home-heading__col__text\">EAU \/ CHAUFFAGE \/ GAZ<\/p>\n                        <figure class=\"home-heading__figure\">\n                            <img decoding=\"async\" src=\"https:\/\/demo.breizhtorm.fr\/pegase\/wp-content\/uploads\/2025\/01\/pegase_photo_1.jpg\">\n                        <\/figure>\n                    <\/div>\n                    <div class=\"home-heading__col\">\n                        <h2 class=\"home-heading__col__title\">D\u00e9tection de r\u00e9seau<\/h2>\n                        <p class=\"home-heading__col__text\">CARTOGRAPHIE PR\u00c9CISE<\/p>\n                        <figure class=\"home-heading__figure\">\n                            <img decoding=\"async\" src=\"https:\/\/demo.breizhtorm.fr\/pegase\/wp-content\/uploads\/2025\/01\/pegase_photo_2.jpg\">\n                        <\/figure>\n                    <\/div>\n                    <div class=\"home-heading__col\">\n                        <h2 class=\"home-heading__col__title\">Mauvaises odeurs<\/h2>\n                        <p class=\"home-heading__col__text\">D\u00c9TECTION ET GESTION<\/p>\n                        <figure class=\"home-heading__figure\">\n                            <img decoding=\"async\" src=\"https:\/\/demo.breizhtorm.fr\/pegase\/wp-content\/uploads\/2025\/01\/pegase_photo_3.jpg\">\n                        <\/figure>\n                    <\/div>\n                <\/div>\n            <\/div>\n        <\/section>\n\n        \n\n\n        <section class=\"section avantages pd-t-40 pd-t-sm-60 pd-t-md-80\">\n            <div class=\"wrapper wrapper-xl wrapper-center\">\n                <div class=\"row are-vertically-aligned-top flex-column-mobile\">\n                    <div class=\"col col-12\">\n                        <h2 class=\"avantages__title\">Les avantages d\u2019une recherche de fuite <br \/>\npar Pegase : <\/h2>\n                    <\/div>\n                <\/div>\n                <div class=\"row are-vertically-aligned-full flex-column-mobile\">\n                    <div class=\"col col-sm-6 col-md-4\">\n                        <figure class=\"avantages__figure\">\n                            <img decoding=\"async\" src=\"https:\/\/demo.breizhtorm.fr\/pegase\/wp-content\/uploads\/2025\/01\/employe_pegase.jpg\">\n                        <\/figure>\n                    <\/div>\n                    <div class=\"col col-sm-6 col-md-8\">\n                        <div class=\"avantages__content\">\n                            <ul class=\"avantages__list list\">\n                                <li>\n                                    <h3 class=\"avantages__list__title\">Rapidit\u00e9 d\u2019intervention<\/h3>\n                                    <div class=\"avantages__list__text\">\n                                        <p>Nous nous engageons \u00e0 vous contacter dans les <strong>24 heures<\/strong> suivant votre demande, pour une intervention rapide et adapt\u00e9e \u00e0 l\u2019urgence de votre situation.<\/p>\n                                    <\/div>\n                                <\/li>\n                                <li>\n                                    <h3 class=\"avantages__list__title\">D\u00e9tection pr\u00e9cise sur tous types de r\u00e9seaux<\/h3>\n                                    <div class=\"avantages__list__text\">\n                                        <p>Gr\u00e2ce \u00e0 notre \u00e9quipement de pointe, nous identifions l\u2019origine exacte des fuites sur tous types de r\u00e9seaux, sans causer de d\u00e9g\u00e2ts. <br \/>Notre approche non destructive garantit la pr\u00e9servation de vos installations et <strong>minimise les co\u00fbts de r\u00e9paration.<\/strong><\/p>\n                                    <\/div>\n                                <\/li>\n                                <li>\n                                    <h3 class=\"avantages__list__title\">Comp\u00e9tivit\u00e9<\/h3>\n                                    <div class=\"avantages__list__text\">\n                                        <p>Nous proposons des offres tarifaires <strong>justes et transparentes<\/strong>, adapt\u00e9es pr\u00e9cis\u00e9ment \u00e0 votre situation et vos besoins.<\/p>\n                                    <\/div>\n                                <\/li>\n                            <\/ul>\n                        <\/div>\n                    <\/div>\n                <\/div>\n            <\/div>\n        <\/section>\n\n        \n\n\n<section class=\"wp-block-bzh-section section pd-t-40 pd-b-40 pd-t-sm-60 pd-b-sm-60 pd-t-md-80 pd-b-md-80 has-color-3-background-color has-background\">\n<div class=\"wrapper wrapper-xl wrapper-center\"><div class=\"wp-block-bzh-columns row are-vertically-aligned-top flex-column-mobile\">\n<div class=\"wp-block-bzh-column col mg-b-40\">\n<h2 class=\"wp-block-heading has-text-align-center has-white-color has-text-color has-link-color wp-elements-dc47bda453c3f436be57b9add014f7bf\">Comme eux, b\u00e9n\u00e9ficiez de nos services<br>de recherche de fuites 7j\/7<\/h2>\n<\/div>\n<\/div><\/div>\n\n\n\n        <div class=\"pictos\">\n                            <div class=\"pictos__block pictos__block--4\">\n                    <figure class=\"pictos__figure\">\n                        <img decoding=\"async\" class=\"pictos__img\" src=\"http:\/\/demo.breizhtorm.fr\/pegase\/wp-content\/uploads\/2025\/01\/picto-1.png\" >\n                    <\/figure>\n                    <h3 class=\"pictos__title\">Entreprises<\/h3>\n                <\/div>\n                            <div class=\"pictos__block pictos__block--4\">\n                    <figure class=\"pictos__figure\">\n                        <img decoding=\"async\" class=\"pictos__img\" src=\"http:\/\/demo.breizhtorm.fr\/pegase\/wp-content\/uploads\/2025\/01\/picto-2.png\" >\n                    <\/figure>\n                    <h3 class=\"pictos__title\">Administrations<\/h3>\n                <\/div>\n                            <div class=\"pictos__block pictos__block--4\">\n                    <figure class=\"pictos__figure\">\n                        <img decoding=\"async\" class=\"pictos__img\" src=\"http:\/\/demo.breizhtorm.fr\/pegase\/wp-content\/uploads\/2025\/01\/picto-3.png\" >\n                    <\/figure>\n                    <h3 class=\"pictos__title\">Collectivit\u00e9s<br \/>\nLocales<\/h3>\n                <\/div>\n                            <div class=\"pictos__block pictos__block--4\">\n                    <figure class=\"pictos__figure\">\n                        <img decoding=\"async\" class=\"pictos__img\" src=\"http:\/\/demo.breizhtorm.fr\/pegase\/wp-content\/uploads\/2025\/01\/picto-4.png\" >\n                    <\/figure>\n                    <h3 class=\"pictos__title\">\u00c9tablissements<br \/>\nPublics<\/h3>\n                <\/div>\n                    <\/div>\n\n        \n\n\n<div class=\"wrapper wrapper-xl wrapper-center\"><div class=\"wp-block-bzh-columns row are-vertically-aligned-top flex-column-mobile\">\n<div class=\"wp-block-bzh-column col mg-t-sm-20\">\n<div class=\"wp-block-bzh-button btn btn--center\"><a class=\"btn__link has-color-1-background-color has-white-hover-background-color has-white-color has-color-1-hover-color has-color-1-border-color has-color-1-hover-border-color\" href=\"#contact\">CONTACTEZ-NOUS<\/a><\/div>\n<\/div>\n<\/div><\/div>\n<\/section>\n\n\n\n<section class=\"wp-block-bzh-section section pd-t-40 pd-b-40 pd-t-sm-60 pd-b-sm-60 pd-t-md-80 pd-b-md-80\">\n            <h2 class=\"double-title\">\n                Pr\u00e9venir &amp; d\u00e9tecter                <span class=\"double-title__subtitle\">Tout sur les fuites et la s\u00e9curit\u00e9<\/span>\n            <\/h2>\n\n        \n\n\n<div class=\"wrapper wrapper-lg wrapper-center\"><div class=\"wp-block-bzh-columns row are-vertically-aligned-top flex-column-mobile\">\n<div class=\"wp-block-bzh-column col mg-t-20 mg-t-sm-40\"><div class=\"row are-vertically-aligned-top\"><div class=\"post-thumb\"><a class=\"post-thumb__link\" href=\"https:\/\/demo.breizhtorm.fr\/pegase\/articles\/fuites-deau-et-impacts-sur-votre-maison-detectez-les-a-temps\/\"><figure class=\"post-thumb__figure\"><img decoding=\"async\" src=\"https:\/\/demo.breizhtorm.fr\/pegase\/wp-content\/uploads\/2025\/01\/fuites-d-eau-et-impacts-sur-votre-maison-700x467.jpg\"\/><figcaption><h3 class=\"post-thumb__title\">Fuites d\u2019eau et impacts sur votre maison : d\u00e9tectez-les \u00e0 temps !<\/h5><\/figcaption><\/figure><\/a><\/div><div class=\"post-thumb\"><a class=\"post-thumb__link\" href=\"https:\/\/demo.breizhtorm.fr\/pegase\/articles\/gaines-enterrees-les-enjeux-dentretien-pour-eviter-les-mauvaises-surprises\/\"><figure class=\"post-thumb__figure\"><img decoding=\"async\" src=\"https:\/\/demo.breizhtorm.fr\/pegase\/wp-content\/uploads\/2025\/01\/gaines-enterrees-700x466.jpg\"\/><figcaption><h3 class=\"post-thumb__title\">Gaines enterr\u00e9es : les enjeux d\u2019entretien pour \u00e9viter les mauvaises surprises<\/h5><\/figcaption><\/figure><\/a><\/div><div class=\"post-thumb\"><a class=\"post-thumb__link\" href=\"https:\/\/demo.breizhtorm.fr\/pegase\/articles\/pourquoi-votre-facture-de-chauffage-augmente-t-elle\/\"><figure class=\"post-thumb__figure\"><img decoding=\"async\" src=\"https:\/\/demo.breizhtorm.fr\/pegase\/wp-content\/uploads\/2025\/01\/pourquoi-votre-facture-de-chauffage-augmente-t-elle-700x467.jpg\"\/><figcaption><h3 class=\"post-thumb__title\">Pourquoi votre facture de chauffage augmente-t-elle ?<\/h5><\/figcaption><\/figure><\/a><\/div><\/div>\n<\/div>\n<\/div><\/div>\n<\/section>\n\n\n\n                    <section class=\"section pd-t-40 pd-b-40 pd-t-sm-60 pd-b-sm-60 pd-t-md-80 pd-b-md-80 testimonies\">\n                <div class=\"wrapper wrapper--xl\">\n                    <div class=\"row are-vertically-aligned-center flex-column-mobile\">\n                        <div class=\"col col-lg-4\">\n                            <figure class=\"testimonies__figure visible-on-desktop\">\n                                <img decoding=\"async\" src=\"https:\/\/demo.breizhtorm.fr\/pegase\/wp-content\/themes\/pegase\/assets\/images\/pegase-cheval.png\">\n                            <\/figure>\n                        <\/div>\n                        <div class=\"col col-lg-8\">\n                            <h2 class=\"testimonies__main-title\">T\u00e9moignages<\/h2>\n                            <div class=\"splide splide--testimonies\">\n                                <div class=\"splide__track\">\n                                    <div class=\"splide__list\">\n                                                                                    <div class=\"splide__slide\">\n                                                <div class=\"testimonies__block\">\n                                                    <h3 class=\"testimonies__title\">Laurent F.<\/h3>\n                                                    <div class=\"testimonies__text\">\n                                                        <p>Une \u00e9quipe au top.<br \/>\nJe suis venu avec un projet complexe.<br \/>\nL\u2019\u00e9quipe a pris le temps de comprendre mon projet, m\u2019a fait des propositions auxquelles je n\u2019avais pas pens\u00e9 et m\u2019a livr\u00e9 un produit conforme \u00e0 mon besoin. Je recommande.<\/p>\n                                                    <\/div>\n                                                <\/div>\n                                            <\/div>\n                                                                                    <div class=\"splide__slide\">\n                                                <div class=\"testimonies__block\">\n                                                    <h3 class=\"testimonies__title\">Yvan P.<\/h3>\n                                                    <div class=\"testimonies__text\">\n                                                        <p>Service au top. Prix tr\u00e8s int\u00e9ressant compar\u00e9 \u00e0 d&rsquo;autres endroits. Travail s\u00e9rieux et aide pour tous vos projets d&rsquo;impression. J&rsquo;en ai test\u00e9 plusieurs sur Rennes et c&rsquo;est vraiment ceux-l\u00e0 que je pr\u00e9f\u00e8re en termes de services et d&rsquo;accueil.<\/p>\n                                                    <\/div>\n                                                <\/div>\n                                            <\/div>\n                                                                                    <div class=\"splide__slide\">\n                                                <div class=\"testimonies__block\">\n                                                    <h3 class=\"testimonies__title\">Sa\u00efd<\/h3>\n                                                    <div class=\"testimonies__text\">\n                                                        <p>Accueil au top, service de grande qualit\u00e9 avec de tr\u00e8s bons conseils. Service rapide avec explications du travail fait, prix tr\u00e8s raisonnable et toujours avec le sourire (j&rsquo;insiste toujours avec la politesse aussi, tr\u00e8s important pour moi).<br \/>\nMerci \u00e0 toute l&rsquo;\u00e9quipe.<\/p>\n                                                    <\/div>\n                                                <\/div>\n                                            <\/div>\n                                                                            <\/div>\n                                <\/div>\n                            <\/div>\n                        <\/div>\n                    <\/div>\n                <\/div>\n            <\/section>\n                \n        ","protected":false},"excerpt":{"rendered":"","protected":false},"author":1,"featured_media":0,"parent":0,"menu_order":0,"comment_status":"closed","ping_status":"closed","template":"","meta":{"footnotes":""},"class_list":["post-2","page","type-page","status-publish","hentry"],"_links":{"self":[{"href":"https:\/\/demo.breizhtorm.fr\/pegase\/wp-json\/wp\/v2\/pages\/2","targetHints":{"allow":["GET"]}}],"collection":[{"href":"https:\/\/demo.breizhtorm.fr\/pegase\/wp-json\/wp\/v2\/pages"}],"about":[{"href":"https:\/\/demo.breizhtorm.fr\/pegase\/wp-json\/wp\/v2\/types\/page"}],"author":[{"embeddable":true,"href":"https:\/\/demo.breizhtorm.fr\/pegase\/wp-json\/wp\/v2\/users\/1"}],"replies":[{"embeddable":true,"href":"https:\/\/demo.breizhtorm.fr\/pegase\/wp-json\/wp\/v2\/comments?post=2"}],"version-history":[{"count":61,"href":"https:\/\/demo.breizhtorm.fr\/pegase\/wp-json\/wp\/v2\/pages\/2\/revisions"}],"predecessor-version":[{"id":253,"href":"https:\/\/demo.breizhtorm.fr\/pegase\/wp-json\/wp\/v2\/pages\/2\/revisions\/253"}],"wp:attachment":[{"href":"https:\/\/demo.breizhtorm.fr\/pegase\/wp-json\/wp\/v2\/media?parent=2"}],"curies":[{"name":"wp","href":"https:\/\/api.w.org\/{rel}","templated":true}]}}