
{"id":200,"date":"2025-01-13T13:43:53","date_gmt":"2025-01-13T12:43:53","guid":{"rendered":"http:\/\/demo.breizhtorm.fr\/pegase\/?page_id=200"},"modified":"2025-01-17T11:02:35","modified_gmt":"2025-01-17T10:02:35","slug":"mauvaises-odeurs","status":"publish","type":"page","link":"https:\/\/demo.breizhtorm.fr\/pegase\/mauvaises-odeurs\/","title":{"rendered":"Mauvaises odeurs"},"content":{"rendered":"\n        <section class=\"section heading\">\n            <div class=\"heading__top\">\n                <img decoding=\"async\" class=\"heading__img\" src=\"https:\/\/demo.breizhtorm.fr\/pegase\/wp-content\/themes\/pegase\/assets\/images\/pegase-heading.png\">\n            <\/div>\n            <img decoding=\"async\" class=\"heading__bg\" src=\"https:\/\/demo.breizhtorm.fr\/pegase\/wp-content\/uploads\/2025\/01\/pegase-mauvaises-odeurs.jpg\">\n            <div class=\"wrapper wrapper-xl wrapper-center\">\n                <div class=\"row are-vertically-aligned-top flex-column-mobile\">\n                    <div class=\"col\">\n                        <div class=\"heading__content\">\n                            <h1 class=\"heading__title\">D\u00e9tection et gestion <br \/>des mauvaises odeurs<\/h1>\n                            <div class=\"heading__text\">\n                                <p>\n                                \u00c9liminez les mauvaises odeurs et prot\u00e9gez votre confort et votre sant\u00e9                                <\/p>\n                            <\/div>\n                        <\/div>\n                    <\/div>\n                <\/div>\n            <\/div>\n            <hr class=\"heading__separator\" \/>\n        <\/section>\n\n        \n\n\n<section class=\"wp-block-bzh-section section pd-t-40 pd-b-40 pd-t-sm-80 pd-b-sm-60 pd-t-md-100 pd-b-md-80 has-bg\">\n<div class=\"wrapper wrapper-xl wrapper-center\"><div class=\"wp-block-bzh-columns row are-vertically-aligned-top flex-column-mobile\">\n<div class=\"wp-block-bzh-column col\">\n<h2 class=\"wp-block-heading has-color-2-color has-text-color has-link-color wp-elements-27e44cb761937cb7c02465a022de2415\">Pourquoi s\u2019attaquer aux mauvaises odeurs\u202f?<\/h2>\n<\/div>\n<\/div><\/div>\n\n\n\n<div class=\"wrapper wrapper-xl wrapper-center\"><div class=\"wp-block-bzh-columns row are-vertically-aligned-top flex-column-mobile\">\n<div class=\"wp-block-bzh-column col\">\n<p>Les mauvaises odeurs dans un b\u00e2timent ou une habitation peuvent rapidement devenir insupportables et indiquer des probl\u00e8mes sous-jacents s\u00e9rieux. Ces odeurs d\u00e9sagr\u00e9ables proviennent souvent de canalisations d\u00e9fectueuses, de remont\u00e9es d\u2019eaux us\u00e9es, ou encore de syst\u00e8mes de ventilation inadapt\u00e9s.<\/p>\n<\/div>\n<\/div><\/div>\n<\/section>\n\n\n\n<section class=\"wp-block-bzh-section section pd-t-40 pd-b-40 pd-t-sm-60 pd-b-sm-60 pd-t-md-80 pd-b-md-80 has-color-2-background-color has-background\">\n<div class=\"wrapper wrapper-xl wrapper-center\"><div class=\"wp-block-bzh-columns row are-vertically-aligned-top flex-column-mobile\">\n<div class=\"wp-block-bzh-column col\">\n<h2 class=\"wp-block-heading has-white-color has-text-color has-link-color wp-elements-02cdd3a1292b6d71bb62757ca2704494\">Nos services de d\u00e9tection et traitement<br>des mauvaises odeurs<\/h2>\n\n\n\n<div class=\"wp-block-bzh-brick brick pd-t-sm-20 pd-t-md-40\"><div class=\"brick__content\">\n<h3 class=\"wp-block-heading alt-text has-color-5-color has-text-color has-link-color wp-elements-77782a25de3f030ee9dde4daa52dee08\">Diagnostic des Origines des Mauvaises Odeurs :<\/h3>\n<\/div><\/div>\n\n\n\n        <ul class=\"colored-list\">\n                            <li class=\"colored-list__item\">\n                    <p>Identification des causes des odeurs (canalisations, \u00e9vacuations, humidit\u00e9, etc.).<\/p>\n                <\/li>\n                            <li class=\"colored-list__item\">\n                    <p>Analyse des syst\u00e8mes de plomberie, ventilation et \u00e9vacuation.<\/p>\n                <\/li>\n                            <li class=\"colored-list__item\">\n                    <p>Rep\u00e9rage des zones de stagnation ou d\u2019obstruction responsables des nuisances.<\/p>\n                <\/li>\n                    <\/ul>\n\n        \n\n\n<hr class=\"wp-block-bzh-spacer spacer pd-b-20\"\/>\n\n\n\n<h3 class=\"wp-block-heading alt-text has-color-5-color has-text-color has-link-color wp-elements-fc7f11d0563d590803776a7fd72dac75\">Inspection Technique Approfondie :<\/h3>\n\n\n\n        <ul class=\"colored-list\">\n                            <li class=\"colored-list__item\">\n                    <p>Utilisation de cam\u00e9ras d\u2019inspection pour visualiser l\u2019int\u00e9rieur des conduits et des canalisations.<\/p>\n                <\/li>\n                            <li class=\"colored-list__item\">\n                    <p>Utilisation de fumig\u00e8ne pour v\u00e9rifier l\u2019\u00e9tanch\u00e9it\u00e9 de la canalisation<\/p>\n                <\/li>\n                            <li class=\"colored-list__item\">\n                    <p>Tests de pression et d\u2019\u00e9tanch\u00e9it\u00e9 pour v\u00e9rifier l\u2019int\u00e9grit\u00e9 des syst\u00e8mes.<\/p>\n                <\/li>\n                            <li class=\"colored-list__item\">\n                    <p>D\u00e9tection des fissures, d\u00e9fauts d\u2019installation ou d\u00e9p\u00f4ts organiques.<\/p>\n                <\/li>\n                    <\/ul>\n\n        \n\n\n<div class=\"wp-block-bzh-brick brick pd-t-20 pd-t-sm-40\"><div class=\"brick__content\">\n<div class=\"wp-block-bzh-button btn btn--left\"><a class=\"btn__link has-color-1-background-color has-color-3-hover-background-color has-white-color has-white-hover-color has-color-1-border-color has-white-hover-border-color\" href=\"#contact\">Contactez-nous<\/a><\/div>\n<\/div><\/div>\n<\/div>\n<\/div><\/div>\n<\/section>\n\n\n\n<section class=\"wp-block-bzh-section section pd-t-40 pd-b-40 pd-t-sm-60 pd-b-sm-60 pd-t-md-80 pd-b-md-80\">\n<div class=\"wrapper wrapper-xl wrapper-center\"><div class=\"wp-block-bzh-columns row are-vertically-aligned-top flex-column-mobile\">\n<div class=\"wp-block-bzh-column col mg-b-sm-20 mg-b-md-40\">\n<h2 class=\"wp-block-heading has-color-2-color has-text-color has-link-color wp-elements-67e03a2ac8d3b34355c2990ae60f6f94\">Nos m\u00e9thodes et technologies<\/h2>\n<\/div>\n<\/div><\/div>\n\n\n\n<div class=\"wrapper wrapper-xl wrapper-center\"><div class=\"wp-block-bzh-columns row are-vertically-aligned-top flex-column-mobile gap-sm-20 gap-md-40\">\n<div class=\"wp-block-bzh-column col col-sm-6 col-md-6\">\n            <div class=\"gray-block\">\n                <h3 class=\"gray-block__title\">G\u00e9n\u00e9rateur de Fum\u00e9e<\/h3>\n                <div class=\"gray-block__text\">\n                    <p>\n                        Nous injectons une fum\u00e9e non toxique dans les syst\u00e8mes pour visualiser les zones de fuite ou d\u2019obstruction. Cette m\u00e9thode est id\u00e9ale pour rep\u00e9rer les d\u00e9fauts d\u2019\u00e9tanch\u00e9it\u00e9.                    <\/p>\n                <\/div>\n            <\/div>\n\n        <\/div>\n\n\n\n<div class=\"wp-block-bzh-column col col-sm-6 col-md-6\">\n            <div class=\"gray-block\">\n                <h3 class=\"gray-block__title\">Cam\u00e9ra d\u2019Inspection Vid\u00e9o<\/h3>\n                <div class=\"gray-block__text\">\n                    <p>\n                        Une exploration visuelle permet de localiser les d\u00e9p\u00f4ts, obstructions ou anomalies dans les conduits.                    <\/p>\n                <\/div>\n            <\/div>\n\n        <\/div>\n\n\n\n<div class=\"wp-block-bzh-column col col-sm-6 col-md-6\">\n            <div class=\"gray-block\">\n                <h3 class=\"gray-block__title\">Tests d\u2019\u00c9tanch\u00e9it\u00e9<\/h3>\n                <div class=\"gray-block__text\">\n                    <p>\n                        Nous utilisons des appareils sp\u00e9cifiques pour v\u00e9rifier l\u2019int\u00e9grit\u00e9 des joints, tuyaux et syst\u00e8mes de drainage.                    <\/p>\n                <\/div>\n            <\/div>\n\n        <\/div>\n\n\n\n<div class=\"wp-block-bzh-column col col-sm-5 col-md-6\"><\/div>\n<\/div><\/div>\n<\/section>\n\n\n\n<section class=\"wp-block-bzh-section section pd-t-40 pd-b-40 pd-t-sm-60 pd-b-sm-60 pd-t-md-80 pd-b-md-80 has-color-2-background-color has-background\">\n<div class=\"wrapper wrapper-xl wrapper-center\"><div class=\"wp-block-bzh-columns row are-vertically-aligned-center flex-column-mobile\">\n<div class=\"wp-block-bzh-column col col-sm-3\">\n<figure class=\"wp-block-image size-full\"><img loading=\"lazy\" decoding=\"async\" width=\"302\" height=\"139\" src=\"http:\/\/demo.breizhtorm.fr\/pegase\/wp-content\/uploads\/2025\/01\/pegase-titre.png\" alt=\"\" class=\"wp-image-147\" srcset=\"https:\/\/demo.breizhtorm.fr\/pegase\/wp-content\/uploads\/2025\/01\/pegase-titre.png 302w, https:\/\/demo.breizhtorm.fr\/pegase\/wp-content\/uploads\/2025\/01\/pegase-titre-250x115.png 250w, https:\/\/demo.breizhtorm.fr\/pegase\/wp-content\/uploads\/2025\/01\/pegase-titre-120x55.png 120w\" sizes=\"auto, (max-width: 302px) 100vw, 302px\" \/><\/figure>\n<\/div>\n\n\n\n<div class=\"wp-block-bzh-column col col-sm-9\">\n<h2 class=\"wp-block-heading has-text-align-left h1-like has-color-1-color has-text-color has-link-color wp-elements-e7613790e52b89c8de8afbee9b526516\">Pourquoi faire appel<br>\u00e0 nos services ?<\/h2>\n<\/div>\n<\/div><\/div>\n\n\n\n<div class=\"wp-block-bzh-brick brick pd-t-sm-20 pd-t-md-40\"><div class=\"brick__content\">\n<div class=\"wrapper wrapper-xl wrapper-center\"><div class=\"wp-block-bzh-columns row are-vertically-aligned-top flex-column-mobile flex-space-between\">\n<div class=\"wp-block-bzh-column col col-sm-6 col-md-6\">\n            <div class=\"picto\">\n                <figure class=\"picto__figure\">\n                    <img decoding=\"async\" class=\"picto__image\" src=\"http:\/\/demo.breizhtorm.fr\/pegase\/wp-content\/uploads\/2025\/01\/picto-2-1.png\">\n                <\/figure>\n                <h3 class=\"picto__title\">Expertise <br \/>\net professionnalisme<\/h3>\n                <div class=\"picto__text\">\n                    <p>\n                        Nos techniciens sont form\u00e9s pour d\u00e9tecter<br \/>\ntoutes sortes de fuites, des plus simples aux plus complexes.                    <\/p>\n                <\/div>\n            <\/div>\n\n        <\/div>\n\n\n\n<div class=\"wp-block-bzh-column col col-sm-6 col-md-6\">\n            <div class=\"picto\">\n                <figure class=\"picto__figure\">\n                    <img decoding=\"async\" class=\"picto__image\" src=\"http:\/\/demo.breizhtorm.fr\/pegase\/wp-content\/uploads\/2025\/01\/picto-2-2-1.png\">\n                <\/figure>\n                <h3 class=\"picto__title\">Intervention  <br \/>\nrapide<\/h3>\n                <div class=\"picto__text\">\n                    <p>\n                        Nous savons que les fuites n\u00e9cessitent une attention imm\u00e9diate, c\u2019est pourquoi nous intervenons dans les meilleurs d\u00e9lais.                    <\/p>\n                <\/div>\n            <\/div>\n\n        <\/div>\n\n\n\n<div class=\"wp-block-bzh-column col col-sm-6 col-md-6\">\n            <div class=\"picto\">\n                <figure class=\"picto__figure\">\n                    <img decoding=\"async\" class=\"picto__image\" src=\"http:\/\/demo.breizhtorm.fr\/pegase\/wp-content\/uploads\/2025\/01\/picto-2-3.png\">\n                <\/figure>\n                <h3 class=\"picto__title\">Technologies  <br \/>\nmodernes<\/h3>\n                <div class=\"picto__text\">\n                    <p>\n                        Nos \u00e9quipements de d\u00e9tection permettent une localisation pr\u00e9cise de la fuite sans casser inutilement.                    <\/p>\n                <\/div>\n            <\/div>\n\n        <\/div>\n\n\n\n<div class=\"wp-block-bzh-column col col-sm-6 col-md-6\">\n            <div class=\"picto\">\n                <figure class=\"picto__figure\">\n                    <img decoding=\"async\" class=\"picto__image\" src=\"http:\/\/demo.breizhtorm.fr\/pegase\/wp-content\/uploads\/2025\/01\/picto-2-4.png\">\n                <\/figure>\n                <h3 class=\"picto__title\">Service  <br \/>\ntransparent<\/h3>\n                <div class=\"picto__text\">\n                    <p>\n                        Avant chaque intervention, nous vous expliquons le diagnostic et le devis afin d\u2019assurer une totale transparence.                    <\/p>\n                <\/div>\n            <\/div>\n\n        <\/div>\n<\/div><\/div>\n<\/div><\/div>\n<\/section>\n\n\n\n<section class=\"wp-block-bzh-section section pd-t-40 pd-b-40 pd-t-sm-60 pd-b-sm-60 pd-t-md-80 pd-b-md-80 has-color-3-background-color has-background\">\n<div class=\"wrapper wrapper-xl wrapper-center\"><div class=\"wp-block-bzh-columns row are-vertically-aligned-top flex-column-mobile\">\n<div class=\"wp-block-bzh-column col\">\n<h2 class=\"wp-block-heading has-text-align-left has-white-color has-text-color has-link-color wp-elements-52202c042acc829c8b80f23ffe2aef94\">Contactez-nous pour une d\u00e9tection<br>et r\u00e9paration de fuite d\u2019eau<\/h2>\n\n\n\n<p class=\"has-text-align-left has-white-color has-text-color has-link-color has-large-font-size wp-elements-9eb98728a887efa521ba6cb7dd7dface\">Ne laissez pas une fuite d\u2019eau causer des d\u00e9g\u00e2ts dans votre maison.<br>Contactez-nous d\u00e8s aujourd\u2019hui pour une d\u00e9tection<br>rapide et efficace.<\/p>\n\n\n\n<p class=\"has-text-align-left has-white-color has-text-color has-link-color has-large-font-size wp-elements-56bcf96a5cb55971d5cf6facd59ffc66\">Notre \u00e9quipe se tient pr\u00eate \u00e0 r\u00e9pondre \u00e0 toutes vos questions<br>et \u00e0 intervenir dans les plus brefs d\u00e9lais pour prot\u00e9ger votre maison<br>et vous apporter tranquillit\u00e9 d\u2019esprit.<\/p>\n<\/div>\n<\/div><\/div>\n\n\n\n<div class=\"wrapper wrapper-xl wrapper-center\"><div class=\"wp-block-bzh-columns row are-vertically-aligned-top flex-column-mobile\">\n<div class=\"wp-block-bzh-column col mg-t-20 mg-t-sm-40 mg-t-md-60\">\n<h2 class=\"wp-block-heading has-text-align-center alt-text has-white-color has-text-color has-link-color wp-elements-ab7cdd27be29efd04b2a4ac751966558\">Besoin d\u2019aide pour une fuite d\u2019eau ?<br>Demandez un diagnostic d\u00e8s maintenant !<\/h2>\n\n\n\n<div class=\"wp-block-bzh-button btn btn--center\"><a class=\"btn__link has-color-1-background-color has-color-3-hover-background-color has-white-color has-white-hover-color has-color-1-border-color has-white-hover-border-color\" href=\"#contact\">Contactez-nous<\/a><\/div>\n<\/div>\n<\/div><\/div>\n<\/section>\n","protected":false},"excerpt":{"rendered":"","protected":false},"author":1,"featured_media":0,"parent":0,"menu_order":0,"comment_status":"closed","ping_status":"closed","template":"","meta":{"footnotes":""},"class_list":["post-200","page","type-page","status-publish","hentry"],"_links":{"self":[{"href":"https:\/\/demo.breizhtorm.fr\/pegase\/wp-json\/wp\/v2\/pages\/200","targetHints":{"allow":["GET"]}}],"collection":[{"href":"https:\/\/demo.breizhtorm.fr\/pegase\/wp-json\/wp\/v2\/pages"}],"about":[{"href":"https:\/\/demo.breizhtorm.fr\/pegase\/wp-json\/wp\/v2\/types\/page"}],"author":[{"embeddable":true,"href":"https:\/\/demo.breizhtorm.fr\/pegase\/wp-json\/wp\/v2\/users\/1"}],"replies":[{"embeddable":true,"href":"https:\/\/demo.breizhtorm.fr\/pegase\/wp-json\/wp\/v2\/comments?post=200"}],"version-history":[{"count":21,"href":"https:\/\/demo.breizhtorm.fr\/pegase\/wp-json\/wp\/v2\/pages\/200\/revisions"}],"predecessor-version":[{"id":276,"href":"https:\/\/demo.breizhtorm.fr\/pegase\/wp-json\/wp\/v2\/pages\/200\/revisions\/276"}],"wp:attachment":[{"href":"https:\/\/demo.breizhtorm.fr\/pegase\/wp-json\/wp\/v2\/media?parent=200"}],"curies":[{"name":"wp","href":"https:\/\/api.w.org\/{rel}","templated":true}]}}